{"id":22311,"date":"2024-10-10T15:54:06","date_gmt":"2024-10-10T18:54:06","guid":{"rendered":"https:\/\/www.editoralux.com.br\/loja\/produto\/ja-dizia-minha-avo\/"},"modified":"2024-10-10T15:54:20","modified_gmt":"2024-10-10T18:54:20","slug":"ja-dizia-minha-avo","status":"publish","type":"product","link":"https:\/\/www.editoralux.com.br\/loja\/produto\/ja-dizia-minha-avo\/","title":{"rendered":"J\u00e1 dizia minha av\u00f3"},"content":{"rendered":"","protected":false},"excerpt":{"rendered":"<p>J\u00c1 DIZIA MINHA AV\u00d3 \u00e9 uma colet\u00e2nea de cr\u00f4nicas em que, com algumas pitadas de humor, a autora, utilizando bord\u00f5es que faziam parte do repert\u00f3rio lingu\u00edstico de sua velha e s\u00e1bia av\u00f3, retrata uma parte da hist\u00f3ria de sua fam\u00edlia: os Alves Corr\u00eaa.<br \/>\nO prop\u00f3sito n\u00e3o \u00e9 fazer uma biografia da fam\u00edlia, tampouco uma autobiografia, e sim dar destaque para as hist\u00f3rias daquelas que s\u00e3o suas maiores refer\u00eancias: sua av\u00f3 Raimunda, que j\u00e1 virou saudade; e sua m\u00e3e Ad\u00e9lia, que segue firme e forte aprontando neste plano. Naturalmente que a autora pega carona e dividir\u00e1 com os leitores alguns casos pessoais e de outras pessoas que conviveram com a fam\u00edlia Alves Corr\u00eaa.<br \/>\nMiriam Corr\u00eaa faz uma viagem ao tempo para demonstrar como a trajet\u00f3ria de vida e as atitudes de mulheres sagazes como sua av\u00f3 Raimunda e sua m\u00e3e Ad\u00e9lia exerceram influ\u00eancia sobre sua pessoa para que se tornasse a mulher forte de hoje, ratificando assim o legado herdado pelas matriarcas Raimunda e Ad\u00e9lia.<br \/>\nE por fim, a autora desperta nos leitores o desejo de um reconectar-se com o passado para que, num futuro pr\u00f3ximo, estes sejam capazes de narrar suas pr\u00f3prias hist\u00f3rias como forma de preservar a mem\u00f3ria dos seus.<\/p>\n","protected":false},"featured_media":22312,"template":"","meta":{"_monsterinsights_skip_tracking":false,"_monsterinsights_sitenote_active":false,"_monsterinsights_sitenote_note":"","_monsterinsights_sitenote_category":0},"product_brand":[],"product_cat":[74],"product_tag":[],"class_list":{"0":"post-22311","1":"product","2":"type-product","3":"status-publish","4":"has-post-thumbnail","6":"product_cat-uncategorized","7":"product_shipping_class-impresso","8":"pa_ano-459","9":"pa_autor-miriam-alves-correa-silva","10":"pa_editora-editora-lux","11":"pa_isbn-900","12":"pa_tipo-de-capa-brochura","14":"first","15":"instock","16":"purchasable","17":"product-type-simple"},"_links":{"self":[{"href":"https:\/\/www.editoralux.com.br\/loja\/wp-json\/wp\/v2\/product\/22311"}],"collection":[{"href":"https:\/\/www.editoralux.com.br\/loja\/wp-json\/wp\/v2\/product"}],"about":[{"href":"https:\/\/www.editoralux.com.br\/loja\/wp-json\/wp\/v2\/types\/product"}],"wp:featuredmedia":[{"embeddable":true,"href":"https:\/\/www.editoralux.com.br\/loja\/wp-json\/wp\/v2\/media\/22312"}],"wp:attachment":[{"href":"https:\/\/www.editoralux.com.br\/loja\/wp-json\/wp\/v2\/media?parent=22311"}],"wp:term":[{"taxonomy":"product_brand","embeddable":true,"href":"https:\/\/www.editoralux.com.br\/loja\/wp-json\/wp\/v2\/product_brand?post=22311"},{"taxonomy":"product_cat","embeddable":true,"href":"https:\/\/www.editoralux.com.br\/loja\/wp-json\/wp\/v2\/product_cat?post=22311"},{"taxonomy":"product_tag","embeddable":true,"href":"https:\/\/www.editoralux.com.br\/loja\/wp-json\/wp\/v2\/product_tag?post=22311"}],"curies":[{"name":"wp","href":"https:\/\/api.w.org\/{rel}","templated":true}]}}