{"id":22316,"date":"2024-10-10T15:54:06","date_gmt":"2024-10-10T18:54:06","guid":{"rendered":"https:\/\/www.editoralux.com.br\/loja\/produto\/4-passos-para-construir-uma-redacao-1-000-no-enem\/"},"modified":"2024-10-10T15:54:30","modified_gmt":"2024-10-10T18:54:30","slug":"4-passos-para-construir-uma-redacao-1-000-no-enem","status":"publish","type":"product","link":"https:\/\/www.editoralux.com.br\/loja\/produto\/4-passos-para-construir-uma-redacao-1-000-no-enem\/","title":{"rendered":"4 passos para construir uma reda\u00e7\u00e3o 1.000 no Enem"},"content":{"rendered":"","protected":false},"excerpt":{"rendered":"<p>A reda\u00e7\u00e3o do Enem corresponde a 20% da nota geral da prova. A maioria dos estudantes j\u00e1 entendeu que tirar uma boa nota na reda\u00e7\u00e3o pode ser mais f\u00e1cil que nas demais \u00e1reas de conhecimento, uma vez que essa \u00e1rea corresponde a somente um g\u00eanero textual: dissertativo-argumentativo. Mesmo sendo mais f\u00e1cil fazer isso, ainda \u00e9 um desafio sair da m\u00e9dia e chegar aos 900+.<br \/>\nA m\u00e9dia nacional da reda\u00e7\u00e3o do Enem costuma girar em torno de 500 a 550 pontos, em uma escala de pontos que vai de 0 a 100. Nas edi\u00e7\u00f5es recentes, uma porcentagem significativa dos candidatos (geralmente entre 30% e 40%) obteve notas abaixo dessa m\u00e9dia, com uma parcela menor atingindo notas pr\u00f3ximas do m\u00ednimo.<br \/>\nA partir desse cen\u00e1rio, eu \u2013 professora Eliane Farias de Souza \u2013 desenvolvi uma F\u00d3RMULA pr\u00e1tica, r\u00e1pida e l\u00fadica para sair da m\u00e9dia e chegar ao seleto grupo de alunos que alcan\u00e7am os 900 ou mais. Este guia pr\u00e1tico cont\u00e9m uma f\u00f3rmula que desenvolvi em 2017 e apliquei no ENEM. Tirei 980, o que me garante que, pelo menos, um dos corretores considerou 1.000 o meu texto.<br \/>\nAqui, eu trouxe o passo a passo da f\u00f3rmula, a maneira como foi aplicada na prova, dicas de repert\u00f3rios que se encaixam na maioria dos temas, operadores argumentativos para iniciar os par\u00e1grafos, lista de agentes para usar na proposta de interven\u00e7\u00e3o, argumentos prontos que se adaptam em qualquer tema e a minha reda\u00e7\u00e3o completa como modelo.<\/p>\n","protected":false},"featured_media":22317,"template":"","meta":{"_monsterinsights_skip_tracking":false,"_monsterinsights_sitenote_active":false,"_monsterinsights_sitenote_note":"","_monsterinsights_sitenote_category":0},"product_brand":[],"product_cat":[74],"product_tag":[],"class_list":{"0":"post-22316","1":"product","2":"type-product","3":"status-publish","4":"has-post-thumbnail","6":"product_cat-uncategorized","7":"product_shipping_class-impresso","8":"pa_ano-459","9":"pa_autor-eliane-farias-de-souza","10":"pa_editora-editora-lux","11":"pa_isbn-904","12":"pa_tipo-de-capa-brochura","14":"first","15":"instock","16":"purchasable","17":"product-type-simple"},"_links":{"self":[{"href":"https:\/\/www.editoralux.com.br\/loja\/wp-json\/wp\/v2\/product\/22316"}],"collection":[{"href":"https:\/\/www.editoralux.com.br\/loja\/wp-json\/wp\/v2\/product"}],"about":[{"href":"https:\/\/www.editoralux.com.br\/loja\/wp-json\/wp\/v2\/types\/product"}],"wp:featuredmedia":[{"embeddable":true,"href":"https:\/\/www.editoralux.com.br\/loja\/wp-json\/wp\/v2\/media\/22317"}],"wp:attachment":[{"href":"https:\/\/www.editoralux.com.br\/loja\/wp-json\/wp\/v2\/media?parent=22316"}],"wp:term":[{"taxonomy":"product_brand","embeddable":true,"href":"https:\/\/www.editoralux.com.br\/loja\/wp-json\/wp\/v2\/product_brand?post=22316"},{"taxonomy":"product_cat","embeddable":true,"href":"https:\/\/www.editoralux.com.br\/loja\/wp-json\/wp\/v2\/product_cat?post=22316"},{"taxonomy":"product_tag","embeddable":true,"href":"https:\/\/www.editoralux.com.br\/loja\/wp-json\/wp\/v2\/product_tag?post=22316"}],"curies":[{"name":"wp","href":"https:\/\/api.w.org\/{rel}","templated":true}]}}