{"id":22352,"date":"2024-10-27T17:10:36","date_gmt":"2024-10-27T20:10:36","guid":{"rendered":"https:\/\/www.editoralux.com.br\/loja\/produto\/salvo-melhor-juizo\/"},"modified":"2025-02-12T11:08:06","modified_gmt":"2025-02-12T14:08:06","slug":"salvo-melhor-juizo","status":"publish","type":"product","link":"https:\/\/www.editoralux.com.br\/loja\/produto\/salvo-melhor-juizo\/","title":{"rendered":"Salvo melhor ju\u00edzo"},"content":{"rendered":"","protected":false},"excerpt":{"rendered":"<p>&#8220;Salvo Melhor Ju\u00edzo&#8221; conta a hist\u00f3ria de um encontro entre velhos amigos de juventude vivida no Rio de Janeiro, na segunda metade do s\u00e9culo vinte. Com todos j\u00e1 quase octogen\u00e1rios, depositam, no evento, a esperan\u00e7a de outras reuni\u00f5es futuras, visando a um novo estreitamento no conv\u00edvio e amizade.<br \/>\nTodavia, logo ap\u00f3s as primeiras confraterniza\u00e7\u00f5es, se estabelece um grande debate sobre diversos temas sens\u00edveis da atualidade como justi\u00e7a, educa\u00e7\u00e3o, religi\u00e3o e pol\u00edtica, entre outros, dividindo opini\u00f5es, muitas vezes, diametralmente opostas, conforme vai sendo exposto cada ponto de vista pessoal, testemunhos e exemplos constatados.<br \/>\nE, apesar de n\u00e3o haver qualquer membro com expertise nos assuntos em discuss\u00e3o, interessantes solu\u00e7\u00f5es s\u00e3o apontadas baseadas unicamente no conhecimento individual adquirido por diversos meios e a longa experi\u00eancia de vida.<\/p>\n","protected":false},"featured_media":22341,"template":"","meta":{"_monsterinsights_skip_tracking":false,"_monsterinsights_sitenote_active":false,"_monsterinsights_sitenote_note":"","_monsterinsights_sitenote_category":0},"product_brand":[],"product_cat":[74],"product_tag":[],"class_list":{"0":"post-22352","1":"product","2":"type-product","3":"status-publish","4":"has-post-thumbnail","6":"product_cat-uncategorized","7":"product_shipping_class-impresso","8":"pa_ano-459","9":"pa_autor-luiz-aristocles-carvalho-nunes-ferreira","10":"pa_editora-editora-lux","11":"pa_isbn-920","12":"pa_tipo-de-capa-brochura","14":"first","15":"instock","16":"purchasable","17":"product-type-simple"},"_links":{"self":[{"href":"https:\/\/www.editoralux.com.br\/loja\/wp-json\/wp\/v2\/product\/22352"}],"collection":[{"href":"https:\/\/www.editoralux.com.br\/loja\/wp-json\/wp\/v2\/product"}],"about":[{"href":"https:\/\/www.editoralux.com.br\/loja\/wp-json\/wp\/v2\/types\/product"}],"wp:featuredmedia":[{"embeddable":true,"href":"https:\/\/www.editoralux.com.br\/loja\/wp-json\/wp\/v2\/media\/22341"}],"wp:attachment":[{"href":"https:\/\/www.editoralux.com.br\/loja\/wp-json\/wp\/v2\/media?parent=22352"}],"wp:term":[{"taxonomy":"product_brand","embeddable":true,"href":"https:\/\/www.editoralux.com.br\/loja\/wp-json\/wp\/v2\/product_brand?post=22352"},{"taxonomy":"product_cat","embeddable":true,"href":"https:\/\/www.editoralux.com.br\/loja\/wp-json\/wp\/v2\/product_cat?post=22352"},{"taxonomy":"product_tag","embeddable":true,"href":"https:\/\/www.editoralux.com.br\/loja\/wp-json\/wp\/v2\/product_tag?post=22352"}],"curies":[{"name":"wp","href":"https:\/\/api.w.org\/{rel}","templated":true}]}}