{"id":22366,"date":"2024-11-04T20:37:13","date_gmt":"2024-11-04T23:37:13","guid":{"rendered":"https:\/\/www.editoralux.com.br\/loja\/produto\/o-olho-que-tudo-le-identificando-a-filosofia-maconica-em-obras-artisticas\/"},"modified":"2025-03-19T10:20:10","modified_gmt":"2025-03-19T13:20:10","slug":"o-olho-que-tudo-le-identificando-a-filosofia-maconica-em-obras-artisticas","status":"publish","type":"product","link":"https:\/\/www.editoralux.com.br\/loja\/produto\/o-olho-que-tudo-le-identificando-a-filosofia-maconica-em-obras-artisticas\/","title":{"rendered":"O olho que tudo l\u00ea: identificando a filosofia ma\u00e7\u00f4nica em obras art\u00edsticas"},"content":{"rendered":"","protected":false},"excerpt":{"rendered":"<p>O nome deste livro, \u201cO Olho que tudo l\u00ea\u201d, \u00e9 um trocadilho inspirado em um ic\u00f4nico s\u00edmbolo ma\u00e7\u00f4nico: O Olho Que Tudo V\u00ea (representado por um olho dentro de um tri\u00e2ngulo). Presente em v\u00e1rias culturas, e ao longo de muitas hist\u00f3rias, este s\u00edmbolo tem representa\u00e7\u00e3o divina e onisciente, a qual tudo observa e tem ci\u00eancia. Na Filosofia Ma\u00e7\u00f4nica representa o Grande Arquiteto do Universo, que \u00e9 Deus; fonte de prote\u00e7\u00e3o, sabedoria e conhecimento.<br \/>\nA Filosofia Ma\u00e7\u00f4nica, por sua vez, em seu peculiar processo de ensinamento, adota o uso de s\u00edmbolos e alegorias. Nestes elementos encerram-se rico conte\u00fado o qual se faz luz em uma caminhada genu\u00edna de aprimoramento e evolu\u00e7\u00e3o espiritual.<br \/>\nObservando-se, atentamente, algumas obras art\u00edsticas, com o \u201cOlho que tudo l\u00ea\u201d, seguramente detectaremos importantes simbologias, nelas inseridas pelos seus autores, com genialidade. Os sinais e seus conte\u00fados, despertados por eles, nos trazem grandes oportunidades para a aprecia\u00e7\u00e3o, a introspec\u00e7\u00e3o, a discuss\u00e3o, e seguramente tem crucial import\u00e2ncia para com progressos individuais (e coletivos).<br \/>\nNeste livro tem-se a releitura, aos olhos da Filosofia Ma\u00e7\u00f4nica, de 7 obras art\u00edsticas: \u201cAs Aventuras de Pin\u00f3quio\u201d, \u201cSaga Matrix\u201d, \u201cDi\u00e1rio de um Construtor do Templo\u201d, \u201cOs Miser\u00e1veis\u201d, \u201cO Velho e o Mar\u201d, \u201cO M\u00e1gico de Oz\u201d e \u201cO Prumo de Zadig\u201d. Seja nosso convidado nesta jornada!<\/p>\n","protected":false},"featured_media":22359,"template":"","meta":{"_monsterinsights_skip_tracking":false,"_monsterinsights_sitenote_active":false,"_monsterinsights_sitenote_note":"","_monsterinsights_sitenote_category":0},"product_brand":[],"product_cat":[74],"product_tag":[],"class_list":{"0":"post-22366","1":"product","2":"type-product","3":"status-publish","4":"has-post-thumbnail","6":"product_cat-uncategorized","7":"product_shipping_class-impresso","8":"pa_ano-671","9":"pa_autor-7-autores","10":"pa_editora-editora-lux","11":"pa_isbn-926","12":"pa_tipo-de-capa-brochura","14":"first","15":"outofstock","16":"purchasable","17":"product-type-simple"},"_links":{"self":[{"href":"https:\/\/www.editoralux.com.br\/loja\/wp-json\/wp\/v2\/product\/22366"}],"collection":[{"href":"https:\/\/www.editoralux.com.br\/loja\/wp-json\/wp\/v2\/product"}],"about":[{"href":"https:\/\/www.editoralux.com.br\/loja\/wp-json\/wp\/v2\/types\/product"}],"wp:featuredmedia":[{"embeddable":true,"href":"https:\/\/www.editoralux.com.br\/loja\/wp-json\/wp\/v2\/media\/22359"}],"wp:attachment":[{"href":"https:\/\/www.editoralux.com.br\/loja\/wp-json\/wp\/v2\/media?parent=22366"}],"wp:term":[{"taxonomy":"product_brand","embeddable":true,"href":"https:\/\/www.editoralux.com.br\/loja\/wp-json\/wp\/v2\/product_brand?post=22366"},{"taxonomy":"product_cat","embeddable":true,"href":"https:\/\/www.editoralux.com.br\/loja\/wp-json\/wp\/v2\/product_cat?post=22366"},{"taxonomy":"product_tag","embeddable":true,"href":"https:\/\/www.editoralux.com.br\/loja\/wp-json\/wp\/v2\/product_tag?post=22366"}],"curies":[{"name":"wp","href":"https:\/\/api.w.org\/{rel}","templated":true}]}}