{"id":22367,"date":"2024-11-04T20:37:13","date_gmt":"2024-11-04T23:37:13","guid":{"rendered":"https:\/\/www.editoralux.com.br\/loja\/produto\/voce-ainda-pode-ser-o-que-sempre-quis-ser-que-tal-comecar-antes-de-estar-pronto\/"},"modified":"2025-01-09T11:29:24","modified_gmt":"2025-01-09T14:29:24","slug":"voce-ainda-pode-ser-o-que-sempre-quis-ser-que-tal-comecar-antes-de-estar-pronto","status":"publish","type":"product","link":"https:\/\/www.editoralux.com.br\/loja\/produto\/voce-ainda-pode-ser-o-que-sempre-quis-ser-que-tal-comecar-antes-de-estar-pronto\/","title":{"rendered":"Voc\u00ea ainda pode ser o que sempre quis ser: que tal come\u00e7ar antes de estar pronto?"},"content":{"rendered":"","protected":false},"excerpt":{"rendered":"<p>Neste livro, gostaria de convidar os leitores a uma imers\u00e3o no dia a dia de um atleta de ultratri\u00e1tlon, revelando como \u00e9 a rotina de um atleta amador que se desafia e tamb\u00e9m se dedica ao esporte, al\u00e9m de trazer uma verdadeira experi\u00eancia pr\u00e1tica e explicar por que a cada ano o tri\u00e1tlon ganha mais seguidores e mais espa\u00e7o no cen\u00e1rio esportivo.<br \/>\nO que esse esporte tem de diferente de tantos outros? Vou contar em detalhes a experi\u00eancia da participa\u00e7\u00e3o em um evento de n\u00edvel mundial que contou com a participa\u00e7\u00e3o de muitos pa\u00edses, e al\u00e9m disso, refor\u00e7ar o que o esporte pode fazer por todos n\u00f3s no \u00e2mbito social, profissional e pessoal.<br \/>\nDe uma forma din\u00e2mica e com uma linguagem bem simples, meu objetivo nessa obra \u00e9 despertar o atleta que existe dentro de cada um de voc\u00eas, dizer que sim, \u201cVoc\u00ea ainda pode ser o que sempre quis ser\u201d em qualquer situa\u00e7\u00e3o em que o sucesso seja o resultado esperado. Basta dedica\u00e7\u00e3o, const\u00e2ncia e uma dose de confian\u00e7a.<\/p>\n","protected":false},"featured_media":22361,"template":"","meta":{"_monsterinsights_skip_tracking":false,"_monsterinsights_sitenote_active":false,"_monsterinsights_sitenote_note":"","_monsterinsights_sitenote_category":0},"product_brand":[],"product_cat":[74],"product_tag":[],"class_list":{"0":"post-22367","1":"product","2":"type-product","3":"status-publish","4":"has-post-thumbnail","6":"product_cat-uncategorized","7":"product_shipping_class-impresso","8":"pa_ano-459","9":"pa_autor-adriano-consorti","10":"pa_editora-editora-lux","11":"pa_isbn-927","12":"pa_tipo-de-capa-brochura","14":"first","15":"outofstock","16":"purchasable","17":"product-type-simple"},"_links":{"self":[{"href":"https:\/\/www.editoralux.com.br\/loja\/wp-json\/wp\/v2\/product\/22367"}],"collection":[{"href":"https:\/\/www.editoralux.com.br\/loja\/wp-json\/wp\/v2\/product"}],"about":[{"href":"https:\/\/www.editoralux.com.br\/loja\/wp-json\/wp\/v2\/types\/product"}],"wp:featuredmedia":[{"embeddable":true,"href":"https:\/\/www.editoralux.com.br\/loja\/wp-json\/wp\/v2\/media\/22361"}],"wp:attachment":[{"href":"https:\/\/www.editoralux.com.br\/loja\/wp-json\/wp\/v2\/media?parent=22367"}],"wp:term":[{"taxonomy":"product_brand","embeddable":true,"href":"https:\/\/www.editoralux.com.br\/loja\/wp-json\/wp\/v2\/product_brand?post=22367"},{"taxonomy":"product_cat","embeddable":true,"href":"https:\/\/www.editoralux.com.br\/loja\/wp-json\/wp\/v2\/product_cat?post=22367"},{"taxonomy":"product_tag","embeddable":true,"href":"https:\/\/www.editoralux.com.br\/loja\/wp-json\/wp\/v2\/product_tag?post=22367"}],"curies":[{"name":"wp","href":"https:\/\/api.w.org\/{rel}","templated":true}]}}