{"id":22419,"date":"2024-11-28T19:36:06","date_gmt":"2024-11-28T22:36:06","guid":{"rendered":"https:\/\/www.editoralux.com.br\/loja\/produto\/poesias-em-versos-e-rimas-4x4\/"},"modified":"2024-11-28T19:36:07","modified_gmt":"2024-11-28T22:36:07","slug":"poesias-em-versos-e-rimas-4x4","status":"publish","type":"product","link":"https:\/\/www.editoralux.com.br\/loja\/produto\/poesias-em-versos-e-rimas-4x4\/","title":{"rendered":"Poesias em versos e rimas 4&#215;4"},"content":{"rendered":"","protected":false},"excerpt":{"rendered":"<p>Na condi\u00e7\u00e3o de escritor poeta e autor desta obra, espero que o caro leitor, ao ler os poemas deste livro intitulado Poesias em Versos e Rimas, 4 x 4, sinta-se maravilhado de ter percorrido, com a sua f\u00e9rtil imagina\u00e7\u00e3o, o seu mundo de fantasias.<br \/>\nA poesia tem esse poder m\u00e1gico de nos encantar, e \u00e9 por isso que ela \u00e9 linda e maravilhosa diante da narrativa fant\u00e1stica do eu l\u00edrico de cada leitor que tamb\u00e9m se faz poeta.<br \/>\nAqui nesta obra, h\u00e1 muitas poesias que representam os mais diversos sentimentos e emo\u00e7\u00f5es j\u00e1 experimentadas pelos amantes verdadeiramente apaixonados. Boa leitura e que assim seja!<\/p>\n","protected":false},"featured_media":22400,"template":"","meta":{"_monsterinsights_skip_tracking":false,"_monsterinsights_sitenote_active":false,"_monsterinsights_sitenote_note":"","_monsterinsights_sitenote_category":0},"product_brand":[],"product_cat":[74],"product_tag":[],"class_list":{"0":"post-22419","1":"product","2":"type-product","3":"status-publish","4":"has-post-thumbnail","6":"product_cat-uncategorized","7":"product_shipping_class-impresso","8":"pa_ano-459","9":"pa_autor-antonio-galdino-alves-de-souza","10":"pa_editora-editora-lux","11":"pa_isbn-939","12":"pa_tipo-de-capa-brochura","14":"first","15":"instock","16":"purchasable","17":"product-type-simple"},"_links":{"self":[{"href":"https:\/\/www.editoralux.com.br\/loja\/wp-json\/wp\/v2\/product\/22419"}],"collection":[{"href":"https:\/\/www.editoralux.com.br\/loja\/wp-json\/wp\/v2\/product"}],"about":[{"href":"https:\/\/www.editoralux.com.br\/loja\/wp-json\/wp\/v2\/types\/product"}],"wp:featuredmedia":[{"embeddable":true,"href":"https:\/\/www.editoralux.com.br\/loja\/wp-json\/wp\/v2\/media\/22400"}],"wp:attachment":[{"href":"https:\/\/www.editoralux.com.br\/loja\/wp-json\/wp\/v2\/media?parent=22419"}],"wp:term":[{"taxonomy":"product_brand","embeddable":true,"href":"https:\/\/www.editoralux.com.br\/loja\/wp-json\/wp\/v2\/product_brand?post=22419"},{"taxonomy":"product_cat","embeddable":true,"href":"https:\/\/www.editoralux.com.br\/loja\/wp-json\/wp\/v2\/product_cat?post=22419"},{"taxonomy":"product_tag","embeddable":true,"href":"https:\/\/www.editoralux.com.br\/loja\/wp-json\/wp\/v2\/product_tag?post=22419"}],"curies":[{"name":"wp","href":"https:\/\/api.w.org\/{rel}","templated":true}]}}