{"id":22483,"date":"2024-12-19T20:42:20","date_gmt":"2024-12-19T23:42:20","guid":{"rendered":"https:\/\/www.editoralux.com.br\/loja\/produto\/o-amor-existe-depende\/"},"modified":"2024-12-19T20:42:21","modified_gmt":"2024-12-19T23:42:21","slug":"o-amor-existe-depende","status":"publish","type":"product","link":"https:\/\/www.editoralux.com.br\/loja\/produto\/o-amor-existe-depende\/","title":{"rendered":"O amor existe? Depende"},"content":{"rendered":"","protected":false},"excerpt":{"rendered":"<p>Conforme sugere o t\u00edtulo, o amor pode existir, dependendo das circunst\u00e2ncias e do contexto em que est\u00e1 inserido, sobretudo, da atitude das pessoas em que este sentimento se mostra presente.<br \/>\nO autor conta em sua obra v\u00e1rias situa\u00e7\u00f5es em que ele j\u00e1 se perguntou se o amor de fato existe, assim como tamb\u00e9m relata situa\u00e7\u00f5es que lhe deram provas de amor.<br \/>\nAl\u00e9m disso, \u00e9 uma obra muito vers\u00e1til, para diferentes contextos, n\u00e3o cabendo apenas \u00e0quelas pessoas que est\u00e3o em um relacionamento amoroso afetivo, mas sim para todas as rela\u00e7\u00f5es em que existem sentimentos envolvidos.<\/p>\n","protected":false},"featured_media":22457,"template":"","meta":{"_monsterinsights_skip_tracking":false,"_monsterinsights_sitenote_active":false,"_monsterinsights_sitenote_note":"","_monsterinsights_sitenote_category":0},"product_brand":[],"product_cat":[74],"product_tag":[],"class_list":{"0":"post-22483","1":"product","2":"type-product","3":"status-publish","4":"has-post-thumbnail","6":"product_cat-uncategorized","7":"product_shipping_class-impresso","8":"pa_ano-459","9":"pa_autor-geraldo-venancio-trindade","10":"pa_editora-editora-lux","11":"pa_isbn-974","12":"pa_tipo-de-capa-brochura","14":"first","15":"instock","16":"purchasable","17":"product-type-simple"},"_links":{"self":[{"href":"https:\/\/www.editoralux.com.br\/loja\/wp-json\/wp\/v2\/product\/22483"}],"collection":[{"href":"https:\/\/www.editoralux.com.br\/loja\/wp-json\/wp\/v2\/product"}],"about":[{"href":"https:\/\/www.editoralux.com.br\/loja\/wp-json\/wp\/v2\/types\/product"}],"wp:featuredmedia":[{"embeddable":true,"href":"https:\/\/www.editoralux.com.br\/loja\/wp-json\/wp\/v2\/media\/22457"}],"wp:attachment":[{"href":"https:\/\/www.editoralux.com.br\/loja\/wp-json\/wp\/v2\/media?parent=22483"}],"wp:term":[{"taxonomy":"product_brand","embeddable":true,"href":"https:\/\/www.editoralux.com.br\/loja\/wp-json\/wp\/v2\/product_brand?post=22483"},{"taxonomy":"product_cat","embeddable":true,"href":"https:\/\/www.editoralux.com.br\/loja\/wp-json\/wp\/v2\/product_cat?post=22483"},{"taxonomy":"product_tag","embeddable":true,"href":"https:\/\/www.editoralux.com.br\/loja\/wp-json\/wp\/v2\/product_tag?post=22483"}],"curies":[{"name":"wp","href":"https:\/\/api.w.org\/{rel}","templated":true}]}}