{"id":22520,"date":"2025-01-06T19:51:18","date_gmt":"2025-01-06T22:51:18","guid":{"rendered":"https:\/\/www.editoralux.com.br\/loja\/produto\/vithalis-ele-pediu-para-imaginar\/"},"modified":"2025-07-01T15:17:29","modified_gmt":"2025-07-01T18:17:29","slug":"vithalis-ele-pediu-para-imaginar","status":"publish","type":"product","link":"https:\/\/www.editoralux.com.br\/loja\/produto\/vithalis-ele-pediu-para-imaginar\/","title":{"rendered":"Vithalis: ele pediu para imaginar"},"content":{"rendered":"","protected":false},"excerpt":{"rendered":"<p>Inspirada pela ic\u00f4nica m\u00fasica \u201cImagine\u201d de John Lennon, Vithalis \u00e9 uma obra de fic\u00e7\u00e3o cient\u00edfica que nos convida a sonhar com um mundo ideal. Neste livro, o autor nos transporta para um universo em que as fronteiras existentes entre os seres e culturas s\u00e3o inexistentes, e a humanidade vive em perfeita harmonia.<br \/>\nAtrav\u00e9s de uma narrativa envolvente e criativa, o livro explora a cria\u00e7\u00e3o, a evolu\u00e7\u00e3o e o eventual decl\u00ednio de uma civiliza\u00e7\u00e3o ut\u00f3pica que habita o planeta que d\u00e1 nome \u00e0 obra.<br \/>\nSer\u00e1 que os seres humanos s\u00e3o capazes de construir um mundo t\u00e3o perfeito quanto o imaginado por Lennon? Ou ser\u00e1 que essa vis\u00e3o \u00e9 apenas um sonho distante?<br \/>\nCom uma mistura de reflex\u00e3o filos\u00f3fica e aventura emocionante, Vithalis desafia os leitores a imaginar e a refletir sobre um mundo diferente. Atrav\u00e9s das p\u00e1ginas deste livro, somos convidados a questionar nossas pr\u00f3prias realidades e a sonhar com um mundo onde a paz e a igualdade s\u00e3o poss\u00edveis.<br \/>\nVenha conhecer Vithalis e se deixe inspirar por esta experi\u00eancia. O livro n\u00e3o \u00e9 apenas uma hist\u00f3ria, mas tamb\u00e9m um convite para imaginar e refletir sobre um mundo melhor.<\/p>\n","protected":false},"featured_media":22513,"template":"","meta":{"_monsterinsights_skip_tracking":false,"_monsterinsights_sitenote_active":false,"_monsterinsights_sitenote_note":"","_monsterinsights_sitenote_category":0},"product_brand":[],"product_cat":[74],"product_tag":[],"class_list":{"0":"post-22520","1":"product","2":"type-product","3":"status-publish","4":"has-post-thumbnail","6":"product_cat-uncategorized","7":"product_shipping_class-impresso","8":"pa_ano-459","9":"pa_autor-rafael-sanchez-torres","10":"pa_editora-editora-lux","11":"pa_isbn-987","12":"pa_tipo-de-capa-brochura","14":"first","15":"instock","16":"purchasable","17":"product-type-simple"},"_links":{"self":[{"href":"https:\/\/www.editoralux.com.br\/loja\/wp-json\/wp\/v2\/product\/22520"}],"collection":[{"href":"https:\/\/www.editoralux.com.br\/loja\/wp-json\/wp\/v2\/product"}],"about":[{"href":"https:\/\/www.editoralux.com.br\/loja\/wp-json\/wp\/v2\/types\/product"}],"wp:featuredmedia":[{"embeddable":true,"href":"https:\/\/www.editoralux.com.br\/loja\/wp-json\/wp\/v2\/media\/22513"}],"wp:attachment":[{"href":"https:\/\/www.editoralux.com.br\/loja\/wp-json\/wp\/v2\/media?parent=22520"}],"wp:term":[{"taxonomy":"product_brand","embeddable":true,"href":"https:\/\/www.editoralux.com.br\/loja\/wp-json\/wp\/v2\/product_brand?post=22520"},{"taxonomy":"product_cat","embeddable":true,"href":"https:\/\/www.editoralux.com.br\/loja\/wp-json\/wp\/v2\/product_cat?post=22520"},{"taxonomy":"product_tag","embeddable":true,"href":"https:\/\/www.editoralux.com.br\/loja\/wp-json\/wp\/v2\/product_tag?post=22520"}],"curies":[{"name":"wp","href":"https:\/\/api.w.org\/{rel}","templated":true}]}}