{"id":22566,"date":"2025-02-04T22:35:49","date_gmt":"2025-02-05T01:35:49","guid":{"rendered":"https:\/\/www.editoralux.com.br\/loja\/produto\/vagueio\/"},"modified":"2025-02-04T22:35:50","modified_gmt":"2025-02-05T01:35:50","slug":"vagueio","status":"publish","type":"product","link":"https:\/\/www.editoralux.com.br\/loja\/produto\/vagueio\/","title":{"rendered":"Vagueio"},"content":{"rendered":"","protected":false},"excerpt":{"rendered":"<p>O autor se formou em duas faculdades, mas, curiosamente, nunca seguiu carreira em nenhuma das \u00e1reas. Ainda assim, esses aprendizados foram fundamentais para expandir sua vis\u00e3o de mundo e moldar seu pensamento cr\u00edtico. Foi com seus tr\u00eas filhos que ele descobriu li\u00e7\u00f5es profundas sobre o amor incondicional e a simplicidade no trato com a verdadeira felicidade. Eles lhe mostraram que as experi\u00eancias cotidianas e os v\u00ednculos humanos ensinam o caminho para as verdades mais essenciais. Hoje, juntamente com seus filhos e sua companheira, ele compartilha conhecimento e reflex\u00f5es sobre o sentido mais aut\u00eantico da vida.<\/p>\n","protected":false},"featured_media":22544,"template":"","meta":{"_monsterinsights_skip_tracking":false,"_monsterinsights_sitenote_active":false,"_monsterinsights_sitenote_note":"","_monsterinsights_sitenote_category":0},"product_brand":[],"product_cat":[74],"product_tag":[],"class_list":{"0":"post-22566","1":"product","2":"type-product","3":"status-publish","4":"has-post-thumbnail","6":"product_cat-uncategorized","7":"product_shipping_class-impresso","8":"pa_ano-459","9":"pa_autor-jose-goncalves-viana-filho","10":"pa_editora-editora-lux","11":"pa_isbn-1010","12":"pa_tipo-de-capa-brochura","14":"first","15":"instock","16":"purchasable","17":"product-type-simple"},"_links":{"self":[{"href":"https:\/\/www.editoralux.com.br\/loja\/wp-json\/wp\/v2\/product\/22566"}],"collection":[{"href":"https:\/\/www.editoralux.com.br\/loja\/wp-json\/wp\/v2\/product"}],"about":[{"href":"https:\/\/www.editoralux.com.br\/loja\/wp-json\/wp\/v2\/types\/product"}],"wp:featuredmedia":[{"embeddable":true,"href":"https:\/\/www.editoralux.com.br\/loja\/wp-json\/wp\/v2\/media\/22544"}],"wp:attachment":[{"href":"https:\/\/www.editoralux.com.br\/loja\/wp-json\/wp\/v2\/media?parent=22566"}],"wp:term":[{"taxonomy":"product_brand","embeddable":true,"href":"https:\/\/www.editoralux.com.br\/loja\/wp-json\/wp\/v2\/product_brand?post=22566"},{"taxonomy":"product_cat","embeddable":true,"href":"https:\/\/www.editoralux.com.br\/loja\/wp-json\/wp\/v2\/product_cat?post=22566"},{"taxonomy":"product_tag","embeddable":true,"href":"https:\/\/www.editoralux.com.br\/loja\/wp-json\/wp\/v2\/product_tag?post=22566"}],"curies":[{"name":"wp","href":"https:\/\/api.w.org\/{rel}","templated":true}]}}