{"id":22635,"date":"2025-02-21T17:44:08","date_gmt":"2025-02-21T20:44:08","guid":{"rendered":"https:\/\/www.editoralux.com.br\/loja\/produto\/voando-para-o-andar-de-cima\/"},"modified":"2025-02-28T10:46:10","modified_gmt":"2025-02-28T13:46:10","slug":"voando-para-o-andar-de-cima","status":"publish","type":"product","link":"https:\/\/www.editoralux.com.br\/loja\/produto\/voando-para-o-andar-de-cima\/","title":{"rendered":"Voando para o andar de cima"},"content":{"rendered":"","protected":false},"excerpt":{"rendered":"<p>Este romance coloca num mesmo voo de pipas, e na for\u00e7a dos ventos que desfolham ip\u00eas amarelos, hist\u00f3ria e est\u00f3rias de seus protagonistas. N\u00ednive e Modi se envolvem com a beleza das mulheres e se preocupam com a atual impot\u00eancia e agressividade dos homens, que se traduzem na crescente narrativa das cr\u00f4nicas policiais.<br \/>\nResolvem, ent\u00e3o, montar uma cl\u00ednica terap\u00eautica de casais em crise, nas praias de S\u00e3o Miguel dos Milagres, Japaratinga e Maragogi, em Alagoas. N\u00ednive, mulher bel\u00edssima, e Modi, artista que segue a linha est\u00e9tica do pintor italiano Amedeo Modigliani, fazem suas propostas de cura de casais, alongando e deslocando suas imagens, retirando-os de sua zona de conforto, desconstruindo e reconstruindo suas vidas para se compreenderem melhor.<br \/>\nAo final, N\u00ednive e Modi prop\u00f5em, num voo de escape, uma nova narrativa b\u00edblica do livro do G\u00eanesis, sem a presen\u00e7a da serpente e do pecado. E retornando de seu voo, com defeito no trem de pouso, as p\u00e1ginas policiais dos jornais permanecem pintadas de sangue.<\/p>\n","protected":false},"featured_media":22614,"template":"","meta":{"_monsterinsights_skip_tracking":false,"_monsterinsights_sitenote_active":false,"_monsterinsights_sitenote_note":"","_monsterinsights_sitenote_category":0},"product_brand":[],"product_cat":[74],"product_tag":[],"class_list":{"0":"post-22635","1":"product","2":"type-product","3":"status-publish","4":"has-post-thumbnail","6":"product_cat-uncategorized","7":"product_shipping_class-impresso","8":"pa_ano-459","9":"pa_autor-sergio-dayrell-porto","10":"pa_editora-editora-lux","11":"pa_isbn-1023","12":"pa_tipo-de-capa-brochura","14":"first","15":"instock","16":"purchasable","17":"product-type-simple"},"_links":{"self":[{"href":"https:\/\/www.editoralux.com.br\/loja\/wp-json\/wp\/v2\/product\/22635"}],"collection":[{"href":"https:\/\/www.editoralux.com.br\/loja\/wp-json\/wp\/v2\/product"}],"about":[{"href":"https:\/\/www.editoralux.com.br\/loja\/wp-json\/wp\/v2\/types\/product"}],"wp:featuredmedia":[{"embeddable":true,"href":"https:\/\/www.editoralux.com.br\/loja\/wp-json\/wp\/v2\/media\/22614"}],"wp:attachment":[{"href":"https:\/\/www.editoralux.com.br\/loja\/wp-json\/wp\/v2\/media?parent=22635"}],"wp:term":[{"taxonomy":"product_brand","embeddable":true,"href":"https:\/\/www.editoralux.com.br\/loja\/wp-json\/wp\/v2\/product_brand?post=22635"},{"taxonomy":"product_cat","embeddable":true,"href":"https:\/\/www.editoralux.com.br\/loja\/wp-json\/wp\/v2\/product_cat?post=22635"},{"taxonomy":"product_tag","embeddable":true,"href":"https:\/\/www.editoralux.com.br\/loja\/wp-json\/wp\/v2\/product_tag?post=22635"}],"curies":[{"name":"wp","href":"https:\/\/api.w.org\/{rel}","templated":true}]}}