{"id":22696,"date":"2025-03-19T21:27:59","date_gmt":"2025-03-20T00:27:59","guid":{"rendered":"https:\/\/www.editoralux.com.br\/loja\/produto\/entendendo-o-tea-uma-jornada-de-amor-e-compreensao-guiando-pais-e-educadores-na-inclusao-de-criancas-com-transtorno-do-espectro-autista\/"},"modified":"2025-03-19T21:27:59","modified_gmt":"2025-03-20T00:27:59","slug":"entendendo-o-tea-uma-jornada-de-amor-e-compreensao-guiando-pais-e-educadores-na-inclusao-de-criancas-com-transtorno-do-espectro-autista","status":"publish","type":"product","link":"https:\/\/www.editoralux.com.br\/loja\/produto\/entendendo-o-tea-uma-jornada-de-amor-e-compreensao-guiando-pais-e-educadores-na-inclusao-de-criancas-com-transtorno-do-espectro-autista\/","title":{"rendered":"Entendendo o TEA Uma Jornada de amor e Compreens\u00e3o Guiando Pais e Educadores na Inclus\u00e3o de Crian\u00e7as com Transtorno do Espectro Autista"},"content":{"rendered":"","protected":false},"excerpt":{"rendered":"<p>O TEA \u00e9 mais do que um diagn\u00f3stico.<br \/>\nAo abrir este livro, voc\u00ea est\u00e1 prestes a embarcar em uma viagem de descoberta, empatia e entendimento sobre o Transtorno do Espectro Autista, um tema que toca a vida de muitas pessoas e suas respectivas fam\u00edlias em todo o mundo.<\/p>\n","protected":false},"featured_media":22687,"template":"","meta":{"_monsterinsights_skip_tracking":false,"_monsterinsights_sitenote_active":false,"_monsterinsights_sitenote_note":"","_monsterinsights_sitenote_category":0},"product_brand":[],"product_cat":[74],"product_tag":[],"class_list":{"0":"post-22696","1":"product","2":"type-product","3":"status-publish","4":"has-post-thumbnail","6":"product_cat-uncategorized","7":"product_shipping_class-impresso","8":"pa_ano-459","9":"pa_autor-cristina-tenorio-correa","10":"pa_editora-editora-lux","11":"pa_isbn-1048","12":"pa_tipo-de-capa-brochura","14":"first","15":"instock","16":"purchasable","17":"product-type-simple"},"_links":{"self":[{"href":"https:\/\/www.editoralux.com.br\/loja\/wp-json\/wp\/v2\/product\/22696"}],"collection":[{"href":"https:\/\/www.editoralux.com.br\/loja\/wp-json\/wp\/v2\/product"}],"about":[{"href":"https:\/\/www.editoralux.com.br\/loja\/wp-json\/wp\/v2\/types\/product"}],"wp:featuredmedia":[{"embeddable":true,"href":"https:\/\/www.editoralux.com.br\/loja\/wp-json\/wp\/v2\/media\/22687"}],"wp:attachment":[{"href":"https:\/\/www.editoralux.com.br\/loja\/wp-json\/wp\/v2\/media?parent=22696"}],"wp:term":[{"taxonomy":"product_brand","embeddable":true,"href":"https:\/\/www.editoralux.com.br\/loja\/wp-json\/wp\/v2\/product_brand?post=22696"},{"taxonomy":"product_cat","embeddable":true,"href":"https:\/\/www.editoralux.com.br\/loja\/wp-json\/wp\/v2\/product_cat?post=22696"},{"taxonomy":"product_tag","embeddable":true,"href":"https:\/\/www.editoralux.com.br\/loja\/wp-json\/wp\/v2\/product_tag?post=22696"}],"curies":[{"name":"wp","href":"https:\/\/api.w.org\/{rel}","templated":true}]}}