{"id":22698,"date":"2025-03-19T21:27:59","date_gmt":"2025-03-20T00:27:59","guid":{"rendered":"https:\/\/www.editoralux.com.br\/loja\/produto\/estrategia-para-alcancar-a-abundancia\/"},"modified":"2025-03-20T13:22:26","modified_gmt":"2025-03-20T16:22:26","slug":"estrategia-para-alcancar-a-abundancia","status":"publish","type":"product","link":"https:\/\/www.editoralux.com.br\/loja\/produto\/estrategia-para-alcancar-a-abundancia\/","title":{"rendered":"Estrat\u00e9gia para alcan\u00e7ar a abund\u00e2ncia"},"content":{"rendered":"","protected":false},"excerpt":{"rendered":"<p>O assunto principal deste livro \u00e9 a abund\u00e2ncia.<br \/>\nA abund\u00e2ncia \u00e9 uma promessa do Senhor, e, al\u00e9m do mais, temos todo o direito, porque, a partir da hora em que recebemos Jesus Cristo como nosso Senhor e Salvador, somos coerdeiros com Ele.<br \/>\n&#8220;Mas, a todos quantos o receberam, deu-lhes o poder de serem feitos filhos de Deus, a saber, aos que creem no seu nome.&#8221; (Jo\u00e3o 1:12)<br \/>\nA B\u00edblia afirma que Deus \u00e9 o dono da prata e do ouro. Ao crer, nos tornamos filhos, e, na condi\u00e7\u00e3o de filhos, somos agraciados com a b\u00ean\u00e7\u00e3o da abund\u00e2ncia.<br \/>\nEstamos rodeados de pessoas, algumas j\u00e1 h\u00e1 muito tempo na igreja, mas que ostentam ideias e pensamentos que formam uma esp\u00e9cie de escamas limitantes, impedindo-as de ver o lado bom e positivo das coisas. \u00c9 como uma dieta em que tudo que \u00e9 saboroso e apetitoso parece proibido.<br \/>\nDeus fez o homem para ter comunh\u00e3o e relacionamento com Ele. Ele valorizava muito o tempo de qualidade na companhia de Ad\u00e3o, todas as tardes. Olhando por essa \u00f3tica, tudo o que Deus fez foi para atender e satisfazer o homem. Mas este desprezou tudo, abra\u00e7ou a mentira e se deleitou com o engano.<br \/>\nEnt\u00e3o, Deus se ausentou e n\u00e3o mais participou das reuni\u00f5es dos finais dos dias. Mas Cristo veio trazer de volta a nossa participa\u00e7\u00e3o na abund\u00e2ncia.<br \/>\nO grande perigo de tudo isso \u00e9 o apego de grande parte dos chamados filhos de Deus em seguir o exemplo de Ad\u00e3o: valorizar mais o ter do que o ser.<br \/>\nN\u00e3o h\u00e1 problema algum em buscar o ter, mas, primeiro, \u00e9 preciso ser: obediente, fiel, manso e bom. Aprender de Jesus e ser uma testemunha exemplar, procurando viver um estilo de vida em que Cristo \u00e9 o centro.<br \/>\nPermita que Ele conduza seu neg\u00f3cio, deixando Jesus sempre na frente para abrir os caminhos.<\/p>\n","protected":false},"featured_media":22691,"template":"","meta":{"_monsterinsights_skip_tracking":false,"_monsterinsights_sitenote_active":false,"_monsterinsights_sitenote_note":"","_monsterinsights_sitenote_category":0},"product_brand":[],"product_cat":[74],"product_tag":[],"class_list":{"0":"post-22698","1":"product","2":"type-product","3":"status-publish","4":"has-post-thumbnail","6":"product_cat-uncategorized","7":"product_shipping_class-impresso","8":"pa_ano-459","9":"pa_autor-jose-alves-de-souza","10":"pa_editora-editora-lux","11":"pa_isbn-1052","12":"pa_tipo-de-capa-brochura","14":"first","15":"instock","16":"purchasable","17":"product-type-simple"},"_links":{"self":[{"href":"https:\/\/www.editoralux.com.br\/loja\/wp-json\/wp\/v2\/product\/22698"}],"collection":[{"href":"https:\/\/www.editoralux.com.br\/loja\/wp-json\/wp\/v2\/product"}],"about":[{"href":"https:\/\/www.editoralux.com.br\/loja\/wp-json\/wp\/v2\/types\/product"}],"wp:featuredmedia":[{"embeddable":true,"href":"https:\/\/www.editoralux.com.br\/loja\/wp-json\/wp\/v2\/media\/22691"}],"wp:attachment":[{"href":"https:\/\/www.editoralux.com.br\/loja\/wp-json\/wp\/v2\/media?parent=22698"}],"wp:term":[{"taxonomy":"product_brand","embeddable":true,"href":"https:\/\/www.editoralux.com.br\/loja\/wp-json\/wp\/v2\/product_brand?post=22698"},{"taxonomy":"product_cat","embeddable":true,"href":"https:\/\/www.editoralux.com.br\/loja\/wp-json\/wp\/v2\/product_cat?post=22698"},{"taxonomy":"product_tag","embeddable":true,"href":"https:\/\/www.editoralux.com.br\/loja\/wp-json\/wp\/v2\/product_tag?post=22698"}],"curies":[{"name":"wp","href":"https:\/\/api.w.org\/{rel}","templated":true}]}}