{"id":22702,"date":"2025-03-19T21:27:59","date_gmt":"2025-03-20T00:27:59","guid":{"rendered":"https:\/\/www.editoralux.com.br\/loja\/produto\/o-vazio-da-minha-mente\/"},"modified":"2025-03-19T21:28:00","modified_gmt":"2025-03-20T00:28:00","slug":"o-vazio-da-minha-mente","status":"publish","type":"product","link":"https:\/\/www.editoralux.com.br\/loja\/produto\/o-vazio-da-minha-mente\/","title":{"rendered":"O Vazio da Minha Mente"},"content":{"rendered":"","protected":false},"excerpt":{"rendered":"<p>Imagina-se preso entre dois mundos? Um desejo intensificado pela proibi\u00e7\u00e3o?<br \/>\nA hist\u00f3ria deste livro explora as consequ\u00eancias de insistir no imposs\u00edvel, amar sem ser amado e na obsess\u00e3o t\u00f3xica.<br \/>\nAcompanhe o drama de uma escolha errada e descubra como a indecis\u00e3o pode levar ao caos.<br \/>\nFoi criada uma hist\u00f3ria, e ela tem algumas li\u00e7\u00f5es: aprender a fazer escolhas corretas, se posicionar diante de certas decis\u00f5es, tomar as r\u00e9deas de sua vida e distanciar sofrimentos daqueles que n\u00e3o merecem.<\/p>\n","protected":false},"featured_media":22673,"template":"","meta":{"_monsterinsights_skip_tracking":false,"_monsterinsights_sitenote_active":false,"_monsterinsights_sitenote_note":"","_monsterinsights_sitenote_category":0},"product_brand":[],"product_cat":[74],"product_tag":[],"class_list":{"0":"post-22702","1":"product","2":"type-product","3":"status-publish","4":"has-post-thumbnail","6":"product_cat-uncategorized","7":"product_shipping_class-impresso","8":"pa_ano-459","9":"pa_autor-mycaelly-sousa-lima-kroski","10":"pa_editora-editora-lux","11":"pa_isbn-1060","12":"pa_tipo-de-capa-brochura","14":"first","15":"instock","16":"purchasable","17":"product-type-simple"},"_links":{"self":[{"href":"https:\/\/www.editoralux.com.br\/loja\/wp-json\/wp\/v2\/product\/22702"}],"collection":[{"href":"https:\/\/www.editoralux.com.br\/loja\/wp-json\/wp\/v2\/product"}],"about":[{"href":"https:\/\/www.editoralux.com.br\/loja\/wp-json\/wp\/v2\/types\/product"}],"wp:featuredmedia":[{"embeddable":true,"href":"https:\/\/www.editoralux.com.br\/loja\/wp-json\/wp\/v2\/media\/22673"}],"wp:attachment":[{"href":"https:\/\/www.editoralux.com.br\/loja\/wp-json\/wp\/v2\/media?parent=22702"}],"wp:term":[{"taxonomy":"product_brand","embeddable":true,"href":"https:\/\/www.editoralux.com.br\/loja\/wp-json\/wp\/v2\/product_brand?post=22702"},{"taxonomy":"product_cat","embeddable":true,"href":"https:\/\/www.editoralux.com.br\/loja\/wp-json\/wp\/v2\/product_cat?post=22702"},{"taxonomy":"product_tag","embeddable":true,"href":"https:\/\/www.editoralux.com.br\/loja\/wp-json\/wp\/v2\/product_tag?post=22702"}],"curies":[{"name":"wp","href":"https:\/\/api.w.org\/{rel}","templated":true}]}}