{"id":22705,"date":"2025-03-19T21:27:59","date_gmt":"2025-03-20T00:27:59","guid":{"rendered":"https:\/\/www.editoralux.com.br\/loja\/produto\/vai-pensar-2-vida-de-um-eremita-um-psicanalista-em-cronicas\/"},"modified":"2025-03-19T21:28:01","modified_gmt":"2025-03-20T00:28:01","slug":"vai-pensar-2-vida-de-um-eremita-um-psicanalista-em-cronicas","status":"publish","type":"product","link":"https:\/\/www.editoralux.com.br\/loja\/produto\/vai-pensar-2-vida-de-um-eremita-um-psicanalista-em-cronicas\/","title":{"rendered":"Vai pensar 2: vida de um eremita: um psicanalista em cr\u00f4nicas"},"content":{"rendered":"","protected":false},"excerpt":{"rendered":"<p>O livro convida o leitor a navegar por hist\u00f3rias ver\u00eddicas acerca de um viajante durante sua vida.<br \/>\nAs met\u00e1foras fazem voc\u00ea pensar sobre suas quest\u00f5es de uma maneira factual, o que \u00e9 um imperativo para elucubra\u00e7\u00f5es e questionamentos pessoais de forma livre e desafiadora.<\/p>\n","protected":false},"featured_media":22675,"template":"","meta":{"_monsterinsights_skip_tracking":false,"_monsterinsights_sitenote_active":false,"_monsterinsights_sitenote_note":"","_monsterinsights_sitenote_category":0},"product_brand":[],"product_cat":[74],"product_tag":[],"class_list":{"0":"post-22705","1":"product","2":"type-product","3":"status-publish","4":"has-post-thumbnail","6":"product_cat-uncategorized","7":"product_shipping_class-impresso","8":"pa_ano-459","9":"pa_autor-robson-chacon","10":"pa_editora-editora-lux","11":"pa_isbn-1065","12":"pa_tipo-de-capa-brochura","14":"first","15":"instock","16":"purchasable","17":"product-type-simple"},"_links":{"self":[{"href":"https:\/\/www.editoralux.com.br\/loja\/wp-json\/wp\/v2\/product\/22705"}],"collection":[{"href":"https:\/\/www.editoralux.com.br\/loja\/wp-json\/wp\/v2\/product"}],"about":[{"href":"https:\/\/www.editoralux.com.br\/loja\/wp-json\/wp\/v2\/types\/product"}],"wp:featuredmedia":[{"embeddable":true,"href":"https:\/\/www.editoralux.com.br\/loja\/wp-json\/wp\/v2\/media\/22675"}],"wp:attachment":[{"href":"https:\/\/www.editoralux.com.br\/loja\/wp-json\/wp\/v2\/media?parent=22705"}],"wp:term":[{"taxonomy":"product_brand","embeddable":true,"href":"https:\/\/www.editoralux.com.br\/loja\/wp-json\/wp\/v2\/product_brand?post=22705"},{"taxonomy":"product_cat","embeddable":true,"href":"https:\/\/www.editoralux.com.br\/loja\/wp-json\/wp\/v2\/product_cat?post=22705"},{"taxonomy":"product_tag","embeddable":true,"href":"https:\/\/www.editoralux.com.br\/loja\/wp-json\/wp\/v2\/product_tag?post=22705"}],"curies":[{"name":"wp","href":"https:\/\/api.w.org\/{rel}","templated":true}]}}