{"id":22706,"date":"2025-03-19T21:27:59","date_gmt":"2025-03-20T00:27:59","guid":{"rendered":"https:\/\/www.editoralux.com.br\/loja\/produto\/encantos-do-para\/"},"modified":"2025-03-24T22:05:38","modified_gmt":"2025-03-25T01:05:38","slug":"encantos-do-para","status":"publish","type":"product","link":"https:\/\/www.editoralux.com.br\/loja\/produto\/encantos-do-para\/","title":{"rendered":"Encantos Do Par\u00e1"},"content":{"rendered":"","protected":false},"excerpt":{"rendered":"<p>Esta obra vem, atrav\u00e9s da poesia, mostrar a cultura do povo paraense e a grande import\u00e2ncia que a miscigena\u00e7\u00e3o de ra\u00e7as teve para a cultura e a forma\u00e7\u00e3o de um povo forte e trabalhador.<br \/>\nMostra as grandes riquezas dessa regi\u00e3o, as saudades do passado e a evolu\u00e7\u00e3o dos costumes at\u00e9 os dias de hoje.<br \/>\nBoa leitura!<\/p>\n","protected":false},"featured_media":22716,"template":"","meta":{"_monsterinsights_skip_tracking":false,"_monsterinsights_sitenote_active":false,"_monsterinsights_sitenote_note":"","_monsterinsights_sitenote_category":0},"product_brand":[],"product_cat":[74],"product_tag":[],"class_list":{"0":"post-22706","1":"product","2":"type-product","3":"status-publish","4":"has-post-thumbnail","6":"product_cat-uncategorized","7":"product_shipping_class-impresso","8":"pa_ano-459","9":"pa_autor-sandra-maria-pedrosa-ramos","10":"pa_editora-editora-lux","11":"pa_isbn-1067","12":"pa_tipo-de-capa-brochura","14":"first","15":"instock","16":"purchasable","17":"product-type-simple"},"_links":{"self":[{"href":"https:\/\/www.editoralux.com.br\/loja\/wp-json\/wp\/v2\/product\/22706"}],"collection":[{"href":"https:\/\/www.editoralux.com.br\/loja\/wp-json\/wp\/v2\/product"}],"about":[{"href":"https:\/\/www.editoralux.com.br\/loja\/wp-json\/wp\/v2\/types\/product"}],"wp:featuredmedia":[{"embeddable":true,"href":"https:\/\/www.editoralux.com.br\/loja\/wp-json\/wp\/v2\/media\/22716"}],"wp:attachment":[{"href":"https:\/\/www.editoralux.com.br\/loja\/wp-json\/wp\/v2\/media?parent=22706"}],"wp:term":[{"taxonomy":"product_brand","embeddable":true,"href":"https:\/\/www.editoralux.com.br\/loja\/wp-json\/wp\/v2\/product_brand?post=22706"},{"taxonomy":"product_cat","embeddable":true,"href":"https:\/\/www.editoralux.com.br\/loja\/wp-json\/wp\/v2\/product_cat?post=22706"},{"taxonomy":"product_tag","embeddable":true,"href":"https:\/\/www.editoralux.com.br\/loja\/wp-json\/wp\/v2\/product_tag?post=22706"}],"curies":[{"name":"wp","href":"https:\/\/api.w.org\/{rel}","templated":true}]}}