{"id":22707,"date":"2025-03-19T21:27:59","date_gmt":"2025-03-20T00:27:59","guid":{"rendered":"https:\/\/www.editoralux.com.br\/loja\/produto\/ace-da-liberdade\/"},"modified":"2025-05-19T16:07:24","modified_gmt":"2025-05-19T19:07:24","slug":"ace-da-liberdade","status":"publish","type":"product","link":"https:\/\/www.editoralux.com.br\/loja\/produto\/ace-da-liberdade\/","title":{"rendered":"Ace da liberdade"},"content":{"rendered":"","protected":false},"excerpt":{"rendered":"<p>Sofia, uma jovem e talentosa tenista, enfrenta um ciclo de abusos psicol\u00f3gicos impostos por seu treinador, Guilles. Asfixiada pela press\u00e3o por resultados e pelo controle sufocante, ela encontra em J\u00falia, a CEO da renomada empresa de joias Elysium, um ref\u00fagio de amor e aceita\u00e7\u00e3o.<br \/>\nJuntas, elas desafiam conven\u00e7\u00f5es e rompem barreiras, descobrindo a for\u00e7a para confrontar o passado e construir um futuro aut\u00eantico.<br \/>\nEm meio ao glamour e \u00e0 competitividade do circuito profissional de t\u00eanis, Sofia e J\u00falia embarcam em uma jornada emocionante de autoconhecimento, supera\u00e7\u00e3o e paix\u00e3o.<br \/>\nEnquanto Sofia se prepara para os Grand Slams, Guilles, tomado pela obsess\u00e3o e pelo desejo de vingan\u00e7a, a persegue e manipula, tentando destru\u00ed-la. Com o apoio de J\u00falia, Sofia precisa lutar contra as sombras do passado e encontrar a liberdade para amar e ser feliz.<br \/>\nUma hist\u00f3ria inspiradora sobre a import\u00e2ncia de quebrar as correntes que nos aprisionam, encontrar a pr\u00f3pria voz e lutar pelos sonhos, sem medo de amar e ser amado.<\/p>\n","protected":false},"featured_media":22669,"template":"","meta":{"_monsterinsights_skip_tracking":false,"_monsterinsights_sitenote_active":false,"_monsterinsights_sitenote_note":"","_monsterinsights_sitenote_category":0},"product_brand":[],"product_cat":[74],"product_tag":[],"class_list":{"0":"post-22707","1":"product","2":"type-product","3":"status-publish","4":"has-post-thumbnail","6":"product_cat-uncategorized","7":"product_shipping_class-impresso","8":"pa_ano-459","9":"pa_autor-tiziane-maria-onofre-machado","10":"pa_editora-editora-lux","11":"pa_isbn-1069","12":"pa_tipo-de-capa-brochura","14":"first","15":"instock","16":"purchasable","17":"product-type-simple"},"_links":{"self":[{"href":"https:\/\/www.editoralux.com.br\/loja\/wp-json\/wp\/v2\/product\/22707"}],"collection":[{"href":"https:\/\/www.editoralux.com.br\/loja\/wp-json\/wp\/v2\/product"}],"about":[{"href":"https:\/\/www.editoralux.com.br\/loja\/wp-json\/wp\/v2\/types\/product"}],"wp:featuredmedia":[{"embeddable":true,"href":"https:\/\/www.editoralux.com.br\/loja\/wp-json\/wp\/v2\/media\/22669"}],"wp:attachment":[{"href":"https:\/\/www.editoralux.com.br\/loja\/wp-json\/wp\/v2\/media?parent=22707"}],"wp:term":[{"taxonomy":"product_brand","embeddable":true,"href":"https:\/\/www.editoralux.com.br\/loja\/wp-json\/wp\/v2\/product_brand?post=22707"},{"taxonomy":"product_cat","embeddable":true,"href":"https:\/\/www.editoralux.com.br\/loja\/wp-json\/wp\/v2\/product_cat?post=22707"},{"taxonomy":"product_tag","embeddable":true,"href":"https:\/\/www.editoralux.com.br\/loja\/wp-json\/wp\/v2\/product_tag?post=22707"}],"curies":[{"name":"wp","href":"https:\/\/api.w.org\/{rel}","templated":true}]}}