{"id":22740,"date":"2025-04-17T14:16:55","date_gmt":"2025-04-17T17:16:55","guid":{"rendered":"https:\/\/www.editoralux.com.br\/loja\/?post_type=product&#038;p=22740"},"modified":"2025-04-17T14:18:19","modified_gmt":"2025-04-17T17:18:19","slug":"ao-pe-da-cruz-mais-quarenta-dias-de-oracao","status":"publish","type":"product","link":"https:\/\/www.editoralux.com.br\/loja\/produto\/ao-pe-da-cruz-mais-quarenta-dias-de-oracao\/","title":{"rendered":"Ao p\u00e9 da cruz: mais quarenta dias de ora\u00e7\u00e3o"},"content":{"rendered":"","protected":false},"excerpt":{"rendered":"<p class=\"\" data-start=\"24\" data-end=\"195\">\u00c9 com muita alegria e gratid\u00e3o que trago a voc\u00ea, leitor, mais uma obra da nossa querida irm\u00e3 M\u00edria F\u00e1tima de Faria Monteiro: <em data-start=\"149\" data-end=\"194\">Ao p\u00e9 da cruz: mais quarenta dias de ora\u00e7\u00e3o<\/em>.<\/p>\n<p class=\"\" data-start=\"197\" data-end=\"385\">M\u00edria, que \u00e9 membro da IV Igreja Presbiteriana de Patos de Minas (MG), mais uma vez nos presenteia com um texto que \u00e9 a express\u00e3o de sua vida devocional e sua profunda intimidade com Deus.<\/p>\n<p class=\"\" data-start=\"387\" data-end=\"759\">Neste segundo livro, assim como no primeiro, sentimos a ess\u00eancia de seu amor pelo Senhor transbordar em cada p\u00e1gina. O que voc\u00ea encontrar\u00e1 aqui n\u00e3o \u00e9 apenas uma cole\u00e7\u00e3o de medita\u00e7\u00f5es, reflex\u00f5es e ora\u00e7\u00f5es, mas uma verdadeira jornada espiritual, cuidadosamente elaborada a partir das experi\u00eancias e do cora\u00e7\u00e3o de uma mulher que busca, acima de tudo, aproximar-se do Criador.<\/p>\n<p class=\"\" data-start=\"761\" data-end=\"906\">Caro leitor, ao abrir este livro, voc\u00ea estar\u00e1 recebendo uma nova oportunidade de aquecer seu cora\u00e7\u00e3o, iluminar sua mente e trazer paz \u00e0 sua alma.<\/p>\n<p class=\"\" data-start=\"908\" data-end=\"1100\">Em tempos de incertezas e desafios, a palavra de Deus se torna um porto seguro, como diz o salmista em Salmo 119:50: \u201cO que me consola na minha ang\u00fastia \u00e9 isso: que a tua palavra me vivifica\u201d.<\/p>\n<p class=\"\" data-start=\"1102\" data-end=\"1300\">Eu encorajo voc\u00ea a ler e a meditar com aten\u00e7\u00e3o. Deixe que as palavras e as ora\u00e7\u00f5es aqui contidas ressoem em seu interior, permitindo que o Esp\u00edrito Santo trabalhe em seu cora\u00e7\u00e3o de maneira poderosa.<\/p>\n<p class=\"\" data-start=\"1302\" data-end=\"1523\">Tenho plena convic\u00e7\u00e3o de que esta obra se tornar\u00e1 um instrumento de b\u00ean\u00e7\u00e3o em sua vida, assim como tem sido na vida de muitos outros. Que possamos todos nos aproximar mais do Senhor, buscando a Sua presen\u00e7a ao p\u00e9 da cruz.<\/p>\n<p class=\"\" data-start=\"1525\" data-end=\"1640\">Com afeto,<br data-start=\"1535\" data-end=\"1538\" \/><strong data-start=\"1538\" data-end=\"1568\">Rev. Sidney Silva Ferreira<\/strong><br data-start=\"1568\" data-end=\"1571\" \/>Pastor da IV Igreja Presbiteriana de Patos de Minas (MG)<br data-start=\"1627\" data-end=\"1630\" \/>23\/08\/2024<\/p>\n","protected":false},"featured_media":22735,"template":"","meta":{"_monsterinsights_skip_tracking":false,"_monsterinsights_sitenote_active":false,"_monsterinsights_sitenote_note":"","_monsterinsights_sitenote_category":0},"product_brand":[],"product_cat":[74],"product_tag":[],"class_list":{"0":"post-22740","1":"product","2":"type-product","3":"status-publish","4":"has-post-thumbnail","6":"product_cat-uncategorized","7":"product_shipping_class-impresso","8":"pa_ano-992","9":"pa_autor-miria-fatima-de-faria-monteiro","10":"pa_editora-editora-lux","11":"pa_isbn-978-65-5913-997-2","12":"pa_tipo-de-capa-brochura","14":"first","15":"instock","16":"purchasable","17":"product-type-simple"},"_links":{"self":[{"href":"https:\/\/www.editoralux.com.br\/loja\/wp-json\/wp\/v2\/product\/22740"}],"collection":[{"href":"https:\/\/www.editoralux.com.br\/loja\/wp-json\/wp\/v2\/product"}],"about":[{"href":"https:\/\/www.editoralux.com.br\/loja\/wp-json\/wp\/v2\/types\/product"}],"wp:featuredmedia":[{"embeddable":true,"href":"https:\/\/www.editoralux.com.br\/loja\/wp-json\/wp\/v2\/media\/22735"}],"wp:attachment":[{"href":"https:\/\/www.editoralux.com.br\/loja\/wp-json\/wp\/v2\/media?parent=22740"}],"wp:term":[{"taxonomy":"product_brand","embeddable":true,"href":"https:\/\/www.editoralux.com.br\/loja\/wp-json\/wp\/v2\/product_brand?post=22740"},{"taxonomy":"product_cat","embeddable":true,"href":"https:\/\/www.editoralux.com.br\/loja\/wp-json\/wp\/v2\/product_cat?post=22740"},{"taxonomy":"product_tag","embeddable":true,"href":"https:\/\/www.editoralux.com.br\/loja\/wp-json\/wp\/v2\/product_tag?post=22740"}],"curies":[{"name":"wp","href":"https:\/\/api.w.org\/{rel}","templated":true}]}}