{"id":22751,"date":"2025-04-17T19:51:22","date_gmt":"2025-04-17T22:51:22","guid":{"rendered":"https:\/\/www.editoralux.com.br\/loja\/produto\/como-aumentar-suas-vendas-fazendo-gestao-indicadores-de-performance-em-vendas\/"},"modified":"2025-04-17T19:51:23","modified_gmt":"2025-04-17T22:51:23","slug":"como-aumentar-suas-vendas-fazendo-gestao-indicadores-de-performance-em-vendas","status":"publish","type":"product","link":"https:\/\/www.editoralux.com.br\/loja\/produto\/como-aumentar-suas-vendas-fazendo-gestao-indicadores-de-performance-em-vendas\/","title":{"rendered":"Como aumentar suas vendas fazendo gest\u00e3o: indicadores de performance em vendas"},"content":{"rendered":"","protected":false},"excerpt":{"rendered":"<p>QUER AUMENTAR SUAS VENDAS?<br \/>\nEssa \u00e9 uma pergunta \u00e0 qual, certamente, todos responder\u00e3o positivamente. Todo profissional de vendas quer \u2014 e busca incessantemente \u2014 o aumento de suas vendas. Por\u00e9m, essa vontade passa, necessariamente, por um processo organizado, de estabelecimento de metas e de gest\u00e3o, que somente por meio de indicadores poder\u00e1 proporcionar a medi\u00e7\u00e3o e a avalia\u00e7\u00e3o da efici\u00eancia da estrat\u00e9gia estabelecida.<\/p>\n<p>Existem muitos indicadores, e o prop\u00f3sito deste livro \u00e9 mostrar a import\u00e2ncia de utiliz\u00e1-los para aumentar suas vendas de forma estruturada, gerenciando todos os processos da venda e identificando o que precisa ser ajustado para atingir melhores resultados.<\/p>\n<p>Indicadores s\u00e3o ferramentas que norteiam todo o trabalho do profissional de vendas, dando-lhe a oportunidade de avaliar sua performance e, consequentemente, o direcionamento correto a seguir para obter melhores resultados.<\/p>\n<p>Para ser um profissional de sucesso em vendas, \u00e9 preciso conciliar seus atributos pessoais com t\u00e9cnicas de gest\u00e3o, a fim de superar os concorrentes e estar sempre \u00e0 frente em um mercado inovador e exigente.<\/p>\n","protected":false},"featured_media":22748,"template":"","meta":{"_monsterinsights_skip_tracking":false,"_monsterinsights_sitenote_active":false,"_monsterinsights_sitenote_note":"","_monsterinsights_sitenote_category":0},"product_brand":[],"product_cat":[74],"product_tag":[],"class_list":{"0":"post-22751","1":"product","2":"type-product","3":"status-publish","4":"has-post-thumbnail","6":"product_cat-uncategorized","7":"product_shipping_class-impresso","8":"pa_ano-992","9":"pa_autor-denilton-jose-da-silva","10":"pa_editora-editora-lux","11":"pa_isbn-1091","12":"pa_tipo-de-capa-brochura","14":"first","15":"instock","16":"purchasable","17":"product-type-simple"},"_links":{"self":[{"href":"https:\/\/www.editoralux.com.br\/loja\/wp-json\/wp\/v2\/product\/22751"}],"collection":[{"href":"https:\/\/www.editoralux.com.br\/loja\/wp-json\/wp\/v2\/product"}],"about":[{"href":"https:\/\/www.editoralux.com.br\/loja\/wp-json\/wp\/v2\/types\/product"}],"wp:featuredmedia":[{"embeddable":true,"href":"https:\/\/www.editoralux.com.br\/loja\/wp-json\/wp\/v2\/media\/22748"}],"wp:attachment":[{"href":"https:\/\/www.editoralux.com.br\/loja\/wp-json\/wp\/v2\/media?parent=22751"}],"wp:term":[{"taxonomy":"product_brand","embeddable":true,"href":"https:\/\/www.editoralux.com.br\/loja\/wp-json\/wp\/v2\/product_brand?post=22751"},{"taxonomy":"product_cat","embeddable":true,"href":"https:\/\/www.editoralux.com.br\/loja\/wp-json\/wp\/v2\/product_cat?post=22751"},{"taxonomy":"product_tag","embeddable":true,"href":"https:\/\/www.editoralux.com.br\/loja\/wp-json\/wp\/v2\/product_tag?post=22751"}],"curies":[{"name":"wp","href":"https:\/\/api.w.org\/{rel}","templated":true}]}}