{"id":22762,"date":"2025-05-05T21:10:10","date_gmt":"2025-05-06T00:10:10","guid":{"rendered":"https:\/\/www.editoralux.com.br\/loja\/?post_type=product&#038;p=22762"},"modified":"2025-05-07T19:04:47","modified_gmt":"2025-05-07T22:04:47","slug":"os-tijolos-da-felicidade","status":"publish","type":"product","link":"https:\/\/www.editoralux.com.br\/loja\/produto\/os-tijolos-da-felicidade\/","title":{"rendered":"Os tijolos da felicidade"},"content":{"rendered":"","protected":false},"excerpt":{"rendered":"<p class=\"\" data-start=\"175\" data-end=\"441\">\u201cOs Tijolos da Felicidade\u201d foi escrito baseado em pesquisas cient\u00edficas, todas citadas nas notas de rodap\u00e9, que comprovam que os nossos h\u00e1bitos e comportamentos, quando usados de forma positiva, s\u00e3o elementos fundamentais que comp\u00f5em a estrutura da nossa felicidade.<\/p>\n<p class=\"\" data-start=\"443\" data-end=\"787\">Comportamentos simples, denominados <em data-start=\"479\" data-end=\"488\">tijolos<\/em>, podem contribuir significativamente para a constru\u00e7\u00e3o de uma vida jubilosa. Esses tijolinhos da felicidade foram estudados por d\u00e9cadas pelos melhores cientistas das mais conceituadas universidades ao redor do mundo, a fim de proporcionar meios para iniciar a constru\u00e7\u00e3o da t\u00e3o almejada felicidade.<\/p>\n<p class=\"\" data-start=\"789\" data-end=\"1000\">A neuroci\u00eancia vem estudando os mecanismos cerebrais para desenvolver t\u00e9cnicas que aumentem o nosso contentamento e bem-estar. Sabendo disso, a presente obra traz estrat\u00e9gias pr\u00e1ticas para aumentar a felicidade.<\/p>\n","protected":false},"featured_media":22764,"template":"","meta":{"_monsterinsights_skip_tracking":false,"_monsterinsights_sitenote_active":false,"_monsterinsights_sitenote_note":"","_monsterinsights_sitenote_category":0},"product_brand":[],"product_cat":[74],"product_tag":[],"class_list":{"0":"post-22762","1":"product","2":"type-product","3":"status-publish","4":"has-post-thumbnail","6":"product_cat-uncategorized","7":"product_shipping_class-impresso","8":"pa_ano-992","9":"pa_autor-cida-wolff-cardoso-weber","10":"pa_editora-editora-lux","11":"pa_isbn-978-65-5308-007-2","12":"pa_tipo-de-capa-brochura","14":"first","15":"instock","16":"purchasable","17":"product-type-simple"},"_links":{"self":[{"href":"https:\/\/www.editoralux.com.br\/loja\/wp-json\/wp\/v2\/product\/22762"}],"collection":[{"href":"https:\/\/www.editoralux.com.br\/loja\/wp-json\/wp\/v2\/product"}],"about":[{"href":"https:\/\/www.editoralux.com.br\/loja\/wp-json\/wp\/v2\/types\/product"}],"wp:featuredmedia":[{"embeddable":true,"href":"https:\/\/www.editoralux.com.br\/loja\/wp-json\/wp\/v2\/media\/22764"}],"wp:attachment":[{"href":"https:\/\/www.editoralux.com.br\/loja\/wp-json\/wp\/v2\/media?parent=22762"}],"wp:term":[{"taxonomy":"product_brand","embeddable":true,"href":"https:\/\/www.editoralux.com.br\/loja\/wp-json\/wp\/v2\/product_brand?post=22762"},{"taxonomy":"product_cat","embeddable":true,"href":"https:\/\/www.editoralux.com.br\/loja\/wp-json\/wp\/v2\/product_cat?post=22762"},{"taxonomy":"product_tag","embeddable":true,"href":"https:\/\/www.editoralux.com.br\/loja\/wp-json\/wp\/v2\/product_tag?post=22762"}],"curies":[{"name":"wp","href":"https:\/\/api.w.org\/{rel}","templated":true}]}}