{"id":22787,"date":"2025-05-17T15:17:48","date_gmt":"2025-05-17T18:17:48","guid":{"rendered":"https:\/\/www.editoralux.com.br\/loja\/produto\/o-diario-de-uma-pandemia-o-relato-de-uma-enfermeira-na-linha-de-frente\/"},"modified":"2025-07-02T12:09:28","modified_gmt":"2025-07-02T15:09:28","slug":"o-diario-de-uma-pandemia-o-relato-de-uma-enfermeira-na-linha-de-frente","status":"publish","type":"product","link":"https:\/\/www.editoralux.com.br\/loja\/produto\/o-diario-de-uma-pandemia-o-relato-de-uma-enfermeira-na-linha-de-frente\/","title":{"rendered":"O di\u00e1rio de uma pandemia: o relato de uma enfermeira na linha de frente"},"content":{"rendered":"","protected":false},"excerpt":{"rendered":"<p>Em meio \u00e0 pandemia que paralisou o mundo, uma crise silenciosa se desenrolava nas sombras. O Di\u00e1rio de uma Pandemia \u00e9 uma obra poderosa e emocionante que explora a sa\u00fade mental durante um dos momentos mais desafiadores da hist\u00f3ria recente, conduzindo-nos por uma jornada de autorreflex\u00e3o, resili\u00eancia e esperan\u00e7a.<br \/>\nPor meio de hist\u00f3rias baseadas em fatos e personagens inspiradores, a autora nos mostra como a pandemia afetou a sa\u00fade mental de pessoas de todas as idades e contextos. Com sensibilidade e profundidade, o livro aborda temas como ansiedade, isolamento, trabalho em equipe, atendimento e a import\u00e2ncia da tecnologia, mas tamb\u00e9m nos oferece ferramentas pr\u00e1ticas e estrat\u00e9gias para lidarmos com esses desafios.<br \/>\nO Di\u00e1rio de uma Pandemia \u00e9 um convite para refletirmos sobre a nossa pr\u00f3pria sa\u00fade mental e para encontrarmos maneiras de cuidar de n\u00f3s mesmos e dos outros durante os momentos mais dif\u00edceis. \u00c9 um livro que nos lembra de que, mesmo na escurid\u00e3o, h\u00e1 sempre uma luz de esperan\u00e7a.<br \/>\nEsta obra \u00e9 uma fic\u00e7\u00e3o, baseada em casos vividos pela autora.<br \/>\nP\u00fablico-alvo: adultos, jovens, profissionais de sa\u00fade \u2014 em especial, da sa\u00fade mental.<\/p>\n","protected":false},"featured_media":22780,"template":"","meta":{"_monsterinsights_skip_tracking":false,"_monsterinsights_sitenote_active":false,"_monsterinsights_sitenote_note":"","_monsterinsights_sitenote_category":0},"product_brand":[],"product_cat":[74],"product_tag":[],"class_list":{"0":"post-22787","1":"product","2":"type-product","3":"status-publish","4":"has-post-thumbnail","6":"product_cat-uncategorized","7":"product_shipping_class-impresso","8":"pa_ano-992","9":"pa_autor-williana-samara-praxedes","10":"pa_editora-editora-lux","11":"pa_isbn-1106","12":"pa_tipo-de-capa-brochura","14":"first","15":"instock","16":"purchasable","17":"product-type-simple"},"_links":{"self":[{"href":"https:\/\/www.editoralux.com.br\/loja\/wp-json\/wp\/v2\/product\/22787"}],"collection":[{"href":"https:\/\/www.editoralux.com.br\/loja\/wp-json\/wp\/v2\/product"}],"about":[{"href":"https:\/\/www.editoralux.com.br\/loja\/wp-json\/wp\/v2\/types\/product"}],"wp:featuredmedia":[{"embeddable":true,"href":"https:\/\/www.editoralux.com.br\/loja\/wp-json\/wp\/v2\/media\/22780"}],"wp:attachment":[{"href":"https:\/\/www.editoralux.com.br\/loja\/wp-json\/wp\/v2\/media?parent=22787"}],"wp:term":[{"taxonomy":"product_brand","embeddable":true,"href":"https:\/\/www.editoralux.com.br\/loja\/wp-json\/wp\/v2\/product_brand?post=22787"},{"taxonomy":"product_cat","embeddable":true,"href":"https:\/\/www.editoralux.com.br\/loja\/wp-json\/wp\/v2\/product_cat?post=22787"},{"taxonomy":"product_tag","embeddable":true,"href":"https:\/\/www.editoralux.com.br\/loja\/wp-json\/wp\/v2\/product_tag?post=22787"}],"curies":[{"name":"wp","href":"https:\/\/api.w.org\/{rel}","templated":true}]}}