{"id":22820,"date":"2025-05-31T21:58:02","date_gmt":"2025-06-01T00:58:02","guid":{"rendered":"https:\/\/www.editoralux.com.br\/loja\/produto\/a-empregada-quando-dizem-que-e-da-familia-mas-nao-pode-se-sentar-a-mesa\/"},"modified":"2025-05-31T21:58:02","modified_gmt":"2025-06-01T00:58:02","slug":"a-empregada-quando-dizem-que-e-da-familia-mas-nao-pode-se-sentar-a-mesa","status":"publish","type":"product","link":"https:\/\/www.editoralux.com.br\/loja\/produto\/a-empregada-quando-dizem-que-e-da-familia-mas-nao-pode-se-sentar-a-mesa\/","title":{"rendered":"A empregada: quando dizem que \u00e9 da fam\u00edlia, mas n\u00e3o pode se sentar \u00e0 mesa"},"content":{"rendered":"","protected":false},"excerpt":{"rendered":"<p>Este livro \u00e9 uma homenagem \u00e0 dedica\u00e7\u00e3o das empregadas dom\u00e9sticas. Com seu trabalho silencioso e incans\u00e1vel, elas transformam casas em lares. S\u00e3o as verdadeiras hero\u00ednas do cotidiano, trazendo organiza\u00e7\u00e3o, carinho e amor em suas tarefas.<\/p>\n<p>Seu esfor\u00e7o e comprometimento s\u00e3o dignos de nosso profundo reconhecimento e gratid\u00e3o. Elas s\u00e3o a for\u00e7a motriz que mant\u00e9m nossas vidas em ordem, e seu papel \u00e9 de suma import\u00e2ncia.<\/p>\n<p>Este livro \u00e9 uma celebra\u00e7\u00e3o da for\u00e7a e da import\u00e2ncia de cada uma dessas mulheres. \u00c9 um reconhecimento de seu valor e uma tentativa de dar a elas o destaque que merecem em nossa sociedade.<\/p>\n","protected":false},"featured_media":22804,"template":"","meta":{"_monsterinsights_skip_tracking":false,"_monsterinsights_sitenote_active":false,"_monsterinsights_sitenote_note":"","_monsterinsights_sitenote_category":0},"product_brand":[],"product_cat":[74],"product_tag":[],"class_list":{"0":"post-22820","1":"product","2":"type-product","3":"status-publish","4":"has-post-thumbnail","6":"product_cat-uncategorized","7":"product_shipping_class-impresso","8":"pa_ano-992","9":"pa_autor-dora-maria","10":"pa_editora-editora-lux","11":"pa_isbn-1116","12":"pa_quantidade-de-paginas-744","13":"pa_tipo-de-capa-brochura","15":"first","16":"instock","17":"purchasable","18":"product-type-simple"},"_links":{"self":[{"href":"https:\/\/www.editoralux.com.br\/loja\/wp-json\/wp\/v2\/product\/22820"}],"collection":[{"href":"https:\/\/www.editoralux.com.br\/loja\/wp-json\/wp\/v2\/product"}],"about":[{"href":"https:\/\/www.editoralux.com.br\/loja\/wp-json\/wp\/v2\/types\/product"}],"wp:featuredmedia":[{"embeddable":true,"href":"https:\/\/www.editoralux.com.br\/loja\/wp-json\/wp\/v2\/media\/22804"}],"wp:attachment":[{"href":"https:\/\/www.editoralux.com.br\/loja\/wp-json\/wp\/v2\/media?parent=22820"}],"wp:term":[{"taxonomy":"product_brand","embeddable":true,"href":"https:\/\/www.editoralux.com.br\/loja\/wp-json\/wp\/v2\/product_brand?post=22820"},{"taxonomy":"product_cat","embeddable":true,"href":"https:\/\/www.editoralux.com.br\/loja\/wp-json\/wp\/v2\/product_cat?post=22820"},{"taxonomy":"product_tag","embeddable":true,"href":"https:\/\/www.editoralux.com.br\/loja\/wp-json\/wp\/v2\/product_tag?post=22820"}],"curies":[{"name":"wp","href":"https:\/\/api.w.org\/{rel}","templated":true}]}}