{"id":22825,"date":"2025-05-31T21:58:02","date_gmt":"2025-06-01T00:58:02","guid":{"rendered":"https:\/\/www.editoralux.com.br\/loja\/produto\/reinventando-se-aos-50-guia-definitivo-para-empreender-sozinha-e-com-sucesso\/"},"modified":"2025-05-31T21:58:03","modified_gmt":"2025-06-01T00:58:03","slug":"reinventando-se-aos-50-guia-definitivo-para-empreender-sozinha-e-com-sucesso","status":"publish","type":"product","link":"https:\/\/www.editoralux.com.br\/loja\/produto\/reinventando-se-aos-50-guia-definitivo-para-empreender-sozinha-e-com-sucesso\/","title":{"rendered":"Reinventando-se aos 50: guia definitivo para empreender sozinha e com sucesso"},"content":{"rendered":"","protected":false},"excerpt":{"rendered":"<p>&#8220;Reinventando-se aos 50&#8221;, escrito por Maria Eug\u00eanio, tamb\u00e9m conhecida como Tukinha, \u00e9 um guia inspirador voltado para mulheres que aspiram ao sucesso no empreendedorismo, sem que a idade seja um empecilho. A obra aborda temas fundamentais como o poder da mente, a paix\u00e3o como motor de a\u00e7\u00e3o, a import\u00e2ncia do planejamento estrat\u00e9gico e a relev\u00e2ncia do networking.<\/p>\n<p>Tukinha, atrav\u00e9s de suas hist\u00f3rias pessoais e conselhos pr\u00e1ticos, convida as leitoras a embarcarem em uma jornada de autodescoberta e empoderamento. Ela incentiva a celebra\u00e7\u00e3o das conquistas, a supera\u00e7\u00e3o de desafios e a cren\u00e7a no pr\u00f3prio potencial, elementos essenciais para o sucesso.<\/p>\n<p>O livro \u00e9 um convite aberto a todas as mulheres que desejam se reinventar e que buscam felicidade, liberdade e realiza\u00e7\u00e3o profissional. Tukinha compartilha sua experi\u00eancia, demonstrando que a idade n\u00e3o \u00e9 um obst\u00e1culo para alcan\u00e7ar os sonhos e construir uma vida plena e bem-sucedida. A mensagem central \u00e9 que nunca \u00e9 tarde para buscar o sucesso e a realiza\u00e7\u00e3o pessoal e profissional.<\/p>\n","protected":false},"featured_media":22812,"template":"","meta":{"_monsterinsights_skip_tracking":false,"_monsterinsights_sitenote_active":false,"_monsterinsights_sitenote_note":"","_monsterinsights_sitenote_category":0},"product_brand":[],"product_cat":[74],"product_tag":[],"class_list":{"0":"post-22825","1":"product","2":"type-product","3":"status-publish","4":"has-post-thumbnail","6":"product_cat-uncategorized","7":"product_shipping_class-impresso","8":"pa_ano-992","9":"pa_autor-maria-eugenio-da-silva","10":"pa_editora-editora-lux","11":"pa_isbn-1126","12":"pa_quantidade-de-paginas-801","13":"pa_tipo-de-capa-brochura","15":"first","16":"instock","17":"purchasable","18":"product-type-simple"},"_links":{"self":[{"href":"https:\/\/www.editoralux.com.br\/loja\/wp-json\/wp\/v2\/product\/22825"}],"collection":[{"href":"https:\/\/www.editoralux.com.br\/loja\/wp-json\/wp\/v2\/product"}],"about":[{"href":"https:\/\/www.editoralux.com.br\/loja\/wp-json\/wp\/v2\/types\/product"}],"wp:featuredmedia":[{"embeddable":true,"href":"https:\/\/www.editoralux.com.br\/loja\/wp-json\/wp\/v2\/media\/22812"}],"wp:attachment":[{"href":"https:\/\/www.editoralux.com.br\/loja\/wp-json\/wp\/v2\/media?parent=22825"}],"wp:term":[{"taxonomy":"product_brand","embeddable":true,"href":"https:\/\/www.editoralux.com.br\/loja\/wp-json\/wp\/v2\/product_brand?post=22825"},{"taxonomy":"product_cat","embeddable":true,"href":"https:\/\/www.editoralux.com.br\/loja\/wp-json\/wp\/v2\/product_cat?post=22825"},{"taxonomy":"product_tag","embeddable":true,"href":"https:\/\/www.editoralux.com.br\/loja\/wp-json\/wp\/v2\/product_tag?post=22825"}],"curies":[{"name":"wp","href":"https:\/\/api.w.org\/{rel}","templated":true}]}}