{"id":22827,"date":"2025-05-31T21:58:02","date_gmt":"2025-06-01T00:58:02","guid":{"rendered":"https:\/\/www.editoralux.com.br\/loja\/produto\/a-luz-do-amanha\/"},"modified":"2025-06-02T14:51:46","modified_gmt":"2025-06-02T17:51:46","slug":"a-luz-do-amanha","status":"publish","type":"product","link":"https:\/\/www.editoralux.com.br\/loja\/produto\/a-luz-do-amanha\/","title":{"rendered":"A luz do amanh\u00e3"},"content":{"rendered":"","protected":false},"excerpt":{"rendered":"<p>Em nossa jornada, cruzamos in\u00fameros caminhos e gastamos incont\u00e1veis horas na busca de algo que parece distante de nossa realidade. Frequentemente, deixamos de perceber que tudo o que procuramos e de que necessitamos est\u00e1 mais pr\u00f3ximo de n\u00f3s do que imaginamos. Esta percep\u00e7\u00e3o muitas vezes s\u00f3 se torna clara quando uma nuvem escura se abate sobre alguma passagem de nossas vidas e nos deparamos com dificuldades que nos desafiam.<\/p>\n<p>Com f\u00e9 e perseveran\u00e7a, seguimos firmes, conscientes de que em algum ponto do caminho, seja na curva da estrada ou na sombra de uma \u00e1rvore, encontraremos reconforto. Este lugar nos fornecer\u00e1 as energias necess\u00e1rias para continuarmos nossa jornada. Eu vivenciei essa experi\u00eancia em um momento particularmente dif\u00edcil, quando parecia que tudo seria envolto em escurid\u00e3o.<\/p>\n<p>No entanto, anjos aparecem em nossas vidas para nos mostrar que as adversidades de hoje podem se tornar a luz do amanh\u00e3. \u00c9 essa luz que ilumina nosso caminho e nos d\u00e1 esperan\u00e7a para enfrentar os desafios que surgem. <\/p>\n<p>Por isso, dedico esta obra \u00e0s pessoas queridas que comp\u00f5em minha fam\u00edlia e aos amigos que me apoiaram ao longo do caminho. A eles, deixo aqui meus sentimentos de gratid\u00e3o.<\/p>\n","protected":false},"featured_media":22816,"template":"","meta":{"_monsterinsights_skip_tracking":false,"_monsterinsights_sitenote_active":false,"_monsterinsights_sitenote_note":"","_monsterinsights_sitenote_category":0},"product_brand":[],"product_cat":[74],"product_tag":[],"class_list":{"0":"post-22827","1":"product","2":"type-product","3":"status-publish","4":"has-post-thumbnail","6":"product_cat-uncategorized","7":"product_shipping_class-impresso","8":"pa_ano-992","9":"pa_autor-eduardo-drociunas","10":"pa_editora-editora-lux","11":"pa_isbn-1132","12":"pa_quantidade-de-paginas-679","13":"pa_tipo-de-capa-brochura","15":"first","16":"instock","17":"purchasable","18":"product-type-simple"},"_links":{"self":[{"href":"https:\/\/www.editoralux.com.br\/loja\/wp-json\/wp\/v2\/product\/22827"}],"collection":[{"href":"https:\/\/www.editoralux.com.br\/loja\/wp-json\/wp\/v2\/product"}],"about":[{"href":"https:\/\/www.editoralux.com.br\/loja\/wp-json\/wp\/v2\/types\/product"}],"wp:featuredmedia":[{"embeddable":true,"href":"https:\/\/www.editoralux.com.br\/loja\/wp-json\/wp\/v2\/media\/22816"}],"wp:attachment":[{"href":"https:\/\/www.editoralux.com.br\/loja\/wp-json\/wp\/v2\/media?parent=22827"}],"wp:term":[{"taxonomy":"product_brand","embeddable":true,"href":"https:\/\/www.editoralux.com.br\/loja\/wp-json\/wp\/v2\/product_brand?post=22827"},{"taxonomy":"product_cat","embeddable":true,"href":"https:\/\/www.editoralux.com.br\/loja\/wp-json\/wp\/v2\/product_cat?post=22827"},{"taxonomy":"product_tag","embeddable":true,"href":"https:\/\/www.editoralux.com.br\/loja\/wp-json\/wp\/v2\/product_tag?post=22827"}],"curies":[{"name":"wp","href":"https:\/\/api.w.org\/{rel}","templated":true}]}}