{"id":22853,"date":"2025-06-14T20:25:17","date_gmt":"2025-06-14T23:25:17","guid":{"rendered":"https:\/\/www.editoralux.com.br\/loja\/produto\/desassossego\/"},"modified":"2025-06-26T11:38:20","modified_gmt":"2025-06-26T14:38:20","slug":"desassossego","status":"publish","type":"product","link":"https:\/\/www.editoralux.com.br\/loja\/produto\/desassossego\/","title":{"rendered":"Desassossego"},"content":{"rendered":"","protected":false},"excerpt":{"rendered":"<p>&#8220;Desassossego&#8221; conta a hist\u00f3ria de Regina Aires Ferraz, uma jovem que se v\u00ea diante do desafio de lidar com a fal\u00eancia da tecelagem da fam\u00edlia. Este empreendimento, constru\u00eddo por seu av\u00f4, \u00e9 agora sua responsabilidade, e ela \u00e9 for\u00e7ada a supervisionar seu decl\u00ednio devido a circunst\u00e2ncias adversas.<\/p>\n<p>Em meio a essa turbul\u00eancia, Regina supera a desilus\u00e3o de um amor destrutivo e encontra uma nova oportunidade para o amor. Paralelamente \u00e0 sua jornada, a vida entrela\u00e7a os destinos de outras pessoas cujas hist\u00f3rias se cruzam com a dela.<\/p>\n<p>A trama se desenrola com a constru\u00e7\u00e3o e o desmoronamento da fam\u00edlia de Regina como pano de fundo, cujas ra\u00edzes remontam ao interior do Brasil. A narrativa leva Regina de uma exist\u00eancia provinciana e rica, agora empobrecida, a uma profunda descoberta de si mesma e do mundo ao seu redor.<\/p>\n<p>Entre sucessos e fracassos, &#8220;Desassossego&#8221; explora os meandros das rela\u00e7\u00f5es humanas e o impacto das escolhas na vida de seus personagens. A hist\u00f3ria \u00e9 uma reflex\u00e3o sobre a vida, o amor e as decis\u00f5es que tomamos, e como elas moldam nosso destino.<\/p>\n","protected":false},"featured_media":22846,"template":"","meta":{"_monsterinsights_skip_tracking":false,"_monsterinsights_sitenote_active":false,"_monsterinsights_sitenote_note":"","_monsterinsights_sitenote_category":0},"product_brand":[],"product_cat":[74],"product_tag":[],"class_list":{"0":"post-22853","1":"product","2":"type-product","3":"status-publish","4":"has-post-thumbnail","6":"product_cat-uncategorized","7":"product_shipping_class-impresso","8":"pa_ano-992","9":"pa_autor-paulo-fernando-dias-feres","10":"pa_editora-editora-lux","11":"pa_isbn-1140","12":"pa_quantidade-de-paginas-729","13":"pa_tipo-de-capa-brochura","15":"first","16":"instock","17":"purchasable","18":"product-type-simple"},"_links":{"self":[{"href":"https:\/\/www.editoralux.com.br\/loja\/wp-json\/wp\/v2\/product\/22853"}],"collection":[{"href":"https:\/\/www.editoralux.com.br\/loja\/wp-json\/wp\/v2\/product"}],"about":[{"href":"https:\/\/www.editoralux.com.br\/loja\/wp-json\/wp\/v2\/types\/product"}],"wp:featuredmedia":[{"embeddable":true,"href":"https:\/\/www.editoralux.com.br\/loja\/wp-json\/wp\/v2\/media\/22846"}],"wp:attachment":[{"href":"https:\/\/www.editoralux.com.br\/loja\/wp-json\/wp\/v2\/media?parent=22853"}],"wp:term":[{"taxonomy":"product_brand","embeddable":true,"href":"https:\/\/www.editoralux.com.br\/loja\/wp-json\/wp\/v2\/product_brand?post=22853"},{"taxonomy":"product_cat","embeddable":true,"href":"https:\/\/www.editoralux.com.br\/loja\/wp-json\/wp\/v2\/product_cat?post=22853"},{"taxonomy":"product_tag","embeddable":true,"href":"https:\/\/www.editoralux.com.br\/loja\/wp-json\/wp\/v2\/product_tag?post=22853"}],"curies":[{"name":"wp","href":"https:\/\/api.w.org\/{rel}","templated":true}]}}