{"id":22858,"date":"2025-06-14T20:25:17","date_gmt":"2025-06-14T23:25:17","guid":{"rendered":"https:\/\/www.editoralux.com.br\/loja\/produto\/efraim-duplamente-frutifero\/"},"modified":"2025-06-14T20:25:18","modified_gmt":"2025-06-14T23:25:18","slug":"efraim-duplamente-frutifero","status":"publish","type":"product","link":"https:\/\/www.editoralux.com.br\/loja\/produto\/efraim-duplamente-frutifero\/","title":{"rendered":"Efraim: duplamente frut\u00edfero"},"content":{"rendered":"","protected":false},"excerpt":{"rendered":"<p>No reino onde a l\u00f3gica se curva e a raz\u00e3o se rende, ergue-se o castelo da f\u00e9. Este castelo \u00e9 constru\u00eddo com muralhas de esperan\u00e7a e seus port\u00f5es s\u00e3o trancados para aqueles que duvidam. Dentro de suas paredes, reside o segredo sussurrado pelos ventos: o imposs\u00edvel \u00e9 apenas uma quest\u00e3o de f\u00e9.<\/p>\n<p>A hist\u00f3ria conta que um pequeno gr\u00e3o de areia, desafiado pela imensid\u00e3o do deserto, ousou sonhar em se tornar uma montanha. A raz\u00e3o zombou e o vento debochou, mas o gr\u00e3o, nutrido pela f\u00e9, persistiu. A cada amanhecer, absorvia a luz do sol e a cada noite, abra\u00e7ava o frio da lua. Lentamente, de forma quase impercept\u00edvel, outros gr\u00e3os se juntaram a ele, atra\u00eddos por sua convic\u00e7\u00e3o.<\/p>\n<p>Dia ap\u00f3s dia, o imposs\u00edvel se tornou realidade. Onde antes havia apenas areia, ergueu-se uma montanha majestosa, um mundo de esperan\u00e7a para todos os que ousam acreditar. A f\u00e9 \u00e9 a for\u00e7a que nos move, que nos sustenta e nos leva \u00e0 vit\u00f3ria, transformando o imposs\u00edvel em possibilidades.<\/p>\n","protected":false},"featured_media":22842,"template":"","meta":{"_monsterinsights_skip_tracking":false,"_monsterinsights_sitenote_active":false,"_monsterinsights_sitenote_note":"","_monsterinsights_sitenote_category":0},"product_brand":[],"product_cat":[74],"product_tag":[],"class_list":{"0":"post-22858","1":"product","2":"type-product","3":"status-publish","4":"has-post-thumbnail","6":"product_cat-uncategorized","7":"product_shipping_class-impresso","8":"pa_ano-992","9":"pa_autor-tereza-medeiros","10":"pa_editora-editora-lux","11":"pa_isbn-1151","12":"pa_quantidade-de-paginas-664","13":"pa_tipo-de-capa-brochura","15":"first","16":"instock","17":"purchasable","18":"product-type-simple"},"_links":{"self":[{"href":"https:\/\/www.editoralux.com.br\/loja\/wp-json\/wp\/v2\/product\/22858"}],"collection":[{"href":"https:\/\/www.editoralux.com.br\/loja\/wp-json\/wp\/v2\/product"}],"about":[{"href":"https:\/\/www.editoralux.com.br\/loja\/wp-json\/wp\/v2\/types\/product"}],"wp:featuredmedia":[{"embeddable":true,"href":"https:\/\/www.editoralux.com.br\/loja\/wp-json\/wp\/v2\/media\/22842"}],"wp:attachment":[{"href":"https:\/\/www.editoralux.com.br\/loja\/wp-json\/wp\/v2\/media?parent=22858"}],"wp:term":[{"taxonomy":"product_brand","embeddable":true,"href":"https:\/\/www.editoralux.com.br\/loja\/wp-json\/wp\/v2\/product_brand?post=22858"},{"taxonomy":"product_cat","embeddable":true,"href":"https:\/\/www.editoralux.com.br\/loja\/wp-json\/wp\/v2\/product_cat?post=22858"},{"taxonomy":"product_tag","embeddable":true,"href":"https:\/\/www.editoralux.com.br\/loja\/wp-json\/wp\/v2\/product_tag?post=22858"}],"curies":[{"name":"wp","href":"https:\/\/api.w.org\/{rel}","templated":true}]}}