{"id":22864,"date":"2025-06-25T21:01:52","date_gmt":"2025-06-26T00:01:52","guid":{"rendered":"https:\/\/www.editoralux.com.br\/loja\/?post_type=product&#038;p=22864"},"modified":"2025-06-25T21:03:34","modified_gmt":"2025-06-26T00:03:34","slug":"direito-civil-em-cordel","status":"publish","type":"product","link":"https:\/\/www.editoralux.com.br\/loja\/produto\/direito-civil-em-cordel\/","title":{"rendered":"Direito civil em cordel"},"content":{"rendered":"","protected":false},"excerpt":{"rendered":"<p data-start=\"0\" data-end=\"122\">O Cordel \u00e9 uma express\u00e3o sonora, imag\u00e9tica e liter\u00e1ria genuinamente nordestina. O Direito \u00e9 uma constru\u00e7\u00e3o social que visa a manuten\u00e7\u00e3o da ordem social. Aparentemente opostas, mas que n\u00e3o precisam ser. Aqui n\u00e3o h\u00e1 divis\u00f5es profundas entre a formalidade e a espontaneidade, ou entre a express\u00e3o cultural e a jur\u00eddica, mas existe a uni\u00e3o fomentada pela literatura, pela cultura e pela educa\u00e7\u00e3o\u2026 Ou melhor, por uma nova e bela forma de conhecer o Direito.<\/p>\n","protected":false},"featured_media":22866,"template":"","meta":{"_monsterinsights_skip_tracking":false,"_monsterinsights_sitenote_active":false,"_monsterinsights_sitenote_note":"","_monsterinsights_sitenote_category":0},"product_brand":[],"product_cat":[74],"product_tag":[],"class_list":{"0":"post-22864","1":"product","2":"type-product","3":"status-publish","4":"has-post-thumbnail","6":"product_cat-uncategorized","7":"product_shipping_class-impresso","8":"pa_ano-992","9":"pa_autor-vanessa-gomes","10":"pa_editora-editora-lux","11":"pa_isbn-978-65-5308-037-9","12":"pa_quantidade-de-paginas-1128","13":"pa_tipo-de-capa-brochura","15":"first","16":"instock","17":"purchasable","18":"product-type-simple"},"_links":{"self":[{"href":"https:\/\/www.editoralux.com.br\/loja\/wp-json\/wp\/v2\/product\/22864"}],"collection":[{"href":"https:\/\/www.editoralux.com.br\/loja\/wp-json\/wp\/v2\/product"}],"about":[{"href":"https:\/\/www.editoralux.com.br\/loja\/wp-json\/wp\/v2\/types\/product"}],"wp:featuredmedia":[{"embeddable":true,"href":"https:\/\/www.editoralux.com.br\/loja\/wp-json\/wp\/v2\/media\/22866"}],"wp:attachment":[{"href":"https:\/\/www.editoralux.com.br\/loja\/wp-json\/wp\/v2\/media?parent=22864"}],"wp:term":[{"taxonomy":"product_brand","embeddable":true,"href":"https:\/\/www.editoralux.com.br\/loja\/wp-json\/wp\/v2\/product_brand?post=22864"},{"taxonomy":"product_cat","embeddable":true,"href":"https:\/\/www.editoralux.com.br\/loja\/wp-json\/wp\/v2\/product_cat?post=22864"},{"taxonomy":"product_tag","embeddable":true,"href":"https:\/\/www.editoralux.com.br\/loja\/wp-json\/wp\/v2\/product_tag?post=22864"}],"curies":[{"name":"wp","href":"https:\/\/api.w.org\/{rel}","templated":true}]}}