{"id":22874,"date":"2025-06-27T07:18:02","date_gmt":"2025-06-27T10:18:02","guid":{"rendered":"https:\/\/www.editoralux.com.br\/loja\/?post_type=product&#038;p=22874"},"modified":"2025-06-27T07:19:46","modified_gmt":"2025-06-27T10:19:46","slug":"a-alquimia-da-mente-positiva-transforme-a-sua-vida-atraves-de-pensamentos-poderosos-e-acoes-eficazes","status":"publish","type":"product","link":"https:\/\/www.editoralux.com.br\/loja\/produto\/a-alquimia-da-mente-positiva-transforme-a-sua-vida-atraves-de-pensamentos-poderosos-e-acoes-eficazes\/","title":{"rendered":"A alquimia da mente positiva: transforme a sua vida atrav\u00e9s de pensamentos poderosos e a\u00e7\u00f5es eficazes"},"content":{"rendered":"","protected":false},"excerpt":{"rendered":"<p data-start=\"0\" data-end=\"131\">Esta obra fala sobre os obst\u00e1culos que, muitas vezes, parecem montanhas intranspon\u00edveis.<\/p>\n<p data-start=\"133\" data-end=\"494\">Voc\u00ea se sente paralisado pelos medos? Est\u00e1 cercado por vozes que dizem que n\u00e3o vai dar certo? Vamos juntos desvendar essas barreiras, entender como elas operam e, quem sabe, at\u00e9 rir um pouco delas \u2014 porque, na verdade, muitas delas n\u00e3o passam de fantasmas criados por nosso pr\u00f3prio pensamento. E, acredite, h\u00e1 uma luz realmente brilhante ao final desse t\u00fanel.<\/p>\n<p data-start=\"496\" data-end=\"686\">O poder das conex\u00f5es humanas tamb\u00e9m n\u00e3o pode ser subestimado. \u00c0s vezes, \u00e9 aquele amigo que o levanta, ou um mentor que, com um simples conselho, faz voc\u00ea enxergar a vida com um novo olhar.<\/p>\n<p data-start=\"688\" data-end=\"823\">Prepare-se, porque vamos explorar como cultivar essas rela\u00e7\u00f5es e torn\u00e1-las em verdadeiras redes de apoio que sustentam nossos sonhos.<\/p>\n","protected":false},"featured_media":22871,"template":"","meta":{"_monsterinsights_skip_tracking":false,"_monsterinsights_sitenote_active":false,"_monsterinsights_sitenote_note":"","_monsterinsights_sitenote_category":0},"product_brand":[],"product_cat":[74],"product_tag":[],"class_list":{"0":"post-22874","1":"product","2":"type-product","3":"status-publish","4":"has-post-thumbnail","6":"product_cat-uncategorized","7":"product_shipping_class-impresso","8":"pa_ano-992","9":"pa_autor-claudia-s-w-martins","10":"pa_editora-editora-lux","11":"pa_isbn-978-65-5308-038-6","12":"pa_quantidade-de-paginas-787","13":"pa_tipo-de-capa-brochura","15":"first","16":"instock","17":"purchasable","18":"product-type-simple"},"_links":{"self":[{"href":"https:\/\/www.editoralux.com.br\/loja\/wp-json\/wp\/v2\/product\/22874"}],"collection":[{"href":"https:\/\/www.editoralux.com.br\/loja\/wp-json\/wp\/v2\/product"}],"about":[{"href":"https:\/\/www.editoralux.com.br\/loja\/wp-json\/wp\/v2\/types\/product"}],"wp:featuredmedia":[{"embeddable":true,"href":"https:\/\/www.editoralux.com.br\/loja\/wp-json\/wp\/v2\/media\/22871"}],"wp:attachment":[{"href":"https:\/\/www.editoralux.com.br\/loja\/wp-json\/wp\/v2\/media?parent=22874"}],"wp:term":[{"taxonomy":"product_brand","embeddable":true,"href":"https:\/\/www.editoralux.com.br\/loja\/wp-json\/wp\/v2\/product_brand?post=22874"},{"taxonomy":"product_cat","embeddable":true,"href":"https:\/\/www.editoralux.com.br\/loja\/wp-json\/wp\/v2\/product_cat?post=22874"},{"taxonomy":"product_tag","embeddable":true,"href":"https:\/\/www.editoralux.com.br\/loja\/wp-json\/wp\/v2\/product_tag?post=22874"}],"curies":[{"name":"wp","href":"https:\/\/api.w.org\/{rel}","templated":true}]}}