{"id":22879,"date":"2025-07-02T13:31:17","date_gmt":"2025-07-02T16:31:17","guid":{"rendered":"https:\/\/www.editoralux.com.br\/loja\/?post_type=product&#038;p=22879"},"modified":"2026-02-18T16:14:24","modified_gmt":"2026-02-18T19:14:24","slug":"obsessao-o-mal-do-seculo-causas-sintomas-e-tratamento","status":"publish","type":"product","link":"https:\/\/www.editoralux.com.br\/loja\/produto\/obsessao-o-mal-do-seculo-causas-sintomas-e-tratamento\/","title":{"rendered":"OBSESS\u00c3O: O mal do s\u00e9culo- Causas, Sintomas e Tratamento"},"content":{"rendered":"","protected":false},"excerpt":{"rendered":"<p data-start=\"147\" data-end=\"356\">O livro <em data-start=\"155\" data-end=\"196\">Obsess\u00e3o: Causas, Sintomas e Tratamento<\/em> \u00e9 um manual t\u00e9cnico que trata do assunto obsess\u00e3o espiritual de forma clara, concisa e objetiva, explorando suas causas, formas, tipos, sintomas e tratamentos.<\/p>\n<p data-start=\"358\" data-end=\"655\">A obsess\u00e3o espiritual, conhecida hoje como o mal do s\u00e9culo, \u00e9 uma perturba\u00e7\u00e3o extraf\u00edsica que atinge indistintamente milh\u00f5es de pessoas no mundo todo. Poucas delas conhecem seu poder destrutivo, que pode causar desde simples confus\u00f5es mentais at\u00e9 doen\u00e7as graves e, inclusive, a morte por suic\u00eddio.<\/p>\n<p data-start=\"657\" data-end=\"941\">Com uma linguagem acess\u00edvel a todos, o livro explica detalhadamente esse mal e inclui conte\u00fados como: explica\u00e7\u00f5es sobre psicosfera, magnetismo, magia, descri\u00e7\u00e3o de casos reais, perguntas e respostas, al\u00e9m de uma ampla exposi\u00e7\u00e3o de todos os atores envolvidos em uma situa\u00e7\u00e3o obsessiva.<\/p>\n<p data-start=\"943\" data-end=\"1167\">O autor, Luiz Fernando Prioli, tem mais de 15 anos de experi\u00eancia pr\u00e1tica em apometria e mais de 30 anos de estudo espec\u00edfico sobre obsess\u00f5es. J\u00e1 realizou mais de quatro mil atendimentos bem-sucedidos com o uso da apometria.<\/p>\n","protected":false},"featured_media":22883,"template":"","meta":{"_monsterinsights_skip_tracking":false,"_monsterinsights_sitenote_active":false,"_monsterinsights_sitenote_note":"","_monsterinsights_sitenote_category":0},"product_brand":[],"product_cat":[74],"product_tag":[],"class_list":{"0":"post-22879","1":"product","2":"type-product","3":"status-publish","4":"has-post-thumbnail","6":"product_cat-uncategorized","7":"product_shipping_class-impresso","8":"pa_ano-992","9":"pa_autor-luiz-fernando-prioli","10":"pa_editora-editora-lux","11":"pa_isbn-978-65-5308-069-0","12":"pa_quantidade-de-paginas-1163","13":"pa_tipo-de-capa-brochura","15":"first","16":"instock","17":"purchasable","18":"product-type-simple"},"_links":{"self":[{"href":"https:\/\/www.editoralux.com.br\/loja\/wp-json\/wp\/v2\/product\/22879"}],"collection":[{"href":"https:\/\/www.editoralux.com.br\/loja\/wp-json\/wp\/v2\/product"}],"about":[{"href":"https:\/\/www.editoralux.com.br\/loja\/wp-json\/wp\/v2\/types\/product"}],"wp:featuredmedia":[{"embeddable":true,"href":"https:\/\/www.editoralux.com.br\/loja\/wp-json\/wp\/v2\/media\/22883"}],"wp:attachment":[{"href":"https:\/\/www.editoralux.com.br\/loja\/wp-json\/wp\/v2\/media?parent=22879"}],"wp:term":[{"taxonomy":"product_brand","embeddable":true,"href":"https:\/\/www.editoralux.com.br\/loja\/wp-json\/wp\/v2\/product_brand?post=22879"},{"taxonomy":"product_cat","embeddable":true,"href":"https:\/\/www.editoralux.com.br\/loja\/wp-json\/wp\/v2\/product_cat?post=22879"},{"taxonomy":"product_tag","embeddable":true,"href":"https:\/\/www.editoralux.com.br\/loja\/wp-json\/wp\/v2\/product_tag?post=22879"}],"curies":[{"name":"wp","href":"https:\/\/api.w.org\/{rel}","templated":true}]}}