{"id":22884,"date":"2025-07-02T13:34:09","date_gmt":"2025-07-02T16:34:09","guid":{"rendered":"https:\/\/www.editoralux.com.br\/loja\/?post_type=product&#038;p=22884"},"modified":"2025-07-02T13:37:39","modified_gmt":"2025-07-02T16:37:39","slug":"dogmas-invisiveis-crencas-limitantes-religiosas-e-seus-impactos-psicologicos","status":"publish","type":"product","link":"https:\/\/www.editoralux.com.br\/loja\/produto\/dogmas-invisiveis-crencas-limitantes-religiosas-e-seus-impactos-psicologicos\/","title":{"rendered":"Dogmas Invis\u00edveis: Cren\u00e7as Limitantes Religiosas e Seus Impactos Psicol\u00f3gicos"},"content":{"rendered":"","protected":false},"excerpt":{"rendered":"<p data-start=\"25\" data-end=\"295\">Este livro investiga as profundezas da mente humana para revelar como cren\u00e7as limitantes \u2014 especialmente aquelas oriundas de contextos religiosos, culturais e familiares \u2014 moldam comportamentos, bloqueiam o potencial humano e perpetuam sofrimentos ps\u00edquicos silenciosos.<\/p>\n<p data-start=\"297\" data-end=\"815\">Partindo do conceito de <em data-start=\"321\" data-end=\"342\">\u201cdogmas invis\u00edveis\u201d<\/em>, o autor analisa como ideias aceitas como verdades absolutas, muitas vezes herdadas sem questionamento, se instalam no inconsciente e passam a determinar escolhas, relacionamentos e a vis\u00e3o de mundo do indiv\u00edduo. Cren\u00e7as como <em data-start=\"569\" data-end=\"605\">\u201csofrer \u00e9 necess\u00e1rio para evoluir\u201d<\/em>, <em data-start=\"607\" data-end=\"628\">\u201cdinheiro \u00e9 pecado\u201d<\/em>, <em data-start=\"630\" data-end=\"645\">\u201csexo \u00e9 sujo\u201d<\/em>, <em data-start=\"647\" data-end=\"676\">\u201cobedecer \u00e9 sempre virtude\u201d<\/em> ou <em data-start=\"680\" data-end=\"708\">\u201cquestionar \u00e9 desrespeito\u201d<\/em> regem a vida de muitas pessoas com a for\u00e7a de mandamentos sagrados \u2014 embora nem sempre sejam verbalizadas.<\/p>\n<p data-start=\"817\" data-end=\"1166\">A obra prop\u00f5e uma jornada de reflex\u00e3o, desconstru\u00e7\u00e3o e liberdade psicol\u00f3gica. Com base na psican\u00e1lise, hipnoterapia, programa\u00e7\u00e3o neurolingu\u00edstica (PNL) e estudos sobre transgeracionalidade, o livro explora casos cl\u00ednicos fict\u00edcios \u2014 inspirados em padr\u00f5es reais \u2014 para ilustrar como esses dogmas invis\u00edveis se formam e como podem ser ressignificados.<\/p>\n<p data-start=\"1168\" data-end=\"1493\">Mais do que um estudo t\u00e9cnico, \u00e9 um convite ao despertar da consci\u00eancia. Com um olhar cr\u00edtico e libertador sobre as estruturas de pensamento que aprisionam o ser humano sem que ele perceba, o autor instiga o leitor a revisar suas pr\u00f3prias cren\u00e7as e construir uma nova narrativa de si mesmo \u2014 mais livre, aut\u00eantica e pr\u00f3spera.<\/p>\n","protected":false},"featured_media":22881,"template":"","meta":{"_monsterinsights_skip_tracking":false,"_monsterinsights_sitenote_active":false,"_monsterinsights_sitenote_note":"","_monsterinsights_sitenote_category":0},"product_brand":[],"product_cat":[74],"product_tag":[],"class_list":{"0":"post-22884","1":"product","2":"type-product","3":"status-publish","4":"has-post-thumbnail","6":"product_cat-uncategorized","7":"product_shipping_class-impresso","8":"pa_ano-992","9":"pa_autor-adreano-vitor-de-lima","10":"pa_editora-editora-lux","11":"pa_isbn-978-65-80406-72-2","12":"pa_quantidade-de-paginas-745","13":"pa_tipo-de-capa-brochura","15":"first","16":"instock","17":"purchasable","18":"product-type-simple"},"_links":{"self":[{"href":"https:\/\/www.editoralux.com.br\/loja\/wp-json\/wp\/v2\/product\/22884"}],"collection":[{"href":"https:\/\/www.editoralux.com.br\/loja\/wp-json\/wp\/v2\/product"}],"about":[{"href":"https:\/\/www.editoralux.com.br\/loja\/wp-json\/wp\/v2\/types\/product"}],"wp:featuredmedia":[{"embeddable":true,"href":"https:\/\/www.editoralux.com.br\/loja\/wp-json\/wp\/v2\/media\/22881"}],"wp:attachment":[{"href":"https:\/\/www.editoralux.com.br\/loja\/wp-json\/wp\/v2\/media?parent=22884"}],"wp:term":[{"taxonomy":"product_brand","embeddable":true,"href":"https:\/\/www.editoralux.com.br\/loja\/wp-json\/wp\/v2\/product_brand?post=22884"},{"taxonomy":"product_cat","embeddable":true,"href":"https:\/\/www.editoralux.com.br\/loja\/wp-json\/wp\/v2\/product_cat?post=22884"},{"taxonomy":"product_tag","embeddable":true,"href":"https:\/\/www.editoralux.com.br\/loja\/wp-json\/wp\/v2\/product_tag?post=22884"}],"curies":[{"name":"wp","href":"https:\/\/api.w.org\/{rel}","templated":true}]}}