{"id":22902,"date":"2025-07-13T12:22:37","date_gmt":"2025-07-13T15:22:37","guid":{"rendered":"https:\/\/www.editoralux.com.br\/loja\/produto\/lembrancas-de-uma-vida-marina-por-marina\/"},"modified":"2025-07-18T10:32:54","modified_gmt":"2025-07-18T13:32:54","slug":"lembrancas-de-uma-vida-marina-por-marina","status":"publish","type":"product","link":"https:\/\/www.editoralux.com.br\/loja\/produto\/lembrancas-de-uma-vida-marina-por-marina\/","title":{"rendered":"Lembran\u00e7as de uma vida: Marina por Marina"},"content":{"rendered":"","protected":false},"excerpt":{"rendered":"<p>Cada um de n\u00f3s \u00e9 dotado de uma voca\u00e7\u00e3o \u00fanica, um prop\u00f3sito que nos define e nos guia ao longo de nossas vidas. \u00c9 uma for\u00e7a que nos impulsiona, uma chama que arde dentro de n\u00f3s, esperando para ser descoberta e alimentada.<\/p>\n<p>A busca por essa voca\u00e7\u00e3o deve ser feita com todo fervor, com toda a paix\u00e3o e determina\u00e7\u00e3o que possu\u00edmos. \u00c9 uma jornada que requer coragem, persist\u00eancia e uma vontade inabal\u00e1vel de alcan\u00e7ar nosso verdadeiro potencial.<\/p>\n<p>Quando nos dedicamos a essa busca, algo incr\u00edvel acontece. Todo o Universo, em sua infinita sabedoria e poder, come\u00e7a a conspirar a nosso favor. Ele se alinha para nos ajudar a realizar nossa miss\u00e3o, a cumprir nosso destino. \u00c9 uma promessa de que, quando buscamos nosso prop\u00f3sito com todo o nosso cora\u00e7\u00e3o, nada pode nos impedir de alcan\u00e7\u00e1-lo.<\/p>\n","protected":false},"featured_media":22901,"template":"","meta":{"_monsterinsights_skip_tracking":false,"_monsterinsights_sitenote_active":false,"_monsterinsights_sitenote_note":"","_monsterinsights_sitenote_category":0},"product_brand":[],"product_cat":[74],"product_tag":[],"class_list":{"0":"post-22902","1":"product","2":"type-product","3":"status-publish","4":"has-post-thumbnail","6":"product_cat-uncategorized","7":"product_shipping_class-impresso","8":"pa_ano-992","9":"pa_autor-marina-pereira-rojas-boccalandro","10":"pa_editora-editora-lux","11":"pa_isbn-1169","12":"pa_quantidade-de-paginas-1182","13":"pa_tipo-de-capa-brochura","15":"first","16":"instock","17":"purchasable","18":"product-type-simple"},"_links":{"self":[{"href":"https:\/\/www.editoralux.com.br\/loja\/wp-json\/wp\/v2\/product\/22902"}],"collection":[{"href":"https:\/\/www.editoralux.com.br\/loja\/wp-json\/wp\/v2\/product"}],"about":[{"href":"https:\/\/www.editoralux.com.br\/loja\/wp-json\/wp\/v2\/types\/product"}],"wp:featuredmedia":[{"embeddable":true,"href":"https:\/\/www.editoralux.com.br\/loja\/wp-json\/wp\/v2\/media\/22901"}],"wp:attachment":[{"href":"https:\/\/www.editoralux.com.br\/loja\/wp-json\/wp\/v2\/media?parent=22902"}],"wp:term":[{"taxonomy":"product_brand","embeddable":true,"href":"https:\/\/www.editoralux.com.br\/loja\/wp-json\/wp\/v2\/product_brand?post=22902"},{"taxonomy":"product_cat","embeddable":true,"href":"https:\/\/www.editoralux.com.br\/loja\/wp-json\/wp\/v2\/product_cat?post=22902"},{"taxonomy":"product_tag","embeddable":true,"href":"https:\/\/www.editoralux.com.br\/loja\/wp-json\/wp\/v2\/product_tag?post=22902"}],"curies":[{"name":"wp","href":"https:\/\/api.w.org\/{rel}","templated":true}]}}