{"id":22906,"date":"2025-07-13T12:22:37","date_gmt":"2025-07-13T15:22:37","guid":{"rendered":"https:\/\/www.editoralux.com.br\/loja\/produto\/como-quem-disseca-um-corpo-vivo-e-outros-textos\/"},"modified":"2025-07-13T12:22:37","modified_gmt":"2025-07-13T15:22:37","slug":"como-quem-disseca-um-corpo-vivo-e-outros-textos","status":"publish","type":"product","link":"https:\/\/www.editoralux.com.br\/loja\/produto\/como-quem-disseca-um-corpo-vivo-e-outros-textos\/","title":{"rendered":"Como Quem Disseca Um Corpo Vivo e Outros Textos"},"content":{"rendered":"","protected":false},"excerpt":{"rendered":"<p>Os textos de Elmano Araujo s\u00e3o caracterizados por enredos diversos e ricos. Um exemplo \u00e9 a hist\u00f3ria de um homem do campo que se v\u00ea envolvido no misterioso desaparecimento de um companheiro de ca\u00e7ada, um evento que o marca profundamente no n\u00edvel emocional.<\/p>\n<p>Em outra narrativa, um narrador se une a um escritor med\u00edocre que planeja escrever uma hist\u00f3ria de amor entre um rapaz negro e uma jovem burguesa. No entanto, a tem\u00e1tica clich\u00ea serve apenas como pano de fundo para um verdadeiro confronto entre o narrador e o literato. A narrativa \u00e1cida mistura personagens fict\u00edcios e reais, muitos dos quais s\u00e3o expoentes da cultura local, e conduz a um final totalmente inesperado.<\/p>\n<p>Araujo tamb\u00e9m explora o tema da abdu\u00e7\u00e3o em um contexto pand\u00eamico. Um homem, v\u00edtima de cardiomiopatia, \u00e9 levado a um planeta desconhecido onde se torna escravo ao lado de outros terr\u00e1queos. Resgatado pela Liga Intergal\u00e1ctica, ele retorna no futuro \u00e0 sua cidade p\u00f3s-apocal\u00edptica. Nesse cen\u00e1rio, tudo \u00e9 um retrato de destrui\u00e7\u00e3o e nada se parece com o que j\u00e1 foi um dia.<\/p>\n","protected":false},"featured_media":22895,"template":"","meta":{"_monsterinsights_skip_tracking":false,"_monsterinsights_sitenote_active":false,"_monsterinsights_sitenote_note":"","_monsterinsights_sitenote_category":0},"product_brand":[],"product_cat":[74],"product_tag":[],"class_list":{"0":"post-22906","1":"product","2":"type-product","3":"status-publish","4":"has-post-thumbnail","6":"product_cat-uncategorized","7":"product_shipping_class-impresso","8":"pa_ano-992","9":"pa_autor-manoel-da-silva-araujo","10":"pa_editora-editora-lux","11":"pa_isbn-1177","12":"pa_quantidade-de-paginas-664","13":"pa_tipo-de-capa-brochura","15":"first","16":"instock","17":"purchasable","18":"product-type-simple"},"_links":{"self":[{"href":"https:\/\/www.editoralux.com.br\/loja\/wp-json\/wp\/v2\/product\/22906"}],"collection":[{"href":"https:\/\/www.editoralux.com.br\/loja\/wp-json\/wp\/v2\/product"}],"about":[{"href":"https:\/\/www.editoralux.com.br\/loja\/wp-json\/wp\/v2\/types\/product"}],"wp:featuredmedia":[{"embeddable":true,"href":"https:\/\/www.editoralux.com.br\/loja\/wp-json\/wp\/v2\/media\/22895"}],"wp:attachment":[{"href":"https:\/\/www.editoralux.com.br\/loja\/wp-json\/wp\/v2\/media?parent=22906"}],"wp:term":[{"taxonomy":"product_brand","embeddable":true,"href":"https:\/\/www.editoralux.com.br\/loja\/wp-json\/wp\/v2\/product_brand?post=22906"},{"taxonomy":"product_cat","embeddable":true,"href":"https:\/\/www.editoralux.com.br\/loja\/wp-json\/wp\/v2\/product_cat?post=22906"},{"taxonomy":"product_tag","embeddable":true,"href":"https:\/\/www.editoralux.com.br\/loja\/wp-json\/wp\/v2\/product_tag?post=22906"}],"curies":[{"name":"wp","href":"https:\/\/api.w.org\/{rel}","templated":true}]}}