{"id":22989,"date":"2025-08-27T19:39:22","date_gmt":"2025-08-27T22:39:22","guid":{"rendered":"https:\/\/www.editoralux.com.br\/loja\/produto\/a-fidelidade-com-deus-te-faz-diferente-transformacao-atraves-da-lealdade-espiritual\/"},"modified":"2025-08-27T19:39:23","modified_gmt":"2025-08-27T22:39:23","slug":"a-fidelidade-com-deus-te-faz-diferente-transformacao-atraves-da-lealdade-espiritual","status":"publish","type":"product","link":"https:\/\/www.editoralux.com.br\/loja\/produto\/a-fidelidade-com-deus-te-faz-diferente-transformacao-atraves-da-lealdade-espiritual\/","title":{"rendered":"A Fidelidade Com Deus Te Faz Diferente: Transforma\u00e7\u00e3o Atrav\u00e9s Da Lealdade Espiritual"},"content":{"rendered":"","protected":false},"excerpt":{"rendered":"<p>A fidelidade a Deus e a si mesmo \u00e9 um indicativo de que voc\u00ea est\u00e1 em busca de transforma\u00e7\u00e3o em sua vida. A fidelidade tem o poder de enriquecer diversos aspectos da vida, como a sa\u00fade, o amor, a fam\u00edlia, a alegria, o conhecimento, a bondade, o perd\u00e3o, a miseric\u00f3rdia, a prosperidade e a espiritualidade. Al\u00e9m disso, a fidelidade com Deus e com o pr\u00f3ximo faz de voc\u00ea um amigo de Jesus Cristo. Aqueles que s\u00e3o fi\u00e9is desfrutam de uma vida plena, tanto na terra quanto no c\u00e9u.<\/p>\n<p>O objetivo desta obra \u00e9 ajud\u00e1-lo a resolver os problemas internos que podem estar impedindo seu crescimento e transforma\u00e7\u00e3o. Ao ler este livro, a depress\u00e3o e o medo n\u00e3o ter\u00e3o mais espa\u00e7o em sua vida. Isso resultar\u00e1 em uma mudan\u00e7a radical na forma como voc\u00ea enxerga seu futuro. Voc\u00ea se surpreender\u00e1 ao come\u00e7ar a ver as dificuldades como oportunidades, em vez de barreiras.<\/p>\n<p>\u00c9 importante lembrar que a transforma\u00e7\u00e3o pessoal n\u00e3o acontece da noite para o dia. Trata-se de um processo cont\u00ednuo, repleto de altos e baixos ao longo do caminho. Por isso, \u00e9 essencial manter a mente aberta para as li\u00e7\u00f5es que surgem nas dificuldades. Muitas vezes, essas li\u00e7\u00f5es podem se revelar os ensinamentos mais valiosos.<\/p>\n<p>Ao tomar decis\u00f5es fundamentadas na sua confian\u00e7a em Deus, voc\u00ea iniciar\u00e1 uma corrente de mudan\u00e7as. Essas mudan\u00e7as podem afetar a forma como voc\u00ea se relaciona com os outros, sua sa\u00fade e at\u00e9 mesmo suas ambi\u00e7\u00f5es. Ent\u00e3o, por que n\u00e3o come\u00e7ar essa nova fase agora?<\/p>\n","protected":false},"featured_media":22977,"template":"","meta":{"_monsterinsights_skip_tracking":false,"_monsterinsights_sitenote_active":false,"_monsterinsights_sitenote_note":"","_monsterinsights_sitenote_category":0},"product_brand":[],"product_cat":[74],"product_tag":[],"class_list":{"0":"post-22989","1":"product","2":"type-product","3":"status-publish","4":"has-post-thumbnail","6":"product_cat-uncategorized","7":"product_shipping_class-impresso","8":"pa_ano-992","9":"pa_autor-gilson-souza-silva","10":"pa_editora-editora-lux","11":"pa_isbn-1221","12":"pa_quantidade-de-paginas-775","13":"pa_tipo-de-capa-brochura","15":"first","16":"instock","17":"purchasable","18":"product-type-simple"},"_links":{"self":[{"href":"https:\/\/www.editoralux.com.br\/loja\/wp-json\/wp\/v2\/product\/22989"}],"collection":[{"href":"https:\/\/www.editoralux.com.br\/loja\/wp-json\/wp\/v2\/product"}],"about":[{"href":"https:\/\/www.editoralux.com.br\/loja\/wp-json\/wp\/v2\/types\/product"}],"wp:featuredmedia":[{"embeddable":true,"href":"https:\/\/www.editoralux.com.br\/loja\/wp-json\/wp\/v2\/media\/22977"}],"wp:attachment":[{"href":"https:\/\/www.editoralux.com.br\/loja\/wp-json\/wp\/v2\/media?parent=22989"}],"wp:term":[{"taxonomy":"product_brand","embeddable":true,"href":"https:\/\/www.editoralux.com.br\/loja\/wp-json\/wp\/v2\/product_brand?post=22989"},{"taxonomy":"product_cat","embeddable":true,"href":"https:\/\/www.editoralux.com.br\/loja\/wp-json\/wp\/v2\/product_cat?post=22989"},{"taxonomy":"product_tag","embeddable":true,"href":"https:\/\/www.editoralux.com.br\/loja\/wp-json\/wp\/v2\/product_tag?post=22989"}],"curies":[{"name":"wp","href":"https:\/\/api.w.org\/{rel}","templated":true}]}}