{"id":23015,"date":"2025-09-02T22:29:01","date_gmt":"2025-09-03T01:29:01","guid":{"rendered":"https:\/\/www.editoralux.com.br\/loja\/produto\/o-brasil-sequestrado-como-a-corrupcao-sistemica-a-hegemonia-ideologica-e-o-arbitrio-togado-destruiram-o-brasil\/"},"modified":"2025-09-09T21:15:42","modified_gmt":"2025-09-10T00:15:42","slug":"o-brasil-sequestrado-como-a-corrupcao-sistemica-a-hegemonia-ideologica-e-o-arbitrio-togado-destruiram-o-brasil","status":"publish","type":"product","link":"https:\/\/www.editoralux.com.br\/loja\/produto\/o-brasil-sequestrado-como-a-corrupcao-sistemica-a-hegemonia-ideologica-e-o-arbitrio-togado-destruiram-o-brasil\/","title":{"rendered":"O Brasil Sequestrado: Como a Corrup\u00e7\u00e3o Sist\u00eamica, a Hegemonia Ideol\u00f3gica e o Arb\u00edtrio Togado Destru\u00edram o Brasil Livre"},"content":{"rendered":"","protected":false},"excerpt":{"rendered":"<p>Esse livro leva um t\u00edtulo que remete a uma ang\u00fastia hist\u00f3rica: O Brasil Sequestrado. Um pa\u00eds sequestrado por d\u00e9cadas de corrup\u00e7\u00e3o, de hegemonia ideol\u00f3gica e de aparelhamento do poder. Ainda assim, persiste a resist\u00eancia de um povo que, trope\u00e7ando nas armadilhas da hist\u00f3ria, insiste em apostar no Brasil, mesmo quando este parece trair seus melhores sonhos.<\/p>\n","protected":false},"featured_media":23021,"template":"","meta":{"_monsterinsights_skip_tracking":false,"_monsterinsights_sitenote_active":false,"_monsterinsights_sitenote_note":"","_monsterinsights_sitenote_category":0},"product_brand":[],"product_cat":[74],"product_tag":[],"class_list":{"0":"post-23015","1":"product","2":"type-product","3":"status-publish","4":"has-post-thumbnail","6":"product_cat-uncategorized","7":"product_shipping_class-impresso","8":"pa_ano-992","9":"pa_autor-amilcar-correa-de-azevedo","10":"pa_editora-editora-lux","11":"pa_isbn-1236","12":"pa_quantidade-de-paginas-1235","13":"pa_tipo-de-capa-brochura","15":"first","16":"instock","17":"purchasable","18":"product-type-simple"},"_links":{"self":[{"href":"https:\/\/www.editoralux.com.br\/loja\/wp-json\/wp\/v2\/product\/23015"}],"collection":[{"href":"https:\/\/www.editoralux.com.br\/loja\/wp-json\/wp\/v2\/product"}],"about":[{"href":"https:\/\/www.editoralux.com.br\/loja\/wp-json\/wp\/v2\/types\/product"}],"wp:featuredmedia":[{"embeddable":true,"href":"https:\/\/www.editoralux.com.br\/loja\/wp-json\/wp\/v2\/media\/23021"}],"wp:attachment":[{"href":"https:\/\/www.editoralux.com.br\/loja\/wp-json\/wp\/v2\/media?parent=23015"}],"wp:term":[{"taxonomy":"product_brand","embeddable":true,"href":"https:\/\/www.editoralux.com.br\/loja\/wp-json\/wp\/v2\/product_brand?post=23015"},{"taxonomy":"product_cat","embeddable":true,"href":"https:\/\/www.editoralux.com.br\/loja\/wp-json\/wp\/v2\/product_cat?post=23015"},{"taxonomy":"product_tag","embeddable":true,"href":"https:\/\/www.editoralux.com.br\/loja\/wp-json\/wp\/v2\/product_tag?post=23015"}],"curies":[{"name":"wp","href":"https:\/\/api.w.org\/{rel}","templated":true}]}}