{"id":23036,"date":"2025-09-10T23:43:16","date_gmt":"2025-09-11T02:43:16","guid":{"rendered":"https:\/\/www.editoralux.com.br\/loja\/produto\/o-guia-do-investidor-investimentos-nacionais-conheca-o-mundo-dos-investimentos-e-mude-de-vida\/"},"modified":"2025-09-10T23:43:16","modified_gmt":"2025-09-11T02:43:16","slug":"o-guia-do-investidor-investimentos-nacionais-conheca-o-mundo-dos-investimentos-e-mude-de-vida","status":"publish","type":"product","link":"https:\/\/www.editoralux.com.br\/loja\/produto\/o-guia-do-investidor-investimentos-nacionais-conheca-o-mundo-dos-investimentos-e-mude-de-vida\/","title":{"rendered":"O Guia Do Investidor: Investimentos Nacionais &#8211; Conhe\u00e7a o Mundo Dos Investimentos e Mude De Vida"},"content":{"rendered":"","protected":false},"excerpt":{"rendered":"<p>J\u00e1 imaginou fazer seu dinheiro trabalhar para voc\u00ea sem nenhum esfor\u00e7o? Isso \u00e9 o que significa investir. No mundo atual, investir tornou-se quase uma obriga\u00e7\u00e3o para a constru\u00e7\u00e3o de riquezas e patrim\u00f4nios. Para muitas pessoas, a falta de conhecimento sobre como investir representa uma barreira para o crescimento.<\/p>\n<p>Nesse contexto, o livro O Guia do Investidor surge como uma ferramenta valiosa. Ele oferece ao leitor um passo a passo completo, abrangendo todas as etapas necess\u00e1rias para se tornar um bom investidor. Desde teorias at\u00e9 dicas e pr\u00e1ticas, o livro \u00e9 um recurso completo para quem deseja mergulhar no mundo dos investimentos e transformar sua vida financeira.<\/p>\n","protected":false},"featured_media":23030,"template":"","meta":{"_monsterinsights_skip_tracking":false,"_monsterinsights_sitenote_active":false,"_monsterinsights_sitenote_note":"","_monsterinsights_sitenote_category":0},"product_brand":[],"product_cat":[74],"product_tag":[],"class_list":{"0":"post-23036","1":"product","2":"type-product","3":"status-publish","4":"has-post-thumbnail","6":"product_cat-uncategorized","7":"product_shipping_class-impresso","8":"pa_ano-992","9":"pa_autor-marcello-eduardo-de-souza-hilario","10":"pa_editora-editora-lux","11":"pa_isbn-1247","12":"pa_quantidade-de-paginas-685","13":"pa_tipo-de-capa-brochura","15":"first","16":"instock","17":"purchasable","18":"product-type-simple"},"_links":{"self":[{"href":"https:\/\/www.editoralux.com.br\/loja\/wp-json\/wp\/v2\/product\/23036"}],"collection":[{"href":"https:\/\/www.editoralux.com.br\/loja\/wp-json\/wp\/v2\/product"}],"about":[{"href":"https:\/\/www.editoralux.com.br\/loja\/wp-json\/wp\/v2\/types\/product"}],"wp:featuredmedia":[{"embeddable":true,"href":"https:\/\/www.editoralux.com.br\/loja\/wp-json\/wp\/v2\/media\/23030"}],"wp:attachment":[{"href":"https:\/\/www.editoralux.com.br\/loja\/wp-json\/wp\/v2\/media?parent=23036"}],"wp:term":[{"taxonomy":"product_brand","embeddable":true,"href":"https:\/\/www.editoralux.com.br\/loja\/wp-json\/wp\/v2\/product_brand?post=23036"},{"taxonomy":"product_cat","embeddable":true,"href":"https:\/\/www.editoralux.com.br\/loja\/wp-json\/wp\/v2\/product_cat?post=23036"},{"taxonomy":"product_tag","embeddable":true,"href":"https:\/\/www.editoralux.com.br\/loja\/wp-json\/wp\/v2\/product_tag?post=23036"}],"curies":[{"name":"wp","href":"https:\/\/api.w.org\/{rel}","templated":true}]}}