{"id":23051,"date":"2025-09-16T06:16:03","date_gmt":"2025-09-16T09:16:03","guid":{"rendered":"https:\/\/www.editoralux.com.br\/loja\/produto\/cartas-de-um-pai-legado-dor-e-gloria-um-legado-de-principios-coragem-e-verdade-para-formar-homens-fortes-e-inegociaveis\/"},"modified":"2025-09-16T06:16:03","modified_gmt":"2025-09-16T09:16:03","slug":"cartas-de-um-pai-legado-dor-e-gloria-um-legado-de-principios-coragem-e-verdade-para-formar-homens-fortes-e-inegociaveis","status":"publish","type":"product","link":"https:\/\/www.editoralux.com.br\/loja\/produto\/cartas-de-um-pai-legado-dor-e-gloria-um-legado-de-principios-coragem-e-verdade-para-formar-homens-fortes-e-inegociaveis\/","title":{"rendered":"Cartas De Um Pai: Legado, Dor e Gl\u00f3ria: Um Legado De Princ\u00edpios, Coragem e Verdade Para Formar Homens Fortes e Inegoci\u00e1veis"},"content":{"rendered":"","protected":false},"excerpt":{"rendered":"<p>Este n\u00e3o \u00e9 um livro comum, \u00e9 um soco de realidade. Trata-se de um pai dialogando com o filho, um homem falando com homens. Este livro apresenta o tipo de verdade que a maioria esconde, mas que precisa ser ouvida. N\u00e3o h\u00e1 espa\u00e7o para meias palavras ou delicadezas, apenas conselhos firmes, dedos apontados para as feridas, sabedoria crua e f\u00e9 no meio da bagun\u00e7a da vida.<\/p>\n<p>Cada cap\u00edtulo \u00e9 uma carta, cada frase, um legado. Atrav\u00e9s dessas p\u00e1ginas, voc\u00ea aprender\u00e1 sobre car\u00e1ter, prop\u00f3sito, fam\u00edlia, disciplina e lideran\u00e7a. Al\u00e9m disso, o livro aborda temas como primeiros socorros e lealdade, e discute o que \u00e9 ser um homem de verdade num mundo de moleques.<\/p>\n<p>Este livro \u00e9 destinado a quem deseja ser o pai que nunca teve, o marido que sua esposa respeita, o l\u00edder de que sua gera\u00e7\u00e3o precisa. Se voc\u00ea estiver perdido, este homem o encontra. Se estiver ca\u00eddo, ele o levanta. Se estiver dormindo, ele o acorda.<\/p>\n<p>No entanto, uma coisa \u00e9 certa: ao abrir essas p\u00e1ginas, voc\u00ea n\u00e3o sair\u00e1 o mesmo homem. Este livro promete uma transforma\u00e7\u00e3o profunda, uma mudan\u00e7a que ir\u00e1 al\u00e9m da superf\u00edcie e atingir\u00e1 o cerne de quem voc\u00ea \u00e9.<\/p>\n","protected":false},"featured_media":23043,"template":"","meta":{"_monsterinsights_skip_tracking":false,"_monsterinsights_sitenote_active":false,"_monsterinsights_sitenote_note":"","_monsterinsights_sitenote_category":0},"product_brand":[],"product_cat":[74],"product_tag":[],"class_list":{"0":"post-23051","1":"product","2":"type-product","3":"status-publish","4":"has-post-thumbnail","6":"product_cat-uncategorized","7":"product_shipping_class-impresso","8":"pa_ano-992","9":"pa_autor-ranulfo-lopes-dos-santos","10":"pa_editora-editora-lux","11":"pa_isbn-1254","12":"pa_quantidade-de-paginas-878","13":"pa_tipo-de-capa-brochura","15":"first","16":"instock","17":"purchasable","18":"product-type-simple"},"_links":{"self":[{"href":"https:\/\/www.editoralux.com.br\/loja\/wp-json\/wp\/v2\/product\/23051"}],"collection":[{"href":"https:\/\/www.editoralux.com.br\/loja\/wp-json\/wp\/v2\/product"}],"about":[{"href":"https:\/\/www.editoralux.com.br\/loja\/wp-json\/wp\/v2\/types\/product"}],"wp:featuredmedia":[{"embeddable":true,"href":"https:\/\/www.editoralux.com.br\/loja\/wp-json\/wp\/v2\/media\/23043"}],"wp:attachment":[{"href":"https:\/\/www.editoralux.com.br\/loja\/wp-json\/wp\/v2\/media?parent=23051"}],"wp:term":[{"taxonomy":"product_brand","embeddable":true,"href":"https:\/\/www.editoralux.com.br\/loja\/wp-json\/wp\/v2\/product_brand?post=23051"},{"taxonomy":"product_cat","embeddable":true,"href":"https:\/\/www.editoralux.com.br\/loja\/wp-json\/wp\/v2\/product_cat?post=23051"},{"taxonomy":"product_tag","embeddable":true,"href":"https:\/\/www.editoralux.com.br\/loja\/wp-json\/wp\/v2\/product_tag?post=23051"}],"curies":[{"name":"wp","href":"https:\/\/api.w.org\/{rel}","templated":true}]}}