{"id":23071,"date":"2025-09-28T17:53:20","date_gmt":"2025-09-28T20:53:20","guid":{"rendered":"https:\/\/www.editoralux.com.br\/loja\/produto\/versos-do-coracao-em-poesias-de-amor\/"},"modified":"2025-09-28T17:53:20","modified_gmt":"2025-09-28T20:53:20","slug":"versos-do-coracao-em-poesias-de-amor","status":"publish","type":"product","link":"https:\/\/www.editoralux.com.br\/loja\/produto\/versos-do-coracao-em-poesias-de-amor\/","title":{"rendered":"Versos Do Cora\u00e7\u00e3o Em Poesias De Amor"},"content":{"rendered":"","protected":false},"excerpt":{"rendered":"<p>As palavras dan\u00e7am ao ritmo do cora\u00e7\u00e3o, e como m\u00e1gica, nascem versos que transbordam a emo\u00e7\u00e3o. A poesia \u00e9 a ess\u00eancia da minha alma e, por isso, a forma mais pura de expressar a minha exist\u00eancia. Este livro \u00e9 uma viagem para dentro de si mesmo, uma jornada e uma celebra\u00e7\u00e3o dos sentimentos que nos tornam t\u00e3o \u00fanicos e humanos.<\/p>\n<p>O amor \u00e9 um tema central nesta obra. Ele se faz presente em cada p\u00e1gina, em cada verso entrela\u00e7ado. O amor \u00e9 a for\u00e7a que move o mundo, que transforma vidas e que nos torna humanos. \u00c9 o sentimento que nos faz transcender, que nos conecta uns aos outros de maneira profunda e verdadeira.<\/p>\n<p>Atrav\u00e9s da poesia, tento capturar toda a grandeza do amor, todas as suas nuances e todas as suas contradi\u00e7\u00f5es. Espero que as palavras aqui escritas encontrem eco nos recantos mais sens\u00edveis dos seus cora\u00e7\u00f5es. Ao mergulharem nessas p\u00e1ginas, desejo que se sintam acolhidos, inspirados e, acima de tudo, amados.<\/p>\n","protected":false},"featured_media":23063,"template":"","meta":{"_monsterinsights_skip_tracking":false,"_monsterinsights_sitenote_active":false,"_monsterinsights_sitenote_note":"","_monsterinsights_sitenote_category":0},"product_brand":[],"product_cat":[74],"product_tag":[],"class_list":{"0":"post-23071","1":"product","2":"type-product","3":"status-publish","4":"has-post-thumbnail","6":"product_cat-uncategorized","7":"product_shipping_class-impresso","8":"pa_ano-992","9":"pa_autor-walter-fagundes","10":"pa_editora-editora-lux","11":"pa_isbn-1265","12":"pa_quantidade-de-paginas-1264","13":"pa_tipo-de-capa-brochura","15":"first","16":"instock","17":"purchasable","18":"product-type-simple"},"_links":{"self":[{"href":"https:\/\/www.editoralux.com.br\/loja\/wp-json\/wp\/v2\/product\/23071"}],"collection":[{"href":"https:\/\/www.editoralux.com.br\/loja\/wp-json\/wp\/v2\/product"}],"about":[{"href":"https:\/\/www.editoralux.com.br\/loja\/wp-json\/wp\/v2\/types\/product"}],"wp:featuredmedia":[{"embeddable":true,"href":"https:\/\/www.editoralux.com.br\/loja\/wp-json\/wp\/v2\/media\/23063"}],"wp:attachment":[{"href":"https:\/\/www.editoralux.com.br\/loja\/wp-json\/wp\/v2\/media?parent=23071"}],"wp:term":[{"taxonomy":"product_brand","embeddable":true,"href":"https:\/\/www.editoralux.com.br\/loja\/wp-json\/wp\/v2\/product_brand?post=23071"},{"taxonomy":"product_cat","embeddable":true,"href":"https:\/\/www.editoralux.com.br\/loja\/wp-json\/wp\/v2\/product_cat?post=23071"},{"taxonomy":"product_tag","embeddable":true,"href":"https:\/\/www.editoralux.com.br\/loja\/wp-json\/wp\/v2\/product_tag?post=23071"}],"curies":[{"name":"wp","href":"https:\/\/api.w.org\/{rel}","templated":true}]}}