{"id":23073,"date":"2025-09-28T17:53:20","date_gmt":"2025-09-28T20:53:20","guid":{"rendered":"https:\/\/www.editoralux.com.br\/loja\/produto\/escreva-bem-as-cinco-competencias-do-texto-nota-1-000\/"},"modified":"2026-05-05T15:50:08","modified_gmt":"2026-05-05T18:50:08","slug":"escreva-bem-as-cinco-competencias-do-texto-nota-1-000","status":"publish","type":"product","link":"https:\/\/www.editoralux.com.br\/loja\/produto\/escreva-bem-as-cinco-competencias-do-texto-nota-1-000\/","title":{"rendered":"Escreva Bem: As Cinco Compet\u00eancias Do Texto Nota 1.000"},"content":{"rendered":"","protected":false},"excerpt":{"rendered":"<p>Este livro \u00e9 indispens\u00e1vel para aqueles que se preparam para a prova de reda\u00e7\u00e3o do Enem. \u00c9 igualmente imprescind\u00edvel para todos que buscam uma vaga nas melhores universidades do pa\u00eds e nos mais disputados concursos p\u00fablicos. &#8220;Escreva Bem \u2013 As cinco compet\u00eancias do texto nota 1.000&#8221; \u00e9 um livro completo que apresenta o conte\u00fado de forma clara e concisa, permitindo que o leitor domine as compet\u00eancias exigidas na produ\u00e7\u00e3o de texto.<\/p>\n<p>O esquema pr\u00e1tico dispon\u00edvel neste livro facilita a reda\u00e7\u00e3o de cada uma das estruturas do texto dissertativo-argumentativo. A introdu\u00e7\u00e3o, o desenvolvimento e a conclus\u00e3o s\u00e3o explicados passo a passo, tornando o processo de escrita muito mais f\u00e1cil. Al\u00e9m da reda\u00e7\u00e3o, o livro tamb\u00e9m inclui uma se\u00e7\u00e3o com os principais pontos da gram\u00e1tica aplicada \u00e0 escrita de excel\u00eancia.<\/p>\n<p>Ao final do livro, o leitor encontrar\u00e1 tudo o que \u00e9 necess\u00e1rio para responder com sucesso \u00e0s quest\u00f5es discursivas. Por todas essas raz\u00f5es, estudantes, concursandos, professores, assessores de comunica\u00e7\u00e3o e todos que trabalham com a escrita t\u00eam em m\u00e3os uma refer\u00eancia pr\u00e1tica decisiva para escrever um texto irrepar\u00e1vel. Este \u00e9 um livro que ser\u00e1 \u00fatil durante toda a vida acad\u00eamica.<\/p>\n","protected":false},"featured_media":23059,"template":"","meta":{"_monsterinsights_skip_tracking":false,"_monsterinsights_sitenote_active":false,"_monsterinsights_sitenote_note":"","_monsterinsights_sitenote_category":0},"product_brand":[],"product_cat":[74],"product_tag":[],"class_list":{"0":"post-23073","1":"product","2":"type-product","3":"status-publish","4":"has-post-thumbnail","6":"product_cat-uncategorized","7":"product_shipping_class-impresso","8":"pa_ano-992","9":"pa_autor-josimar-almeida","10":"pa_editora-editora-lux","11":"pa_isbn-1271","12":"pa_quantidade-de-paginas-1270","13":"pa_tipo-de-capa-brochura","15":"first","16":"instock","17":"purchasable","18":"product-type-simple"},"_links":{"self":[{"href":"https:\/\/www.editoralux.com.br\/loja\/wp-json\/wp\/v2\/product\/23073"}],"collection":[{"href":"https:\/\/www.editoralux.com.br\/loja\/wp-json\/wp\/v2\/product"}],"about":[{"href":"https:\/\/www.editoralux.com.br\/loja\/wp-json\/wp\/v2\/types\/product"}],"wp:featuredmedia":[{"embeddable":true,"href":"https:\/\/www.editoralux.com.br\/loja\/wp-json\/wp\/v2\/media\/23059"}],"wp:attachment":[{"href":"https:\/\/www.editoralux.com.br\/loja\/wp-json\/wp\/v2\/media?parent=23073"}],"wp:term":[{"taxonomy":"product_brand","embeddable":true,"href":"https:\/\/www.editoralux.com.br\/loja\/wp-json\/wp\/v2\/product_brand?post=23073"},{"taxonomy":"product_cat","embeddable":true,"href":"https:\/\/www.editoralux.com.br\/loja\/wp-json\/wp\/v2\/product_cat?post=23073"},{"taxonomy":"product_tag","embeddable":true,"href":"https:\/\/www.editoralux.com.br\/loja\/wp-json\/wp\/v2\/product_tag?post=23073"}],"curies":[{"name":"wp","href":"https:\/\/api.w.org\/{rel}","templated":true}]}}