{"id":23089,"date":"2025-10-02T20:36:11","date_gmt":"2025-10-02T23:36:11","guid":{"rendered":"https:\/\/www.editoralux.com.br\/loja\/produto\/pintando-os-7-historias-inspiradoras\/"},"modified":"2025-10-07T14:20:06","modified_gmt":"2025-10-07T17:20:06","slug":"pintando-os-7-historias-inspiradoras","status":"publish","type":"product","link":"https:\/\/www.editoralux.com.br\/loja\/produto\/pintando-os-7-historias-inspiradoras\/","title":{"rendered":"Pintando Os 7: Hist\u00f3rias Inspiradoras"},"content":{"rendered":"","protected":false},"excerpt":{"rendered":"<p>Inspirado nas sete esferas de influ\u00eancia da sociedade e alinhado aos princ\u00edpios b\u00edblicos, este livro apresenta uma narrativa criativa e envolvente. A colet\u00e2nea, intitulada &#8220;Pintando os 7 &#8211; Hist\u00f3rias Inspiradoras&#8221;, tem como principal objetivo conduzir cada crian\u00e7a ao universo da leitura, do aprendizado e do crescimento.<\/p>\n<p>Os sete livros que comp\u00f5em a colet\u00e2nea abordam temas de maneira inspiradora. Em alguns deles, as hist\u00f3rias s\u00e3o baseadas em eventos reais, onde crian\u00e7as enfrentam e superam seus medos e desafios. Esses enredos s\u00e3o cuidadosamente constru\u00eddos para despertar em cada leitor o amor pelas letras e o prazer pela leitura.<\/p>\n<p>A inten\u00e7\u00e3o \u00e9 transformar cada p\u00e1gina em uma nova aventura. Dessa forma, a leitura n\u00e3o \u00e9 apenas um passatempo, mas uma jornada de descobertas e aprendizado. Cada hist\u00f3ria \u00e9 uma oportunidade para as crian\u00e7as se inspirarem e crescerem, tanto em conhecimento quanto em car\u00e1ter.<\/p>\n","protected":false},"featured_media":23084,"template":"","meta":{"_monsterinsights_skip_tracking":false,"_monsterinsights_sitenote_active":false,"_monsterinsights_sitenote_note":"","_monsterinsights_sitenote_category":0},"product_brand":[],"product_cat":[74],"product_tag":[],"class_list":{"0":"post-23089","1":"product","2":"type-product","3":"status-publish","4":"has-post-thumbnail","6":"product_cat-uncategorized","7":"product_shipping_class-impresso","8":"pa_ano-992","9":"pa_autor-raiany-machado-da-silva","10":"pa_editora-editora-lux","11":"pa_isbn-1277","12":"pa_quantidade-de-paginas-664","13":"pa_tipo-de-capa-capa-dura","15":"first","16":"instock","17":"purchasable","18":"product-type-simple"},"_links":{"self":[{"href":"https:\/\/www.editoralux.com.br\/loja\/wp-json\/wp\/v2\/product\/23089"}],"collection":[{"href":"https:\/\/www.editoralux.com.br\/loja\/wp-json\/wp\/v2\/product"}],"about":[{"href":"https:\/\/www.editoralux.com.br\/loja\/wp-json\/wp\/v2\/types\/product"}],"wp:featuredmedia":[{"embeddable":true,"href":"https:\/\/www.editoralux.com.br\/loja\/wp-json\/wp\/v2\/media\/23084"}],"wp:attachment":[{"href":"https:\/\/www.editoralux.com.br\/loja\/wp-json\/wp\/v2\/media?parent=23089"}],"wp:term":[{"taxonomy":"product_brand","embeddable":true,"href":"https:\/\/www.editoralux.com.br\/loja\/wp-json\/wp\/v2\/product_brand?post=23089"},{"taxonomy":"product_cat","embeddable":true,"href":"https:\/\/www.editoralux.com.br\/loja\/wp-json\/wp\/v2\/product_cat?post=23089"},{"taxonomy":"product_tag","embeddable":true,"href":"https:\/\/www.editoralux.com.br\/loja\/wp-json\/wp\/v2\/product_tag?post=23089"}],"curies":[{"name":"wp","href":"https:\/\/api.w.org\/{rel}","templated":true}]}}