{"id":23151,"date":"2025-10-31T22:16:08","date_gmt":"2025-11-01T01:16:08","guid":{"rendered":"https:\/\/www.editoralux.com.br\/loja\/produto\/mindfulness-novas-perspectivas-para-a-psicoterapia\/"},"modified":"2026-03-19T09:50:58","modified_gmt":"2026-03-19T12:50:58","slug":"mindfulness-novas-perspectivas-para-a-psicoterapia","status":"publish","type":"product","link":"https:\/\/www.editoralux.com.br\/loja\/produto\/mindfulness-novas-perspectivas-para-a-psicoterapia\/","title":{"rendered":"Mindfulness: Novas Perspectivas Para a Psicoterapia"},"content":{"rendered":"","protected":false},"excerpt":{"rendered":"<p>A pr\u00e1tica cl\u00ednica contempor\u00e2nea apresenta desafios cada vez maiores. Diante disso, psicoterapeutas buscam solu\u00e7\u00f5es complementares e alternativas para enriquecer e tornar mais eficaz o seu trabalho. Nesse contexto, o mindfulness surge como um recurso potente, capaz de auxiliar na escuta, na qualidade de presen\u00e7a e na condu\u00e7\u00e3o de diversos psicodiagn\u00f3sticos.<\/p>\n<p>O mindfulness, robustamente embasado em pesquisas de neuroci\u00eancias, oferece uma alternativa flex\u00edvel para aliviar os sofrimentos atuais. Mais do que uma introdu\u00e7\u00e3o conceitual, este livro \u00e9 um guia pr\u00e1tico. Ele utiliza uma linguagem clara e prop\u00f5e exerc\u00edcios acess\u00edveis, fornecendo caminhos concretos para integrar o mindfulness ao cotidiano cl\u00ednico. <\/p>\n<p>A proposta \u00e9 que, atrav\u00e9s do mindfulness, seja poss\u00edvel promover acolhimento, regula\u00e7\u00e3o emocional e seguran\u00e7a. Seja para quem est\u00e1 come\u00e7ando a explorar o tema, ou para quem deseja aprofundar sua pr\u00e1tica terap\u00eautica, a leitura deste livro \u00e9 um convite \u00e0 presen\u00e7a. A presen\u00e7a consigo mesmo e com o outro \u00e9 apresentada como base para um cuidado verdadeiramente transformador.<\/p>\n","protected":false},"featured_media":23145,"template":"","meta":{"_monsterinsights_skip_tracking":false,"_monsterinsights_sitenote_active":false,"_monsterinsights_sitenote_note":"","_monsterinsights_sitenote_category":0},"product_brand":[],"product_cat":[74],"product_tag":[],"class_list":{"0":"post-23151","1":"product","2":"type-product","3":"status-publish","4":"has-post-thumbnail","6":"product_cat-uncategorized","7":"product_shipping_class-impresso","8":"pa_ano-992","9":"pa_autor-carla-fragomeni-henry-krutzen","10":"pa_editora-editora-lux","11":"pa_isbn-1317","12":"pa_quantidade-de-paginas-1316","13":"pa_tipo-de-capa-brochura","15":"first","16":"instock","17":"purchasable","18":"product-type-simple"},"_links":{"self":[{"href":"https:\/\/www.editoralux.com.br\/loja\/wp-json\/wp\/v2\/product\/23151"}],"collection":[{"href":"https:\/\/www.editoralux.com.br\/loja\/wp-json\/wp\/v2\/product"}],"about":[{"href":"https:\/\/www.editoralux.com.br\/loja\/wp-json\/wp\/v2\/types\/product"}],"wp:featuredmedia":[{"embeddable":true,"href":"https:\/\/www.editoralux.com.br\/loja\/wp-json\/wp\/v2\/media\/23145"}],"wp:attachment":[{"href":"https:\/\/www.editoralux.com.br\/loja\/wp-json\/wp\/v2\/media?parent=23151"}],"wp:term":[{"taxonomy":"product_brand","embeddable":true,"href":"https:\/\/www.editoralux.com.br\/loja\/wp-json\/wp\/v2\/product_brand?post=23151"},{"taxonomy":"product_cat","embeddable":true,"href":"https:\/\/www.editoralux.com.br\/loja\/wp-json\/wp\/v2\/product_cat?post=23151"},{"taxonomy":"product_tag","embeddable":true,"href":"https:\/\/www.editoralux.com.br\/loja\/wp-json\/wp\/v2\/product_tag?post=23151"}],"curies":[{"name":"wp","href":"https:\/\/api.w.org\/{rel}","templated":true}]}}