{"id":23170,"date":"2025-11-11T05:22:13","date_gmt":"2025-11-11T08:22:13","guid":{"rendered":"https:\/\/www.editoralux.com.br\/loja\/produto\/trem-fora-do-trilho-nao-e-vitimismo-e-otimismo\/"},"modified":"2025-11-11T05:22:13","modified_gmt":"2025-11-11T08:22:13","slug":"trem-fora-do-trilho-nao-e-vitimismo-e-otimismo","status":"publish","type":"product","link":"https:\/\/www.editoralux.com.br\/loja\/produto\/trem-fora-do-trilho-nao-e-vitimismo-e-otimismo\/","title":{"rendered":"Trem Fora Do Trilho: N\u00e3o \u00e9 Vitimismo, \u00e9 Otimismo"},"content":{"rendered":"","protected":false},"excerpt":{"rendered":"<p>Existem hist\u00f3rias que permanecem n\u00e3o contadas, pois causam dor. Outras, invis\u00edveis, pois s\u00e3o silenciosas. &#8220;Trem Fora do Trilho&#8221; \u00e9 o desabafo sincero de uma mulher que enfrentou julgamentos, foi mal interpretada e teve que recolher os peda\u00e7os de sua vida sozinha. Karina Silva, a autora, decidiu expressar o que muitos t\u00eam vergonha de admitir: que nem sempre erramos por mal, mas ainda assim, carregamos o peso.<\/p>\n<p>Este livro tamb\u00e9m aborda a ideia de que nem sempre somos os vil\u00f5es da hist\u00f3ria, mas ainda assim, nos tornamos alvos. Ele fala sobre a culpa sem inten\u00e7\u00e3o, sobre o amor que se transforma em dor e sobre o sil\u00eancio que grita quando ningu\u00e9m est\u00e1 ouvindo. \u00c9 uma obra que convida o leitor a olhar com mais empatia, a parar de apontar o dedo e a entender que cada um tem uma batalha que n\u00e3o \u00e9 exibida nas redes sociais.<\/p>\n<p>A leitura \u00e9 forte, verdadeira e cheia de sentimento. Apesar de todas as adversidades, o livro nos mostra que mesmo um trem fora do trilho ainda tem um destino. \u00c9 uma met\u00e1fora poderosa para a vida, onde, apesar dos desvios e obst\u00e1culos, ainda h\u00e1 um caminho a seguir.<\/p>\n","protected":false},"featured_media":23163,"template":"","meta":{"_monsterinsights_skip_tracking":false,"_monsterinsights_sitenote_active":false,"_monsterinsights_sitenote_note":"","_monsterinsights_sitenote_category":0},"product_brand":[],"product_cat":[74],"product_tag":[],"class_list":{"0":"post-23170","1":"product","2":"type-product","3":"status-publish","4":"has-post-thumbnail","6":"product_cat-uncategorized","7":"product_shipping_class-impresso","8":"pa_ano-992","9":"pa_autor-karina-da-silva-ferreira","10":"pa_editora-editora-lux","11":"pa_isbn-1318","12":"pa_quantidade-de-paginas-725","13":"pa_tipo-de-capa-brochura","15":"first","16":"instock","17":"purchasable","18":"product-type-simple"},"_links":{"self":[{"href":"https:\/\/www.editoralux.com.br\/loja\/wp-json\/wp\/v2\/product\/23170"}],"collection":[{"href":"https:\/\/www.editoralux.com.br\/loja\/wp-json\/wp\/v2\/product"}],"about":[{"href":"https:\/\/www.editoralux.com.br\/loja\/wp-json\/wp\/v2\/types\/product"}],"wp:featuredmedia":[{"embeddable":true,"href":"https:\/\/www.editoralux.com.br\/loja\/wp-json\/wp\/v2\/media\/23163"}],"wp:attachment":[{"href":"https:\/\/www.editoralux.com.br\/loja\/wp-json\/wp\/v2\/media?parent=23170"}],"wp:term":[{"taxonomy":"product_brand","embeddable":true,"href":"https:\/\/www.editoralux.com.br\/loja\/wp-json\/wp\/v2\/product_brand?post=23170"},{"taxonomy":"product_cat","embeddable":true,"href":"https:\/\/www.editoralux.com.br\/loja\/wp-json\/wp\/v2\/product_cat?post=23170"},{"taxonomy":"product_tag","embeddable":true,"href":"https:\/\/www.editoralux.com.br\/loja\/wp-json\/wp\/v2\/product_tag?post=23170"}],"curies":[{"name":"wp","href":"https:\/\/api.w.org\/{rel}","templated":true}]}}