{"id":23172,"date":"2025-11-11T05:22:13","date_gmt":"2025-11-11T08:22:13","guid":{"rendered":"https:\/\/www.editoralux.com.br\/loja\/produto\/direito-invisivel-desvendando-a-aposentadoria-pcd\/"},"modified":"2026-01-27T13:30:39","modified_gmt":"2026-01-27T16:30:39","slug":"direito-invisivel-desvendando-a-aposentadoria-pcd","status":"publish","type":"product","link":"https:\/\/www.editoralux.com.br\/loja\/produto\/direito-invisivel-desvendando-a-aposentadoria-pcd\/","title":{"rendered":"Direito Invis\u00edvel: Desvendando a Aposentadoria PCD"},"content":{"rendered":"","protected":false},"excerpt":{"rendered":"<p>Este livro transcende a natureza de um simples manual de leis, apresentando-se como um tratado pr\u00e1tico e humano sobre a garantia do direito fundamental da aposentadoria para pessoas com defici\u00eancia (PcD). O autor, com oito anos de dedica\u00e7\u00e3o a este nicho, descobriu que o universo de segurados eleg\u00edveis \u00e9 vasto e complexo. As estat\u00edsticas oficiais, que apontam para 18,6 milh\u00f5es de brasileiros com defici\u00eancia, representam apenas a ponta do iceberg.<\/p>\n<p>O verdadeiro contingente de benefici\u00e1rios \u00e9 composto por milh\u00f5es de indiv\u00edduos que vivem com defici\u00eancias invis\u00edveis. Estas incluem condi\u00e7\u00f5es cr\u00f4nicas que imp\u00f5em limita\u00e7\u00f5es, les\u00f5es adquiridas que reduzem a funcionalidade e impedimentos t\u00e3o normalizados que a pr\u00f3pria pessoa n\u00e3o se reconhece como PcD.<\/p>\n<p>A obra guia o leitor atrav\u00e9s da arquitetura do caso vencedor, desde a conex\u00e3o humana e a desconstru\u00e7\u00e3o de paradigmas at\u00e9 a estrat\u00e9gia probat\u00f3ria e o dom\u00ednio dos c\u00e1lculos previdenci\u00e1rios. Este livro \u00e9 mais do que um comp\u00eandio de leis. \u00c9 o manual que o autor ardentemente desejava ter no in\u00edcio de sua carreira.<\/p>\n<p>Este \u00e9 um recurso indispens\u00e1vel para que o leitor possa garantir justi\u00e7a e dignidade a milh\u00f5es de brasileiros. Agora, esses indiv\u00edduos podem finalmente conquistar seus direitos.<\/p>\n","protected":false},"featured_media":23167,"template":"","meta":{"_monsterinsights_skip_tracking":false,"_monsterinsights_sitenote_active":false,"_monsterinsights_sitenote_note":"","_monsterinsights_sitenote_category":0},"product_brand":[],"product_cat":[74],"product_tag":[],"class_list":{"0":"post-23172","1":"product","2":"type-product","3":"status-publish","4":"has-post-thumbnail","6":"product_cat-uncategorized","7":"product_shipping_class-impresso","8":"pa_ano-992","9":"pa_autor-fernando-vitorino","10":"pa_editora-editora-lux","11":"pa_isbn-1322","12":"pa_quantidade-de-paginas-725","13":"pa_tipo-de-capa-brochura","15":"first","16":"instock","17":"purchasable","18":"product-type-simple"},"_links":{"self":[{"href":"https:\/\/www.editoralux.com.br\/loja\/wp-json\/wp\/v2\/product\/23172"}],"collection":[{"href":"https:\/\/www.editoralux.com.br\/loja\/wp-json\/wp\/v2\/product"}],"about":[{"href":"https:\/\/www.editoralux.com.br\/loja\/wp-json\/wp\/v2\/types\/product"}],"wp:featuredmedia":[{"embeddable":true,"href":"https:\/\/www.editoralux.com.br\/loja\/wp-json\/wp\/v2\/media\/23167"}],"wp:attachment":[{"href":"https:\/\/www.editoralux.com.br\/loja\/wp-json\/wp\/v2\/media?parent=23172"}],"wp:term":[{"taxonomy":"product_brand","embeddable":true,"href":"https:\/\/www.editoralux.com.br\/loja\/wp-json\/wp\/v2\/product_brand?post=23172"},{"taxonomy":"product_cat","embeddable":true,"href":"https:\/\/www.editoralux.com.br\/loja\/wp-json\/wp\/v2\/product_cat?post=23172"},{"taxonomy":"product_tag","embeddable":true,"href":"https:\/\/www.editoralux.com.br\/loja\/wp-json\/wp\/v2\/product_tag?post=23172"}],"curies":[{"name":"wp","href":"https:\/\/api.w.org\/{rel}","templated":true}]}}