{"id":23212,"date":"2025-11-24T22:35:23","date_gmt":"2025-11-25T01:35:23","guid":{"rendered":"https:\/\/www.editoralux.com.br\/loja\/produto\/somos-parte-de-seu-sonho-historia-de-uma-familia\/"},"modified":"2026-02-28T08:27:05","modified_gmt":"2026-02-28T11:27:05","slug":"somos-parte-de-seu-sonho-historia-de-uma-familia","status":"publish","type":"product","link":"https:\/\/www.editoralux.com.br\/loja\/produto\/somos-parte-de-seu-sonho-historia-de-uma-familia\/","title":{"rendered":"Somos Parte de seu Sonho: Hist\u00f3ria De Uma Fam\u00edlia"},"content":{"rendered":"","protected":false},"excerpt":{"rendered":"<p>Este livro narra as viv\u00eancias de uma fam\u00edlia nordestina, que, assim como muitas outras, experimenta sua jornada de vida de maneira intensa. A narrativa \u00e9 repleta de dramas, tristezas, alegrias e conquistas que permeiam a vida dessas pessoas simples, por\u00e9m especiais.<\/p>\n<p>O convite \u00e9 estendido ao leitor para que tamb\u00e9m se torne parte desta hist\u00f3ria. Atrav\u00e9s das p\u00e1ginas, voc\u00ea ser\u00e1 transportado para o universo desses personagens, vivenciando suas emo\u00e7\u00f5es e compartilhando suas experi\u00eancias.<\/p>\n","protected":false},"featured_media":23187,"template":"","meta":{"_monsterinsights_skip_tracking":false,"_monsterinsights_sitenote_active":false,"_monsterinsights_sitenote_note":"","_monsterinsights_sitenote_category":0},"product_brand":[],"product_cat":[74],"product_tag":[],"class_list":{"0":"post-23212","1":"product","2":"type-product","3":"status-publish","4":"has-post-thumbnail","6":"product_cat-uncategorized","7":"product_shipping_class-impresso","8":"pa_ano-992","9":"pa_autor-maria-evonilde-chaves-figueiredo-assis","10":"pa_editora-editora-lux","11":"pa_isbn-1340","12":"pa_quantidade-de-paginas-1316","13":"pa_tipo-de-capa-brochura","15":"first","16":"instock","17":"purchasable","18":"product-type-simple"},"_links":{"self":[{"href":"https:\/\/www.editoralux.com.br\/loja\/wp-json\/wp\/v2\/product\/23212"}],"collection":[{"href":"https:\/\/www.editoralux.com.br\/loja\/wp-json\/wp\/v2\/product"}],"about":[{"href":"https:\/\/www.editoralux.com.br\/loja\/wp-json\/wp\/v2\/types\/product"}],"wp:featuredmedia":[{"embeddable":true,"href":"https:\/\/www.editoralux.com.br\/loja\/wp-json\/wp\/v2\/media\/23187"}],"wp:attachment":[{"href":"https:\/\/www.editoralux.com.br\/loja\/wp-json\/wp\/v2\/media?parent=23212"}],"wp:term":[{"taxonomy":"product_brand","embeddable":true,"href":"https:\/\/www.editoralux.com.br\/loja\/wp-json\/wp\/v2\/product_brand?post=23212"},{"taxonomy":"product_cat","embeddable":true,"href":"https:\/\/www.editoralux.com.br\/loja\/wp-json\/wp\/v2\/product_cat?post=23212"},{"taxonomy":"product_tag","embeddable":true,"href":"https:\/\/www.editoralux.com.br\/loja\/wp-json\/wp\/v2\/product_tag?post=23212"}],"curies":[{"name":"wp","href":"https:\/\/api.w.org\/{rel}","templated":true}]}}