{"id":23243,"date":"2025-12-03T07:33:59","date_gmt":"2025-12-03T10:33:59","guid":{"rendered":"https:\/\/www.editoralux.com.br\/loja\/produto\/associacoes-procedimentos-formais-e-democraticos\/"},"modified":"2025-12-03T07:34:00","modified_gmt":"2025-12-03T10:34:00","slug":"associacoes-procedimentos-formais-e-democraticos","status":"publish","type":"product","link":"https:\/\/www.editoralux.com.br\/loja\/produto\/associacoes-procedimentos-formais-e-democraticos\/","title":{"rendered":"Associa\u00e7\u00f5es: Procedimentos Formais e Democr\u00e1ticos"},"content":{"rendered":"","protected":false},"excerpt":{"rendered":"<p>Z\u00e9lio Ara\u00fajo, desde a juventude, mostrou-se engajado em movimentos pol\u00edticos de seu munic\u00edpio, mesmo antes de ter idade para votar. Seu envolvimento com a comunidade se estendia a parentes e amigos. Aos 18 anos, serviu \u00e0s For\u00e7as Armadas, especificamente ao Ex\u00e9rcito, como soldado no Pelot\u00e3o de Opera\u00e7\u00f5es Especiais (Pelopes). Este per\u00edodo de sua vida foi marcado por um forte senso de dever c\u00edvico, servindo \u00e0 p\u00e1tria como brasileiro e cidad\u00e3o.<\/p>\n<p>J\u00e1 na fase adulta, Z\u00e9lio trabalhou como oper\u00e1rio em uma multinacional. Durante esse tempo, participou ativamente da Comiss\u00e3o Interna de Preven\u00e7\u00e3o de Acidentes (Cipa) e tamb\u00e9m como membro da Comiss\u00e3o do C\u00edrculo de Qualidade (CCQ). Sua participa\u00e7\u00e3o nessas comiss\u00f5es demonstra seu compromisso com a seguran\u00e7a e a qualidade no ambiente de trabalho.<\/p>\n<p>Na segunda metade da d\u00e9cada de 1980, Z\u00e9lio participou do Movimento Sindical dos Qu\u00edmicos e Abrasivos da Regi\u00e3o, que inclu\u00eda as cidades de Campinas, Valinhos, Paul\u00ednia e Sumar\u00e9. Al\u00e9m disso, em meados dessa mesma d\u00e9cada, fundou e presidiu uma associa\u00e7\u00e3o de moradores de bairro. Sua lideran\u00e7a foi reconhecida em tr\u00eas mandatos distintos, que ocorreram na metade e no final da d\u00e9cada de 1980 e na metade dos anos de 1990. Z\u00e9lio tamb\u00e9m foi fundador e presidente do Conselho das Associa\u00e7\u00f5es de Bairro e Entidade Cong\u00eaneres de Sumar\u00e9\/SP (Consabs) na segunda metade da d\u00e9cada de 1990.<\/p>\n<p>Z\u00e9lio tamb\u00e9m teve uma carreira significativa no servi\u00e7o p\u00fablico, atuando por sete anos em v\u00e1rias posi\u00e7\u00f5es, incluindo administrador regional (subprefeitura), assessor t\u00e9cnico, diretor de auditoria e gerente de engenharia de projetos. Em 2015, ele retomou seu envolvimento com as associa\u00e7\u00f5es e, em 2024, com o Consabs.<\/p>\n<p>Al\u00e9m de sua carreira no servi\u00e7o p\u00fablico e ativismo comunit\u00e1rio, Z\u00e9lio tamb\u00e9m trabalhou como advogado por sete anos. Ele atuou na Defensoria P\u00fablica do Estado de S\u00e3o Paulo atrav\u00e9s do Conv\u00eanio OAB-Defensoria P\u00fablica. Al\u00e9m disso, serviu como conciliador\/mediador judicial da Comarca de Sumar\u00e9\/SP. Essa experi\u00eancia legal complementou seu compromisso com a comunidade e a justi\u00e7a social.<\/p>\n","protected":false},"featured_media":23236,"template":"","meta":{"_monsterinsights_skip_tracking":false,"_monsterinsights_sitenote_active":false,"_monsterinsights_sitenote_note":"","_monsterinsights_sitenote_category":0},"product_brand":[],"product_cat":[15],"product_tag":[],"class_list":{"0":"post-23243","1":"product","2":"type-product","3":"status-publish","4":"has-post-thumbnail","6":"product_cat-sem-categoria","7":"product_shipping_class-impresso","8":"pa_ano-992","9":"pa_autor-zelio-araujo","10":"pa_editora-editora-lux","11":"pa_isbn-1359","12":"pa_quantidade-de-paginas-833","13":"pa_tipo-de-capa-brochura","15":"first","16":"instock","17":"purchasable","18":"product-type-simple"},"_links":{"self":[{"href":"https:\/\/www.editoralux.com.br\/loja\/wp-json\/wp\/v2\/product\/23243"}],"collection":[{"href":"https:\/\/www.editoralux.com.br\/loja\/wp-json\/wp\/v2\/product"}],"about":[{"href":"https:\/\/www.editoralux.com.br\/loja\/wp-json\/wp\/v2\/types\/product"}],"wp:featuredmedia":[{"embeddable":true,"href":"https:\/\/www.editoralux.com.br\/loja\/wp-json\/wp\/v2\/media\/23236"}],"wp:attachment":[{"href":"https:\/\/www.editoralux.com.br\/loja\/wp-json\/wp\/v2\/media?parent=23243"}],"wp:term":[{"taxonomy":"product_brand","embeddable":true,"href":"https:\/\/www.editoralux.com.br\/loja\/wp-json\/wp\/v2\/product_brand?post=23243"},{"taxonomy":"product_cat","embeddable":true,"href":"https:\/\/www.editoralux.com.br\/loja\/wp-json\/wp\/v2\/product_cat?post=23243"},{"taxonomy":"product_tag","embeddable":true,"href":"https:\/\/www.editoralux.com.br\/loja\/wp-json\/wp\/v2\/product_tag?post=23243"}],"curies":[{"name":"wp","href":"https:\/\/api.w.org\/{rel}","templated":true}]}}