{"id":23304,"date":"2025-12-26T10:57:35","date_gmt":"2025-12-26T13:57:35","guid":{"rendered":"https:\/\/www.editoralux.com.br\/loja\/produto\/historias-de-vidas-passadas-vidas-passadas-ao-vivo-despertar-evoluir\/"},"modified":"2025-12-26T10:57:37","modified_gmt":"2025-12-26T13:57:37","slug":"historias-de-vidas-passadas-vidas-passadas-ao-vivo-despertar-evoluir","status":"publish","type":"product","link":"https:\/\/www.editoralux.com.br\/loja\/produto\/historias-de-vidas-passadas-vidas-passadas-ao-vivo-despertar-evoluir\/","title":{"rendered":"Hist\u00f3rias De vidas Passadas: Vidas Passadas Ao Vivo: Despertar \u2013 Evoluir"},"content":{"rendered":"","protected":false},"excerpt":{"rendered":"<p>Como reikiana, cromoterapeuta, psicoterapeuta e ap\u00f4metra, desenvolvi esta obra em colabora\u00e7\u00e3o com a equipe espiritual. O processo de cria\u00e7\u00e3o envolveu investiga\u00e7\u00f5es profundas do inconsciente, regress\u00f5es e canaliza\u00e7\u00f5es. <\/p>\n<p>O principal objetivo deste trabalho \u00e9 promover o despertar e a evolu\u00e7\u00e3o do ser como um todo. Para isso, busco proporcionar entendimentos e compreens\u00f5es, compartilhando joias de sabedoria repassadas pela espiritualidade de luz. A inten\u00e7\u00e3o \u00e9 penetrar e tocar o seu interior, conduzindo-o em uma viagem de autoconhecimento.<\/p>\n<p>Convido voc\u00ea a embarcar nesta jornada, onde s\u00e3o contadas diversas hist\u00f3rias existenciais de pessoas desta \u00e9poca e de suas vidas passadas. Cada uma dessas narrativas apresenta personagens variados, proporcionando uma rica tape\u00e7aria de experi\u00eancias e li\u00e7\u00f5es.<\/p>\n","protected":false},"featured_media":23286,"template":"","meta":{"_monsterinsights_skip_tracking":false,"_monsterinsights_sitenote_active":false,"_monsterinsights_sitenote_note":"","_monsterinsights_sitenote_category":0},"product_brand":[],"product_cat":[15],"product_tag":[],"class_list":{"0":"post-23304","1":"product","2":"type-product","3":"status-publish","4":"has-post-thumbnail","6":"product_cat-sem-categoria","7":"product_shipping_class-impresso","8":"pa_ano-992","9":"pa_autor-simone-l-schmitz","10":"pa_editora-editora-lux","11":"pa_isbn-1386","12":"pa_quantidade-de-paginas-658","13":"pa_tipo-de-capa-brochura","15":"first","16":"instock","17":"purchasable","18":"product-type-simple"},"_links":{"self":[{"href":"https:\/\/www.editoralux.com.br\/loja\/wp-json\/wp\/v2\/product\/23304"}],"collection":[{"href":"https:\/\/www.editoralux.com.br\/loja\/wp-json\/wp\/v2\/product"}],"about":[{"href":"https:\/\/www.editoralux.com.br\/loja\/wp-json\/wp\/v2\/types\/product"}],"wp:featuredmedia":[{"embeddable":true,"href":"https:\/\/www.editoralux.com.br\/loja\/wp-json\/wp\/v2\/media\/23286"}],"wp:attachment":[{"href":"https:\/\/www.editoralux.com.br\/loja\/wp-json\/wp\/v2\/media?parent=23304"}],"wp:term":[{"taxonomy":"product_brand","embeddable":true,"href":"https:\/\/www.editoralux.com.br\/loja\/wp-json\/wp\/v2\/product_brand?post=23304"},{"taxonomy":"product_cat","embeddable":true,"href":"https:\/\/www.editoralux.com.br\/loja\/wp-json\/wp\/v2\/product_cat?post=23304"},{"taxonomy":"product_tag","embeddable":true,"href":"https:\/\/www.editoralux.com.br\/loja\/wp-json\/wp\/v2\/product_tag?post=23304"}],"curies":[{"name":"wp","href":"https:\/\/api.w.org\/{rel}","templated":true}]}}