{"id":23306,"date":"2025-12-26T10:57:35","date_gmt":"2025-12-26T13:57:35","guid":{"rendered":"https:\/\/www.editoralux.com.br\/loja\/produto\/a-praticidade-dos-numeros-na-vida-diaria\/"},"modified":"2025-12-26T10:57:37","modified_gmt":"2025-12-26T13:57:37","slug":"a-praticidade-dos-numeros-na-vida-diaria","status":"publish","type":"product","link":"https:\/\/www.editoralux.com.br\/loja\/produto\/a-praticidade-dos-numeros-na-vida-diaria\/","title":{"rendered":"A Praticidade Dos N\u00fameros Na Vida Di\u00e1ria"},"content":{"rendered":"","protected":false},"excerpt":{"rendered":"<p>O livro come\u00e7a com a personifica\u00e7\u00e3o e as hist\u00f3rias dos n\u00fameros de 1 a 10, utilizando o m\u00e9todo Cuisenaire como facilitador. A abordagem l\u00fadica \u00e9 empregada para concretizar cada n\u00famero apresentado, com o objetivo de induzir a compreens\u00e3o das opera\u00e7\u00f5es fundamentais. Quando o texto chega \u00e0 dezena, o material dourado \u00e9 utilizado para demonstrar a localiza\u00e7\u00e3o e o posicionamento dos numerais.<\/p>\n<p>Em seguida, o livro introduz uma no\u00e7\u00e3o b\u00e1sica do sistema monet\u00e1rio atrav\u00e9s de trocas. Isso \u00e9 feito com o prop\u00f3sito de introduzir o uso do soroban, uma ferramenta que incentiva o racioc\u00ednio matem\u00e1tico. Al\u00e9m disso, o livro tamb\u00e9m ensina sobre o posicionamento num\u00e9rico na forma\u00e7\u00e3o de unidades e classes. As opera\u00e7\u00f5es fundamentais s\u00e3o retratadas de maneira concreta e objetiva, incentivando o aluno a construir sua pr\u00f3pria tabuada para um melhor entendimento do racioc\u00ednio matem\u00e1tico.<\/p>\n<p>Al\u00e9m disso, o livro oferece uma compreens\u00e3o do todo e em partes, das fra\u00e7\u00f5es ordin\u00e1rias e decimais, e tamb\u00e9m de n\u00fameros decimais, bem como suas opera\u00e7\u00f5es. De forma sucinta, o livro tamb\u00e9m apresenta a no\u00e7\u00e3o de potencia\u00e7\u00e3o, ligando-a \u00e0 opera\u00e7\u00e3o fundamental da multiplica\u00e7\u00e3o, assim como a radicia\u00e7\u00e3o \u00e0 opera\u00e7\u00e3o fundamental da divis\u00e3o.<\/p>\n<p>Outro t\u00f3pico abordado de maneira resumida \u00e9 a no\u00e7\u00e3o de geometria, express\u00f5es num\u00e9ricas, conjunto e suas opera\u00e7\u00f5es. A autora espera que esta pequena obra possa facilitar e minimizar a problem\u00e1tica da linguagem matem\u00e1tica.<\/p>\n","protected":false},"featured_media":23290,"template":"","meta":{"_monsterinsights_skip_tracking":false,"_monsterinsights_sitenote_active":false,"_monsterinsights_sitenote_note":"","_monsterinsights_sitenote_category":0},"product_brand":[],"product_cat":[15],"product_tag":[],"class_list":{"0":"post-23306","1":"product","2":"type-product","3":"status-publish","4":"has-post-thumbnail","6":"product_cat-sem-categoria","7":"product_shipping_class-impresso","8":"pa_ano-992","9":"pa_autor-leonidia-dos-santos-borges","10":"pa_editora-editora-lux","11":"pa_isbn-1388","12":"pa_quantidade-de-paginas-871","13":"pa_tipo-de-capa-brochura","15":"first","16":"instock","17":"purchasable","18":"product-type-simple"},"_links":{"self":[{"href":"https:\/\/www.editoralux.com.br\/loja\/wp-json\/wp\/v2\/product\/23306"}],"collection":[{"href":"https:\/\/www.editoralux.com.br\/loja\/wp-json\/wp\/v2\/product"}],"about":[{"href":"https:\/\/www.editoralux.com.br\/loja\/wp-json\/wp\/v2\/types\/product"}],"wp:featuredmedia":[{"embeddable":true,"href":"https:\/\/www.editoralux.com.br\/loja\/wp-json\/wp\/v2\/media\/23290"}],"wp:attachment":[{"href":"https:\/\/www.editoralux.com.br\/loja\/wp-json\/wp\/v2\/media?parent=23306"}],"wp:term":[{"taxonomy":"product_brand","embeddable":true,"href":"https:\/\/www.editoralux.com.br\/loja\/wp-json\/wp\/v2\/product_brand?post=23306"},{"taxonomy":"product_cat","embeddable":true,"href":"https:\/\/www.editoralux.com.br\/loja\/wp-json\/wp\/v2\/product_cat?post=23306"},{"taxonomy":"product_tag","embeddable":true,"href":"https:\/\/www.editoralux.com.br\/loja\/wp-json\/wp\/v2\/product_tag?post=23306"}],"curies":[{"name":"wp","href":"https:\/\/api.w.org\/{rel}","templated":true}]}}