{"id":23329,"date":"2025-12-28T08:35:52","date_gmt":"2025-12-28T11:35:52","guid":{"rendered":"https:\/\/www.editoralux.com.br\/loja\/produto\/soliloquios-em-transe-ii\/"},"modified":"2025-12-28T08:35:53","modified_gmt":"2025-12-28T11:35:53","slug":"soliloquios-em-transe-ii","status":"publish","type":"product","link":"https:\/\/www.editoralux.com.br\/loja\/produto\/soliloquios-em-transe-ii\/","title":{"rendered":"Solil\u00f3quios Em Transe II"},"content":{"rendered":"","protected":false},"excerpt":{"rendered":"<p>Solil\u00f3quios em Transe II \u00e9 o resultado de um processo de cria\u00e7\u00e3o intensivo e prolongado, que durou dois anos. Este per\u00edodo foi marcado por in\u00fameras noites em claro, que se estendiam at\u00e9 o amanhecer, momento em que as ideias come\u00e7avam a tomar forma e a surgir com o nascer do dia. O processo de escrita era como um mon\u00f3logo introspectivo, realizado \u00e0 luz de uma vela, com o sil\u00eancio das pedras do lado de fora servindo como um escudo para evitar distra\u00e7\u00f5es e manter o foco na contempla\u00e7\u00e3o do universo.<\/p>\n<p>O t\u00edtulo do livro \u00e9 bastante sugestivo e reflete a natureza da obra. \u00c9 um transe liter\u00e1rio que estabelece um di\u00e1logo profundo com o leitor, alcan\u00e7ando as profundezas de sua alma. Este di\u00e1logo \u00e9 intensificado pelo som dos atabaques que ecoam ao fundo, e pelas sombras que dan\u00e7am sobre os corpos adormecidos, criando uma atmosfera m\u00edstica e envolvente.<\/p>\n<p>A busca pelo sentido da vida \u00e9 o tema central da obra. Atrav\u00e9s de uma abordagem m\u00edstica, o livro convida o leitor a embarcar em uma jornada de autoconhecimento e reflex\u00e3o sobre a exist\u00eancia.<\/p>\n","protected":false},"featured_media":23321,"template":"","meta":{"_monsterinsights_skip_tracking":false,"_monsterinsights_sitenote_active":false,"_monsterinsights_sitenote_note":"","_monsterinsights_sitenote_category":0},"product_brand":[],"product_cat":[15],"product_tag":[],"class_list":{"0":"post-23329","1":"product","2":"type-product","3":"status-publish","4":"has-post-thumbnail","6":"product_cat-sem-categoria","7":"product_shipping_class-impresso","8":"pa_ano-992","9":"pa_autor-adik-magalnik","10":"pa_editora-editora-lux","11":"pa_isbn-1402","12":"pa_quantidade-de-paginas-871","13":"pa_tipo-de-capa-brochura","15":"first","16":"instock","17":"purchasable","18":"product-type-simple"},"_links":{"self":[{"href":"https:\/\/www.editoralux.com.br\/loja\/wp-json\/wp\/v2\/product\/23329"}],"collection":[{"href":"https:\/\/www.editoralux.com.br\/loja\/wp-json\/wp\/v2\/product"}],"about":[{"href":"https:\/\/www.editoralux.com.br\/loja\/wp-json\/wp\/v2\/types\/product"}],"wp:featuredmedia":[{"embeddable":true,"href":"https:\/\/www.editoralux.com.br\/loja\/wp-json\/wp\/v2\/media\/23321"}],"wp:attachment":[{"href":"https:\/\/www.editoralux.com.br\/loja\/wp-json\/wp\/v2\/media?parent=23329"}],"wp:term":[{"taxonomy":"product_brand","embeddable":true,"href":"https:\/\/www.editoralux.com.br\/loja\/wp-json\/wp\/v2\/product_brand?post=23329"},{"taxonomy":"product_cat","embeddable":true,"href":"https:\/\/www.editoralux.com.br\/loja\/wp-json\/wp\/v2\/product_cat?post=23329"},{"taxonomy":"product_tag","embeddable":true,"href":"https:\/\/www.editoralux.com.br\/loja\/wp-json\/wp\/v2\/product_tag?post=23329"}],"curies":[{"name":"wp","href":"https:\/\/api.w.org\/{rel}","templated":true}]}}