{"id":23332,"date":"2025-12-28T08:35:52","date_gmt":"2025-12-28T11:35:52","guid":{"rendered":"https:\/\/www.editoralux.com.br\/loja\/produto\/sonhos-e-realidades\/"},"modified":"2025-12-28T08:35:54","modified_gmt":"2025-12-28T11:35:54","slug":"sonhos-e-realidades","status":"publish","type":"product","link":"https:\/\/www.editoralux.com.br\/loja\/produto\/sonhos-e-realidades\/","title":{"rendered":"Sonhos e Realidades"},"content":{"rendered":"","protected":false},"excerpt":{"rendered":"<p>Este livro marca o in\u00edcio de uma s\u00e9rie de publica\u00e7\u00f5es que o autor almeja realizar. Com mais de 150 poesias em seu repert\u00f3rio, ele tem um vasto material que deseja compartilhar com o mundo.<\/p>\n<p>Al\u00e9m das poesias, o autor tamb\u00e9m possui mais de duzentas composi\u00e7\u00f5es musicais. Este acervo demonstra a versatilidade e a profundidade de seu talento, que vai al\u00e9m da escrita e se estende \u00e0 m\u00fasica.<\/p>\n<p>O sonho de realizar estas publica\u00e7\u00f5es \u00e9 um desejo ardente do autor. Ele espera, com f\u00e9 e determina\u00e7\u00e3o, que este sonho se torne realidade, se assim for a vontade de Deus.<\/p>\n","protected":false},"featured_media":23313,"template":"","meta":{"_monsterinsights_skip_tracking":false,"_monsterinsights_sitenote_active":false,"_monsterinsights_sitenote_note":"","_monsterinsights_sitenote_category":0},"product_brand":[],"product_cat":[15],"product_tag":[],"class_list":{"0":"post-23332","1":"product","2":"type-product","3":"status-publish","4":"has-post-thumbnail","6":"product_cat-sem-categoria","7":"product_shipping_class-impresso","8":"pa_ano-992","9":"pa_autor-olga-gomes-dos-santos","10":"pa_editora-editora-lux","11":"pa_isbn-1408","12":"pa_quantidade-de-paginas-1407","13":"pa_tipo-de-capa-brochura","15":"first","16":"instock","17":"purchasable","18":"product-type-simple"},"_links":{"self":[{"href":"https:\/\/www.editoralux.com.br\/loja\/wp-json\/wp\/v2\/product\/23332"}],"collection":[{"href":"https:\/\/www.editoralux.com.br\/loja\/wp-json\/wp\/v2\/product"}],"about":[{"href":"https:\/\/www.editoralux.com.br\/loja\/wp-json\/wp\/v2\/types\/product"}],"wp:featuredmedia":[{"embeddable":true,"href":"https:\/\/www.editoralux.com.br\/loja\/wp-json\/wp\/v2\/media\/23313"}],"wp:attachment":[{"href":"https:\/\/www.editoralux.com.br\/loja\/wp-json\/wp\/v2\/media?parent=23332"}],"wp:term":[{"taxonomy":"product_brand","embeddable":true,"href":"https:\/\/www.editoralux.com.br\/loja\/wp-json\/wp\/v2\/product_brand?post=23332"},{"taxonomy":"product_cat","embeddable":true,"href":"https:\/\/www.editoralux.com.br\/loja\/wp-json\/wp\/v2\/product_cat?post=23332"},{"taxonomy":"product_tag","embeddable":true,"href":"https:\/\/www.editoralux.com.br\/loja\/wp-json\/wp\/v2\/product_tag?post=23332"}],"curies":[{"name":"wp","href":"https:\/\/api.w.org\/{rel}","templated":true}]}}