{"id":23359,"date":"2026-01-08T23:21:50","date_gmt":"2026-01-09T02:21:50","guid":{"rendered":"https:\/\/www.editoralux.com.br\/loja\/produto\/cantando-com-o-abc\/"},"modified":"2026-01-08T23:21:51","modified_gmt":"2026-01-09T02:21:51","slug":"cantando-com-o-abc","status":"publish","type":"product","link":"https:\/\/www.editoralux.com.br\/loja\/produto\/cantando-com-o-abc\/","title":{"rendered":"Cantando Com o ABC"},"content":{"rendered":"","protected":false},"excerpt":{"rendered":"<p>A receita para a alfabetiza\u00e7\u00e3o come\u00e7a com uma crian\u00e7a de quatro anos ou mais, sentada em uma sala de aula. Na primeira semana, \u00e9 importante descobrir o que a crian\u00e7a j\u00e1 sabe, para ent\u00e3o come\u00e7ar a aliment\u00e1-la com musiquinhas que ensinem seu nome. Em seguida, apresente o alfabeto, e logo depois, as vogais.<\/p>\n<p>O pr\u00f3ximo passo \u00e9 abrir a boca da crian\u00e7a e fazer com que ela digira tudo com muito amor, paci\u00eancia e carinho. Se houver dificuldades para engolir, separe as palavras em peda\u00e7os bem pequenos. As crian\u00e7as podem at\u00e9 engolir letras, mas n\u00e3o se preocupe, nunca vi crian\u00e7as vomitando palavras.<\/p>\n<p>Ao final do ano, verifique se a crian\u00e7a conseguiu absorver pelo menos 70% do que foi ensinado. Se isso acontecer, considere a crian\u00e7a alfabetizada. Finalmente, enrole-a em um lindo papel de presente e a envie para a s\u00e9rie seguinte.<\/p>\n","protected":false},"featured_media":23356,"template":"","meta":{"_monsterinsights_skip_tracking":false,"_monsterinsights_sitenote_active":false,"_monsterinsights_sitenote_note":"","_monsterinsights_sitenote_category":0},"product_brand":[],"product_cat":[15],"product_tag":[],"class_list":{"0":"post-23359","1":"product","2":"type-product","3":"status-publish","4":"has-post-thumbnail","6":"product_cat-sem-categoria","7":"product_shipping_class-impresso","8":"pa_ano-1412","9":"pa_autor-vania-meireles-de-almeida-carvalho","10":"pa_editora-editora-lux","11":"pa_isbn-1411","12":"pa_quantidade-de-paginas-1410","13":"pa_tipo-de-capa-brochura","15":"first","16":"instock","17":"purchasable","18":"product-type-simple"},"_links":{"self":[{"href":"https:\/\/www.editoralux.com.br\/loja\/wp-json\/wp\/v2\/product\/23359"}],"collection":[{"href":"https:\/\/www.editoralux.com.br\/loja\/wp-json\/wp\/v2\/product"}],"about":[{"href":"https:\/\/www.editoralux.com.br\/loja\/wp-json\/wp\/v2\/types\/product"}],"wp:featuredmedia":[{"embeddable":true,"href":"https:\/\/www.editoralux.com.br\/loja\/wp-json\/wp\/v2\/media\/23356"}],"wp:attachment":[{"href":"https:\/\/www.editoralux.com.br\/loja\/wp-json\/wp\/v2\/media?parent=23359"}],"wp:term":[{"taxonomy":"product_brand","embeddable":true,"href":"https:\/\/www.editoralux.com.br\/loja\/wp-json\/wp\/v2\/product_brand?post=23359"},{"taxonomy":"product_cat","embeddable":true,"href":"https:\/\/www.editoralux.com.br\/loja\/wp-json\/wp\/v2\/product_cat?post=23359"},{"taxonomy":"product_tag","embeddable":true,"href":"https:\/\/www.editoralux.com.br\/loja\/wp-json\/wp\/v2\/product_tag?post=23359"}],"curies":[{"name":"wp","href":"https:\/\/api.w.org\/{rel}","templated":true}]}}