{"id":23360,"date":"2026-01-08T23:21:50","date_gmt":"2026-01-09T02:21:50","guid":{"rendered":"https:\/\/www.editoralux.com.br\/loja\/produto\/vou-ter-um-bom-dia\/"},"modified":"2026-01-14T08:48:26","modified_gmt":"2026-01-14T11:48:26","slug":"vou-ter-um-bom-dia","status":"publish","type":"product","link":"https:\/\/www.editoralux.com.br\/loja\/produto\/vou-ter-um-bom-dia\/","title":{"rendered":"Vou Ter Um Bom dia!"},"content":{"rendered":"","protected":false},"excerpt":{"rendered":"<p>Este livro apresenta-se como um devocional leve, proporcionando uma leitura r\u00e1pida e de f\u00e1cil compreens\u00e3o. O objetivo \u00e9 preparar o leitor para ter um bom dia, sempre com um sentimento de gratid\u00e3o a Deus e a disposi\u00e7\u00e3o para aprender com Ele.<\/p>\n<p>As palavras di\u00e1rias s\u00e3o estruturadas para um per\u00edodo de quarenta dias, promovendo mudan\u00e7as e estudo. Este per\u00edodo \u00e9 cuidadosamente planejado para permitir uma transforma\u00e7\u00e3o gradual e significativa na vida do leitor.<\/p>\n<p>No entanto, este livro vai al\u00e9m de ser apenas uma leitura. Ele se posiciona como um manual para dias melhores, um guia pr\u00e1tico para quem busca uma vida mais plena e gratificante.<\/p>\n","protected":false},"featured_media":23350,"template":"","meta":{"_monsterinsights_skip_tracking":false,"_monsterinsights_sitenote_active":false,"_monsterinsights_sitenote_note":"","_monsterinsights_sitenote_category":0},"product_brand":[],"product_cat":[15],"product_tag":[],"class_list":{"0":"post-23360","1":"product","2":"type-product","3":"status-publish","4":"has-post-thumbnail","6":"product_cat-sem-categoria","7":"product_shipping_class-impresso","8":"pa_ano-1412","9":"pa_autor-barbara-damaris-bueno-paiva","10":"pa_editora-editora-lux","11":"pa_isbn-1414","12":"pa_quantidade-de-paginas-1212","13":"pa_tipo-de-capa-brochura","15":"first","16":"instock","17":"purchasable","18":"product-type-simple"},"_links":{"self":[{"href":"https:\/\/www.editoralux.com.br\/loja\/wp-json\/wp\/v2\/product\/23360"}],"collection":[{"href":"https:\/\/www.editoralux.com.br\/loja\/wp-json\/wp\/v2\/product"}],"about":[{"href":"https:\/\/www.editoralux.com.br\/loja\/wp-json\/wp\/v2\/types\/product"}],"wp:featuredmedia":[{"embeddable":true,"href":"https:\/\/www.editoralux.com.br\/loja\/wp-json\/wp\/v2\/media\/23350"}],"wp:attachment":[{"href":"https:\/\/www.editoralux.com.br\/loja\/wp-json\/wp\/v2\/media?parent=23360"}],"wp:term":[{"taxonomy":"product_brand","embeddable":true,"href":"https:\/\/www.editoralux.com.br\/loja\/wp-json\/wp\/v2\/product_brand?post=23360"},{"taxonomy":"product_cat","embeddable":true,"href":"https:\/\/www.editoralux.com.br\/loja\/wp-json\/wp\/v2\/product_cat?post=23360"},{"taxonomy":"product_tag","embeddable":true,"href":"https:\/\/www.editoralux.com.br\/loja\/wp-json\/wp\/v2\/product_tag?post=23360"}],"curies":[{"name":"wp","href":"https:\/\/api.w.org\/{rel}","templated":true}]}}