{"id":23361,"date":"2026-01-08T23:21:50","date_gmt":"2026-01-09T02:21:50","guid":{"rendered":"https:\/\/www.editoralux.com.br\/loja\/produto\/as-argolas-da-minha-vida-a-seguranca-comeca-com-a-escolha-de-ver-o-que-ninguem-mais-ve\/"},"modified":"2026-02-20T16:29:11","modified_gmt":"2026-02-20T19:29:11","slug":"as-argolas-da-minha-vida-a-seguranca-comeca-com-a-escolha-de-ver-o-que-ninguem-mais-ve","status":"publish","type":"product","link":"https:\/\/www.editoralux.com.br\/loja\/produto\/as-argolas-da-minha-vida-a-seguranca-comeca-com-a-escolha-de-ver-o-que-ninguem-mais-ve\/","title":{"rendered":"As Argolas Da Minha Vida: A Seguran\u00e7a Come\u00e7a Com a Escolha De Ver o Que Ningu\u00e9m Mais V\u00ea"},"content":{"rendered":"","protected":false},"excerpt":{"rendered":"<p>Esta obra \u00e9 fruto de um impacto profundo: o choque de ver a vida por um fio e perceber que, muitas vezes, s\u00f3 nos despertamos para a seguran\u00e7a quando algu\u00e9m quase a perde. O autor, Denis R\u00eago, com mais de trinta anos de experi\u00eancia na ind\u00fastria, compartilha sua jornada marcada por aprendizados, dores e uma convic\u00e7\u00e3o: o encontro com a seguran\u00e7a n\u00e3o precisa vir por experi\u00eancias traum\u00e1ticas.<\/p>\n<p>Denis construiu, do ch\u00e3o de f\u00e1brica \u00e0 lideran\u00e7a de planta, uma vis\u00e3o em que seguran\u00e7a \u00e9, acima de tudo, um ato de amor. Um amor pelas pessoas, pelas fam\u00edlias que esperam em casa e pelo legado que cada l\u00edder pode deixar. Com hist\u00f3rias reais e reflex\u00f5es sinceras, ele mostra que quase acidentes s\u00e3o presentes alertas que nos convidam a agir com coragem e responsabilidade antes que o irrepar\u00e1vel aconte\u00e7a.<\/p>\n<p>Este livro \u00e9 um chamado \u00e0 consci\u00eancia, \u00e0 empatia e \u00e0 a\u00e7\u00e3o. \u00c9 um convite para transformar a cultura de seguran\u00e7a em um valor vivido, sentido e compartilhado. \u00c9 destinado a l\u00edderes que desejam cuidar, inspirar e proteger com prop\u00f3sito e cora\u00e7\u00e3o.<\/p>\n","protected":false},"featured_media":23346,"template":"","meta":{"_monsterinsights_skip_tracking":false,"_monsterinsights_sitenote_active":false,"_monsterinsights_sitenote_note":"","_monsterinsights_sitenote_category":0},"product_brand":[],"product_cat":[15],"product_tag":[],"class_list":{"0":"post-23361","1":"product","2":"type-product","3":"status-publish","4":"has-post-thumbnail","6":"product_cat-sem-categoria","7":"product_shipping_class-impresso","8":"pa_ano-1412","9":"pa_autor-denis-vianna-de-moraes-rego","10":"pa_editora-editora-lux","11":"pa_isbn-1416","12":"pa_quantidade-de-paginas-664","13":"pa_tipo-de-capa-brochura","15":"first","16":"instock","17":"purchasable","18":"product-type-simple"},"_links":{"self":[{"href":"https:\/\/www.editoralux.com.br\/loja\/wp-json\/wp\/v2\/product\/23361"}],"collection":[{"href":"https:\/\/www.editoralux.com.br\/loja\/wp-json\/wp\/v2\/product"}],"about":[{"href":"https:\/\/www.editoralux.com.br\/loja\/wp-json\/wp\/v2\/types\/product"}],"wp:featuredmedia":[{"embeddable":true,"href":"https:\/\/www.editoralux.com.br\/loja\/wp-json\/wp\/v2\/media\/23346"}],"wp:attachment":[{"href":"https:\/\/www.editoralux.com.br\/loja\/wp-json\/wp\/v2\/media?parent=23361"}],"wp:term":[{"taxonomy":"product_brand","embeddable":true,"href":"https:\/\/www.editoralux.com.br\/loja\/wp-json\/wp\/v2\/product_brand?post=23361"},{"taxonomy":"product_cat","embeddable":true,"href":"https:\/\/www.editoralux.com.br\/loja\/wp-json\/wp\/v2\/product_cat?post=23361"},{"taxonomy":"product_tag","embeddable":true,"href":"https:\/\/www.editoralux.com.br\/loja\/wp-json\/wp\/v2\/product_tag?post=23361"}],"curies":[{"name":"wp","href":"https:\/\/api.w.org\/{rel}","templated":true}]}}